{"id":7113,"date":"2024-06-30T16:36:47","date_gmt":"2024-06-30T18:36:47","guid":{"rendered":"https:\/\/apotekar-online.rs\/?post_type=product&#038;p=7113"},"modified":"2026-03-05T07:50:06","modified_gmt":"2026-03-05T09:50:06","slug":"multilac-baby-prasak-10-kesica","status":"publish","type":"product","link":"https:\/\/apotekar-online.rs\/ro\/p\/multilac-baby-prasak-10-kesica\/","title":{"rendered":"Multilac pudr\u0103 pentru copii 10 pungi"},"content":{"rendered":"","protected":false},"excerpt":{"rendered":"<div id=\"popis-ca-box-0\" class=\"ca-box content-fs-bigger wysiwyg\" aria-hidden=\"true\">\n<div class=\"wysiwyg\">\n<h5><\/h5>\n<p>Multilac baby sadr\u017ei devet probiotskih sojeva i prebiotik koji doprinose zdravlju creva beba i dece. Kod dece koja su ro\u0111ena carskim rezom dokazan je nedostatak probiotika u crevima. Multilac baby je sinbiotik \u0161to zna\u010di da je njegovo dejstvo pobolj\u0161ano sa devet vrsta \u017eivih probiotika i prebiotikom koje sadr\u017ei. Oni deluju na crevnu floru, obnavljaju je kada je o\u0161te\u0107ena dejstvom antibiotika, podi\u017eu imunitet u periodu mogu\u0107ih infekcija.<\/p>\n<h5>Dozaj \u0219i mod de administrare<\/h5>\n<p>Bebe od \u010detvrtog meseca jedna kesica dnevno rastvorena u malo vode ili mleka (maj\u010dino ili adaptirana formula). Deca od dve godine starosti mogu korititi bez rastvaranja, direktno u usta.<\/p>\n<h5>Compozi\u0163ie<\/h5>\n<p>U jednoj kapsuli se nalazi 4,5 milijardi bakterija i 63 mg oligofruktoze.<\/p>\n<\/div>\n<\/div>","protected":false},"featured_media":7114,"template":"","meta":[],"product_brand":[],"product_cat":[107,340],"product_tag":[2896,337,1592,2895],"class_list":{"0":"post-7113","1":"product","2":"type-product","3":"status-publish","4":"has-post-thumbnail","6":"product_cat-probiotici-za-decu","7":"product_cat-deciji-program","8":"product_tag-prasak","9":"product_tag-probiotik","10":"product_tag-probiotik-za-decu","11":"product_tag-sinbiotik","12":"pa_brend-pharmaswiss","14":"first","15":"instock","16":"shipping-taxable","17":"purchasable","18":"product-type-simple"},"ams_default_variation_id":0,"ams_product_points_reward":[],"ams_product_discount_percentage":0,"ams_price_to_display":940,"ams_acf":[],"jetpack_sharing_enabled":true,"_links":{"self":[{"href":"https:\/\/apotekar-online.rs\/ro\/wp-json\/wp\/v2\/product\/7113","targetHints":{"allow":["GET"]}}],"collection":[{"href":"https:\/\/apotekar-online.rs\/ro\/wp-json\/wp\/v2\/product"}],"about":[{"href":"https:\/\/apotekar-online.rs\/ro\/wp-json\/wp\/v2\/types\/product"}],"wp:featuredmedia":[{"embeddable":true,"href":"https:\/\/apotekar-online.rs\/ro\/wp-json\/wp\/v2\/media\/7114"}],"wp:attachment":[{"href":"https:\/\/apotekar-online.rs\/ro\/wp-json\/wp\/v2\/media?parent=7113"}],"wp:term":[{"taxonomy":"product_brand","embeddable":true,"href":"https:\/\/apotekar-online.rs\/ro\/wp-json\/wp\/v2\/product_brand?post=7113"},{"taxonomy":"product_cat","embeddable":true,"href":"https:\/\/apotekar-online.rs\/ro\/wp-json\/wp\/v2\/product_cat?post=7113"},{"taxonomy":"product_tag","embeddable":true,"href":"https:\/\/apotekar-online.rs\/ro\/wp-json\/wp\/v2\/product_tag?post=7113"}],"curies":[{"name":"wp","href":"https:\/\/api.w.org\/{rel}","templated":true}]}}