{"id":715,"date":"2022-07-12T09:40:05","date_gmt":"2022-07-12T09:40:05","guid":{"rendered":"https:\/\/apotekar-online.rs\/product\/pharmas-probalans-lady-14-vaginaleta\/"},"modified":"2026-03-05T08:30:08","modified_gmt":"2026-03-05T10:30:08","slug":"pharmas-probalans-lady-14-vaginaleta","status":"publish","type":"product","link":"https:\/\/apotekar-online.rs\/ro\/p\/pharmas-probalans-lady-14-vaginaleta\/","title":{"rendered":"PharmaS PROBalance Lady 14 vaginalette"},"content":{"rendered":"","protected":false},"excerpt":{"rendered":"<p>Ingredientele PROBalance Lady ajuta la acidificarea mediului vaginal prin reducerea valorii pH-ului la 4-4,5, si lupta impotriva atacului si dezvoltarii microorganismelor patogene, imbunatatind astfel sanatatea si elasticitatea peretilor vaginali.<\/p>\n<p><strong>Dozaj \u0219i mod de administrare<\/strong><br \/>\nUn comprimat seara \u00eenainte de culcare timp de 14 zile. \u00cencepe\u021bi tratamentul cu o s\u0103pt\u0103m\u00e2n\u0103 \u00eenainte de ciclul menstrual a\u0219teptat sau imediat dup\u0103 acesta.<br \/>\nNu aplica\u021bi PharmaS PROBalance Lady mai mult de 20 de zile f\u0103r\u0103 a consulta un medic ginecolog.<\/p>\n<p>&nbsp;<\/p>\n<p><strong>Not\u0103:<\/strong>\u00a0Ne str\u0103duim s\u0103 fim c\u00e2t mai precisi \u00een descrierea tuturor produselor, dar nu putem garanta c\u0103 toate descrierile sunt complete \u0219i f\u0103r\u0103 erori. Multumesc pentru intelegere.<br \/>\nToate articolele afi\u0219ate pe site fac parte din oferta noastr\u0103, dar nu \u00eenseamn\u0103 c\u0103 sunt disponibile \u00een orice moment.<\/p>","protected":false},"featured_media":716,"template":"","meta":[],"product_brand":[],"product_cat":[88,81],"product_tag":[],"class_list":{"0":"post-715","1":"product","2":"type-product","3":"status-publish","4":"has-post-thumbnail","6":"product_cat-intimna-nega","7":"product_cat-probiotici-i-enzimi","8":"pa_brend-pharmas","10":"first","11":"instock","12":"product-type-simple"},"ams_default_variation_id":0,"ams_product_points_reward":[],"ams_product_discount_percentage":0,"ams_price_to_display":0,"ams_acf":[],"jetpack_sharing_enabled":true,"_links":{"self":[{"href":"https:\/\/apotekar-online.rs\/ro\/wp-json\/wp\/v2\/product\/715","targetHints":{"allow":["GET"]}}],"collection":[{"href":"https:\/\/apotekar-online.rs\/ro\/wp-json\/wp\/v2\/product"}],"about":[{"href":"https:\/\/apotekar-online.rs\/ro\/wp-json\/wp\/v2\/types\/product"}],"wp:featuredmedia":[{"embeddable":true,"href":"https:\/\/apotekar-online.rs\/ro\/wp-json\/wp\/v2\/media\/716"}],"wp:attachment":[{"href":"https:\/\/apotekar-online.rs\/ro\/wp-json\/wp\/v2\/media?parent=715"}],"wp:term":[{"taxonomy":"product_brand","embeddable":true,"href":"https:\/\/apotekar-online.rs\/ro\/wp-json\/wp\/v2\/product_brand?post=715"},{"taxonomy":"product_cat","embeddable":true,"href":"https:\/\/apotekar-online.rs\/ro\/wp-json\/wp\/v2\/product_cat?post=715"},{"taxonomy":"product_tag","embeddable":true,"href":"https:\/\/apotekar-online.rs\/ro\/wp-json\/wp\/v2\/product_tag?post=715"}],"curies":[{"name":"wp","href":"https:\/\/api.w.org\/{rel}","templated":true}]}}