{"id":7287,"date":"2024-08-31T08:36:05","date_gmt":"2024-08-31T10:36:05","guid":{"rendered":"https:\/\/apotekar-online.rs\/?post_type=product&#038;p=7287"},"modified":"2026-03-05T07:50:03","modified_gmt":"2026-03-05T09:50:03","slug":"lomexin-vaginalna-kapsula-meka","status":"publish","type":"product","link":"https:\/\/apotekar-online.rs\/ro\/p\/lomexin-vaginalna-kapsula-meka\/","title":{"rendered":"Lomexin\u00ae vaginalna kapsula, meka"},"content":{"rendered":"","protected":false},"excerpt":{"rendered":"<p><strong>V\u00e2nzarea acestui medicament prin internet este interzis\u0103 de legea Republicii Serbia, \u00een timp ce publicitatea acestuia prin internet este permis\u0103 exclusiv<\/strong>\u00a0<strong>ca reamintire si are scopul de a informa.<\/strong><\/p>\n<p class=\"py-3\"><b>UPUTSTVO ZA LEK<\/b><\/p>\n<p class=\"py-3\"><b>Lomexin<\/b><\/p>\n<h3 class=\"text-2xl py-5 pt-8\">6.0 mg, vaginalna kapsula, meka<\/h3>\n<p class=\"py-3\"><b>INN: fentikonazol<\/b><\/p>\n<p class=\"py-3\"><b>Citi\u021bi cu aten\u021bie aceste instruc\u021biuni \u00eenainte de a \u00eencepe s\u0103 utiliza\u021bi acest medicament, deoarece con\u021bine informa\u021bii care sunt importante pentru dumneavoastr\u0103.<\/b><\/p>\n<p class=\"py-3\">Salva\u021bi instruc\u021biunile. Este posibil s\u0103 fie nevoie s\u0103-l citi\u021bi din nou.<\/p>\n<p class=\"py-3\">Dac\u0103 ave\u021bi orice \u00eentreb\u0103ri suplimentare, adresa\u021bi-v\u0103 medicului dumneavoastr\u0103 sau farmacistului.<\/p>\n<p class=\"py-3\">Ovaj lek propisan je samo Vama i ne smete ga davati drugima. Mo\u017ee da im \u0161kodi, \u010dak i kada imaju iste znake bolesti kao i Vi.<\/p>\n<p class=\"py-3\">Dac\u0103 prezenta\u021bi orice reac\u021bii adverse, adresa\u021bi-v\u0103 medicului dumneavoastr\u0103 sau farmacistului. Aceasta include orice reac\u021bii adverse care nu sunt enumerate \u00een acest ghid. Vezi sec\u021biunea 4.<\/p>\n<p class=\"py-3\"><b>ovom uputstvu pro\u010dita\u0107ete:<\/b><\/p>\n<p class=\"py-3\">\u0160ta je lek Lomexin i \u010demu je namenjen<\/p>\n<p class=\"py-3\">\u0160ta treba da znate pre nego \u0161to primenite lek Lomexin<\/p>\n<p class=\"py-3\">Kako se primenjuje lek Lomexin<\/p>\n<p class=\"py-3\">Reac\u021bii adverse posibile<\/p>\n<p class=\"py-3\">Kako \u010duvati lek Lomexin<\/p>\n<p class=\"py-3\">Con\u021binutul pachetului \u0219i alte informa\u021bii<\/p>\n<h3 class=\"text-2xl py-5 pt-8\">1. \u0160ta je lek Lomexin i \u010demu je namenjen<\/h3>\n<p class=\"py-3\">Lek Lomexin je antimikotik lek protiv gljivica \u0161irokog spektra dejstva, derivat imidazola. Sadr\u017ei kao aktivnu supstancu fentikonazol-nitrat koji zaustavlja rast i razmno\u017eavanje \u0107elija gljivica.<\/p>\n<p class=\"py-3\">Lomexin je lek za le\u010denje vulvovaginalne kandidijaze, infekcije vagine i ko\u017ee u predelu oko vagine koju prouzrokuju gljvice kao \u0161to je<\/p>\n<p class=\"py-3\">Candida albicans.<\/p>\n<p class=\"py-3\">Koristi se za le\u010denje odraslih osoba..<\/p>\n<p class=\"py-3\">Lek je namenjen samo za vaginalnu primenu.<\/p>\n<h3 class=\"text-2xl py-5 pt-8\">2. \u0160ta treba da znate pre nego \u0161to primenite lek Lomexin<\/h3>\n<p class=\"py-3\"><b>Lek Lomexin ne smete primeniti:<\/b><\/p>\n<p class=\"py-3\">ako ste alergi\u010dni preosetljivi na fentikonazol-nitrat, sli\u010dne supstance ili na bilo koju od pomo\u0107nih supstanci ovog leka navedene u odeljku \u0160<\/p>\n<p class=\"py-3\">ta sadr\u017ei lek Lomexin<\/p>\n<p class=\"py-3\">Lek Lomexin 600 mg sadr\u017ei sojin lecitin. Ukoliko ste alergi\u010dni na kikiriki ili soju nemojte primenjivati ovaj lek.<\/p>\n<p class=\"py-3\"><b>Avertismente \u0219i precau\u021bii<\/b><\/p>\n<p class=\"py-3\">Razgovarajte sa svojim lekarom ili farmaceutom pre nego \u0161to primenite lek Lomexin u slede\u0107im slu\u010dajevima:<\/p>\n<p class=\"py-3\">ako ste trudni ili dojite vidite odeljak<\/p>\n<p class=\"py-3\">Sarcina, al\u0103ptarea \u0219i fertilitatea<\/p>\n<p class=\"py-3\">ako lek Lomexin primenjujete sa mehani\u010dkim barijernim kontraceptivnim sredstvima od lateksa<\/p>\n<p class=\"py-3\">vidite odeljak<\/p>\n<p class=\"py-3\">Drugi lekovi i Lomexin<\/p>\n<p class=\"py-3\">Dok ste na terapiji lekom Lomexin, treba da koristite druga<\/p>\n<p class=\"py-3\">kontraceptivna za\u0161titna sredstva<\/p>\n<p class=\"py-3\">ako se javi iritacija ili preosetljivost na lek- ako ne do\u0111e do ubla\u017eavanja simptoma u roku od nedelju dana, simptomi se poja\u010daju ili se ponovo jave- ako je i Va\u0161 partner oboleo- ako ste imali vi\u0161e od 2 infekcije u toku poslednjih 6 meseci- ako ste prethodno imali seksualno prenosivu bolest ili odnos sa parterom obolelim od seksualno<\/p>\n<p class=\"py-3\">prenosive bolesti<\/p>\n<p class=\"py-3\">ako ste preosetljivi na derivate imidazola ili druge vaginalne antimikotike- ako ste stariji od 60 godina- ako vam se javi neki od navedenih siptoma:<\/p>\n<p class=\"py-3\">neuobi\u010dajeno ili neregularno vaginalno krvarenje<\/p>\n<p class=\"py-3\">sukrvica u vaginalnom sekretu<\/p>\n<p class=\"py-3\">vulvalni ili vaginalni sor, \u010direvi ili plikovi<\/p>\n<p class=\"py-3\">bol u donjem delu stomaka ili ote\u017eano mokrenje<\/p>\n<p class=\"py-3\">ako se u toku terapije javi bilo kakvo ne\u017eeljeno dejstvo, npr. crvenilo, svrab ili osip.<\/p>\n<p class=\"py-3\"><b>Copii si adolescenti<\/b><\/p>\n<p class=\"py-3\">Lek Lomexin se ne preporu\u010duje za primenu kod dece i adolescenata mla\u0111ih od 16 godina.<\/p>\n<p class=\"py-3\"><b>Drugi lekovi i Lomexin<\/b><\/p>\n<p class=\"py-3\">Obavestite Va\u0161eg lekara ili farmaceuta ako uzimate, do nedavno ste uzimali ili \u0107ete mo\u017eda uzimati bilo kojedruge lekove.<\/p>\n<p class=\"py-3\">Masti i ulja u sastavu vaginale kapsule mogu da o\u0161tete kontraceptivna sredstva od lateksa, npr. kondome i dijafragme videti odeljak<\/p>\n<p class=\"py-3\">Avertismente \u0219i precau\u021bii<\/p>\n<p class=\"py-3\">stoga je potrebno koristiti druga za\u0161titna<\/p>\n<p class=\"py-3\">kontraceptivna sredstva.<\/p>\n<p class=\"py-3\"><b>Sarcina, al\u0103ptarea \u0219i fertilitatea<\/b><\/p>\n<p class=\"py-3\">Ukoliko ste trudni ili dojite, mislite da ste trudni ili planirate trudno\u0107u, obratite se Va\u0161em lekaru ili farmaceutu za savet pre nego \u0161to uzmete ovaj lek.Za vreme trudno\u0107e i dojenja lek Lomexin mo\u017eete primenjivati isklju\u010divo pod nadzorom lekara.<\/p>\n<p class=\"py-3\"><b>Conducerea vehiculelor \u0219i operarea ma\u0219inilor<\/b><\/p>\n<p class=\"py-3\">Lek nema uticaj na psihofizi\u010dke sposobnosti prilikom upravljanja vozilom i rukovanja ma\u0161inama.<\/p>\n<p class=\"py-3\"><b>Lek Lomexin sadr\u017ei natrijum-etilparahidroksibenzoat, natrijum-propilparahidroksibenzoat i sojin lecitin.<\/b><\/p>\n<p class=\"py-3\">Lek Lomexin sadr\u017ei natrijum-etilparahidroksibenzoat i natrijum-propilparahidroksibenzoat koji mogu izazvati alergijsku reakciju trenutno ili odlo\u017eeno.Lek Lomexin sadr\u017ei sojin lecitin, u slu\u010daju alergije na kikirikijevo ili sojino ulje ne koristite ovaj lek.<\/p>\n<h3 class=\"text-2xl py-5 pt-8\">3. Kako se uzima lek Lomexin<\/h3>\n<p class=\"py-3\">Uvek primenjujte ovaj lek ta\u010dno onako kako Vam je to objasnio Va\u0161 lekar ili farmaceut. Ukoliko niste sigurni proverite sa Va\u0161im lekarom ili farmaceutom.<\/p>\n<p class=\"py-3\">Lek je namenjen za vaginalnu primenu.<\/p>\n<p class=\"py-3\">Odrasli:Jedna vaginalna kapsula 600 mg uve\u010de pre spavanja. Kapsulu stavite duboko intravaginalno, sve do vaginalnog svoda, uve\u010de pred spavanje.<\/p>\n<p class=\"py-3\">Deca:Ne preporu\u010duje se primena leka Lomexin kod dece.<\/p>\n<p class=\"py-3\">Ukoliko ne do\u0111e do pobolj\u0161anja ili se stanje pogor\u0161a, obratite se svom lekaru.<\/p>\n<p class=\"py-3\"><b>Ako ste primenili vi\u0161e leka Lomexin nego \u0161to treba<\/b><\/p>\n<p class=\"py-3\">Ako ste slu\u010dajno pojeli ili progutali vaginalnu kapsulu, potr\u017eite savet Va\u0161eg lekara ili idite u najbli\u017eu bolnicu.<\/p>\n<p class=\"py-3\"><b>Ako ste zaboravili da uzmete lek Lomexin<\/b><\/p>\n<p class=\"py-3\">Primenite lek prvom slede\u0107om prilikom.Nemojte primenjivati duplu dozu, kako biste nadoknadili propu\u0161tenu dozu.<\/p>\n<p class=\"py-3\"><b>Ako naglo prestanete da uzimate lek Lomexin<\/b><\/p>\n<p class=\"py-3\">Ako imate dodatna pitanja vezana za upotrebu ovog leka, pitajte Va\u0161eg lekara ili farmaceuta<\/p>\n<h3 class=\"text-2xl py-5 pt-8\">4. Reac\u021bii adverse posibile<\/h3>\n<p class=\"py-3\">Kao i svi lekovi, ovaj lek mo\u017ee da prouzrokuje ne\u017eeljena dejstva, iako ona ne moraju da se jave kod svih pacijenata koji primenjuju ovaj lek.<\/p>\n<p class=\"py-3\">Nakon vaginalne primene kapsule mo\u017ee se javiti ose\u0107aj peckanja koji spontano, brzo prolazi. Pri pravilnoj primeni leka Lomexin vrlo se slabo resorbuje i sistemska ne\u017eeljena dejstva se ne o\u010dekuju.Produ\u017eena lokalna primena mo\u017ee dovesti do preosetljivosti vidite odeljak<\/p>\n<p class=\"py-3\">Avertismente \u0219i precau\u021bii<\/p>\n<p class=\"py-3\">Slede\u0107a ne\u017eeljena dejstva su zabele\u017eena prilikom primene leka Lomexin:<\/p>\n<p class=\"py-3\">Veoma retka ne\u017eeljena dejstva mogu da se jave kod najvi\u0161e 1 na 10000 pacijenata koji uzimaju lek:ose\u0107aj peckanja u vulvi i vagini, crvenilo, svrab, osip.<\/p>\n<p class=\"py-3\">Raportarea reac\u021biilor adverse<\/p>\n<p class=\"py-3\">Ukoliko Vam se ispolji bilo koja ne\u017eeljena reakcija, potrebno je da o tome obavestite lekara ili farmaceuta. Ovo uklju\u010duje i svaku mogu\u0107u ne\u017eeljenu reakciju koja nije navedena u ovom uputstvu. Prijavljivanjem ne\u017eeljenih reakcija mo\u017eete da pomognete u proceni bezbednosti ovog leka. Sumnju na ne\u017eeljene reakcije mo\u017eete da prijavite Agenciji za lekove i medicinska sredstva Srbije ALIMS:<\/p>\n<p class=\"py-3\">Agencija za lekove i medicinska sredstva SrbijeNacionalni centar za farmakovigilancuVojvode Stepe 458, 11221 BeogradRepublika Srbijawebsite: www.alims.gov.rse-mail:<\/p>\n<p class=\"py-3\">nezeljene.reakcije@alims.gov.rs<\/p>\n<h3 class=\"text-2xl py-5 pt-8\">5. Kako \u010duvati lek Lomexin<\/h3>\n<p class=\"py-3\">Nu l\u0103sa\u021bi medicamentul la \u00eendem\u00e2na \u0219i vederea copiilor.<\/p>\n<p class=\"py-3\">Ne smete koristiti lek Lomexin nakon isteka roka upotrebe nazna\u010denog na spolja\u0161njem i unutra\u0161njem pakovanju \u201cVa\u017ei do:\u201d. Rok upotrebe isti\u010de poslednjeg dana navedenog meseca.<\/p>\n<p class=\"py-3\">\u010cuvati na temperaturi do 30\u00b0C u originalnom pakovanju.<\/p>\n<p class=\"py-3\">Medicamentele inutilizabile sunt predate farmaciei, care are un anun\u021b c\u0103 farmacia colecteaz\u0103 de la cet\u0103\u021beni medicamentele inutilizabile. Medicamentele inutilizabile nu trebuie aruncate \u00een canalizare sau \u00eempreun\u0103 cu de\u0219eurile municipale. Aceste m\u0103suri vor ajuta la protejarea mediului.<\/p>\n<h3 class=\"text-2xl py-5 pt-8\">6. Con\u021binutul pachetului \u0219i alte informa\u021bii<\/h3>\n<p class=\"py-3\"><b>\u0160ta sadr\u017ei lek Lomexin<\/b><\/p>\n<p class=\"py-3\">Jedna vaginalna kapsula sadr\u017ei:aktivnu supstancu:<\/p>\n<p class=\"py-3\">fentikonazol- nitrat 600 mg<\/p>\n<p class=\"py-3\">Pomo\u0107ne supstance:<\/p>\n<p class=\"py-3\">Punjenje kapsule:<\/p>\n<p class=\"py-3\">parafin, te\u010dni, laki; parafin, beli, meki; sojin lecitin<\/p>\n<p class=\"py-3\">Omota\u010d kapsule:<\/p>\n<p class=\"py-3\">\u017eelatin; glicerol; titan-dioksid; natrijum-etilparahidroksibenzoat E215; natrijum-<\/p>\n<p class=\"py-3\">propilparahidroksibenzoat E217<\/p>\n<p class=\"py-3\"><b>Kako izgleda lek Lomexin i sadr\u017eaj pakovanja<\/b><\/p>\n<p class=\"py-3\">Ovalna, meka \u017eelatinska kapsula boje slonova\u010de 20 oval, sadr\u017eaj kapsule: uljasta suspenzija bele boje .Unutra\u0161nje pakovanje je blister od aluminijumske folije i PVC\/PVDC filma u kome se nalazi 1 vaginalnakapsula, meka.Spoljnje pakovanje je slo\u017eiva kartonska kutija u kojoj se nalazi jedan blister sa jednom vaginalnom kapsulom mekom i Uputstvo za lek.<\/p>\n<p class=\"py-3\"><b>De\u021bin\u0103torul licen\u021bei \u0219i produc\u0103torul<\/b><\/p>\n<p class=\"py-3\">Nosilac dozvole:BONIFAR D.O.O.NOVI BEOGRADBulevar Zorana \u0110in\u0111i\u0107a 87\/1,Beograd<\/p>\n<p class=\"py-3\">Proizvo\u0111a\u010d:CATALENT ITALY S.P.A. Via Nettunense Km 20, 100; Aprilia LT, Italija<\/p>\n<p class=\"py-3\"><b>Aceast\u0103 instruc\u021biune a fost aprobat\u0103 ultima dat\u0103<\/b><\/p>\n<p class=\"py-3\">Septembar, 2018.<\/p>\n<p class=\"py-3\"><b>Mod de administrare a medicamentului:<\/b><\/p>\n<p class=\"py-3\">Lek se izdaje uz lekarski recept.<\/p>\n<p class=\"py-3\"><b>Num\u0103rul \u0219i data licen\u021bei:<\/b><\/p>\n<p class=\"py-3\">515-01-04219-17-001 od 05.09.2018.<\/p>","protected":false},"featured_media":7288,"template":"","meta":[],"product_brand":[],"product_cat":[88,85],"product_tag":[2417,2946,2943,2942,2945,2944],"class_list":{"0":"post-7287","1":"product","2":"type-product","3":"status-publish","4":"has-post-thumbnail","6":"product_cat-intimna-nega","7":"product_cat-zdravlje-zena","8":"product_tag-antimikotik","9":"product_tag-candida-albicans","10":"product_tag-fentikonazol-nitrat","11":"product_tag-gljivica-sirokog-spektra","12":"product_tag-infekcije-vagine","13":"product_tag-vulvovaginalne-kandidijaze","14":"pa_brend-bonifar-d-o-o","16":"first","17":"instock","18":"shipping-taxable","19":"product-type-simple"},"ams_default_variation_id":0,"ams_product_points_reward":[],"ams_product_discount_percentage":0,"ams_price_to_display":0,"ams_acf":[],"jetpack_sharing_enabled":true,"_links":{"self":[{"href":"https:\/\/apotekar-online.rs\/ro\/wp-json\/wp\/v2\/product\/7287","targetHints":{"allow":["GET"]}}],"collection":[{"href":"https:\/\/apotekar-online.rs\/ro\/wp-json\/wp\/v2\/product"}],"about":[{"href":"https:\/\/apotekar-online.rs\/ro\/wp-json\/wp\/v2\/types\/product"}],"wp:featuredmedia":[{"embeddable":true,"href":"https:\/\/apotekar-online.rs\/ro\/wp-json\/wp\/v2\/media\/7288"}],"wp:attachment":[{"href":"https:\/\/apotekar-online.rs\/ro\/wp-json\/wp\/v2\/media?parent=7287"}],"wp:term":[{"taxonomy":"product_brand","embeddable":true,"href":"https:\/\/apotekar-online.rs\/ro\/wp-json\/wp\/v2\/product_brand?post=7287"},{"taxonomy":"product_cat","embeddable":true,"href":"https:\/\/apotekar-online.rs\/ro\/wp-json\/wp\/v2\/product_cat?post=7287"},{"taxonomy":"product_tag","embeddable":true,"href":"https:\/\/apotekar-online.rs\/ro\/wp-json\/wp\/v2\/product_tag?post=7287"}],"curies":[{"name":"wp","href":"https:\/\/api.w.org\/{rel}","templated":true}]}}