{"id":7359,"date":"2024-10-10T10:13:39","date_gmt":"2024-10-10T12:13:39","guid":{"rendered":"https:\/\/apotekar-online.rs\/?post_type=product&#038;p=7359"},"modified":"2026-03-05T07:50:01","modified_gmt":"2026-03-05T09:50:01","slug":"livsane-magnezijumvitamin-b660-komada","status":"publish","type":"product","link":"https:\/\/apotekar-online.rs\/ro\/p\/livsane-magnezijumvitamin-b660-komada\/","title":{"rendered":"Livsane Magnezijum+Vitamin B6,60 komada"},"content":{"rendered":"","protected":false},"excerpt":{"rendered":"<p>Magnezijum i vitamin B6 imaju zna\u010dajne uloge u sintezi i metabolizmu proteina. Doprinose normalnom energetskom metabolizmu, smanjenju umora i iscrpljenosti, odr\u017eanju pravilnog rada mi\u0161i\u0107a, zdravih kostiju i zuba, kao i normalnom funkcionisanju nervnog sistema. Livsane\u00a0Magnezijum + Vitamin B6\u00a0se preporu\u010duje\u00a0sportistima, osobama pod pove\u0107anim\u00a0fizi\u010dkim i psihi\u010dkim naporom, odraslim osobama koje redovnom ishranom ne unose dovoljne koli\u010dine mikronutrijenata, kao i osobama koje pate od migrena.\u00a0Proizvod nije namenjen deci, a trudnice i dojilje bi trebalo da konsultuju lekara pre njegove primene.\u00a0Proizvod ne sadr\u017ei laktozu, a u pakovanju se nalazi 60 komada.<\/p>\n<h5><strong>Dozaj \u0219i mod de administrare<\/strong><\/h5>\n<p>Lua\u021bi un comprimat pe zi cu un pahar cu ap\u0103.<\/p>\n<h5><strong>Compozi\u0163ie<\/strong><\/h5>\n<p>Aktivne komponente: magnezijum (magnezijum oksid i magnezijum-bisglicinat), vitamin B6 (piridoksin-hidrohlorid).<\/p>","protected":false},"featured_media":7360,"template":"","meta":[],"product_brand":[],"product_cat":[78],"product_tag":[1342,2972,2971,322,232],"class_list":{"0":"post-7359","1":"product","2":"type-product","3":"status-publish","4":"has-post-thumbnail","6":"product_cat-vitamini-i-minerali","7":"product_tag-grcevi-u-misicima","8":"product_tag-magnezijum-bisglicinat","9":"product_tag-magnezijum-oksid","10":"product_tag-nervni-sistem","11":"product_tag-vitamin-b6","12":"pa_brend-livsane","14":"first","15":"instock","16":"shipping-taxable","17":"purchasable","18":"product-type-simple"},"ams_default_variation_id":0,"ams_product_points_reward":[],"ams_product_discount_percentage":0,"ams_price_to_display":502.8,"ams_acf":[],"jetpack_sharing_enabled":true,"_links":{"self":[{"href":"https:\/\/apotekar-online.rs\/ro\/wp-json\/wp\/v2\/product\/7359","targetHints":{"allow":["GET"]}}],"collection":[{"href":"https:\/\/apotekar-online.rs\/ro\/wp-json\/wp\/v2\/product"}],"about":[{"href":"https:\/\/apotekar-online.rs\/ro\/wp-json\/wp\/v2\/types\/product"}],"wp:featuredmedia":[{"embeddable":true,"href":"https:\/\/apotekar-online.rs\/ro\/wp-json\/wp\/v2\/media\/7360"}],"wp:attachment":[{"href":"https:\/\/apotekar-online.rs\/ro\/wp-json\/wp\/v2\/media?parent=7359"}],"wp:term":[{"taxonomy":"product_brand","embeddable":true,"href":"https:\/\/apotekar-online.rs\/ro\/wp-json\/wp\/v2\/product_brand?post=7359"},{"taxonomy":"product_cat","embeddable":true,"href":"https:\/\/apotekar-online.rs\/ro\/wp-json\/wp\/v2\/product_cat?post=7359"},{"taxonomy":"product_tag","embeddable":true,"href":"https:\/\/apotekar-online.rs\/ro\/wp-json\/wp\/v2\/product_tag?post=7359"}],"curies":[{"name":"wp","href":"https:\/\/api.w.org\/{rel}","templated":true}]}}