{"id":7374,"date":"2024-10-14T11:40:13","date_gmt":"2024-10-14T13:40:13","guid":{"rendered":"https:\/\/apotekar-online.rs\/?post_type=product&#038;p=7374"},"modified":"2026-03-05T07:50:01","modified_gmt":"2026-03-05T09:50:01","slug":"rapidex-strong-6x1000104mg","status":"publish","type":"product","link":"https:\/\/apotekar-online.rs\/ro\/p\/rapidex-strong-6x1000104mg\/","title":{"rendered":"Rapidex Strong 6x(1000+10+4)mg"},"content":{"rendered":"","protected":false},"excerpt":{"rendered":"<p><b>Distribu\u021bia acestui medicament pe Internet este strict interzis\u0103 \u0219i reglementat\u0103 de legile Republicii Serbia, \u00een timp ce prezentarea lui pe Internet este permis\u0103, exclusiv \u00een scopul inform\u0103rii publicului larg \u0219i profesional cu privire la scopul s\u0103u \u0219i o mai bun\u0103 familiarizare cu caracteristicile de baz\u0103 ale medicamentului \u00een sine.<\/b><\/p>\n<p>Lek Rapidex je kombinacija paracetamola (analgetik koji smanjuje bol i visoku telesnu temperaturu),<br \/>\nhlorfenamina (antihistaminik koji smanjuje curenje iz nosa) i fenilefrina (koji smanjuje zapu\u0161enost nosa).<br \/>\nOvaj lek se koristi za uklanjanje simptoma prehlade i gripa, pra\u0107enih blagim do umerenim bolom, visokom<br \/>\ntelesnom temperaturom, zapu\u0161enim nosom i curenjem iz nosa kod odraslih i adolescenata starijih od 12 godina.<\/p>","protected":false},"featured_media":7375,"template":"","meta":[],"product_brand":[],"product_cat":[151],"product_tag":[2191,538,181],"class_list":{"0":"post-7374","1":"product","2":"type-product","3":"status-publish","4":"has-post-thumbnail","6":"product_cat-prehlada-i-kasalj","7":"product_tag-curenje-nosa","8":"product_tag-grip","9":"product_tag-prehlada","10":"pa_brend-pharmaswiss","12":"first","13":"instock","14":"shipping-taxable","15":"product-type-simple"},"ams_default_variation_id":0,"ams_product_points_reward":[],"ams_product_discount_percentage":0,"ams_price_to_display":0,"ams_acf":[],"jetpack_sharing_enabled":true,"_links":{"self":[{"href":"https:\/\/apotekar-online.rs\/ro\/wp-json\/wp\/v2\/product\/7374","targetHints":{"allow":["GET"]}}],"collection":[{"href":"https:\/\/apotekar-online.rs\/ro\/wp-json\/wp\/v2\/product"}],"about":[{"href":"https:\/\/apotekar-online.rs\/ro\/wp-json\/wp\/v2\/types\/product"}],"wp:featuredmedia":[{"embeddable":true,"href":"https:\/\/apotekar-online.rs\/ro\/wp-json\/wp\/v2\/media\/7375"}],"wp:attachment":[{"href":"https:\/\/apotekar-online.rs\/ro\/wp-json\/wp\/v2\/media?parent=7374"}],"wp:term":[{"taxonomy":"product_brand","embeddable":true,"href":"https:\/\/apotekar-online.rs\/ro\/wp-json\/wp\/v2\/product_brand?post=7374"},{"taxonomy":"product_cat","embeddable":true,"href":"https:\/\/apotekar-online.rs\/ro\/wp-json\/wp\/v2\/product_cat?post=7374"},{"taxonomy":"product_tag","embeddable":true,"href":"https:\/\/apotekar-online.rs\/ro\/wp-json\/wp\/v2\/product_tag?post=7374"}],"curies":[{"name":"wp","href":"https:\/\/api.w.org\/{rel}","templated":true}]}}