{"id":7406,"date":"2024-10-24T07:18:08","date_gmt":"2024-10-24T09:18:08","guid":{"rendered":"https:\/\/apotekar-online.rs\/?post_type=product&#038;p=7406"},"modified":"2026-03-05T07:48:13","modified_gmt":"2026-03-05T09:48:13","slug":"vir-sprej-za-negu-drveta-350ml","status":"publish","type":"product","link":"https:\/\/apotekar-online.rs\/ro\/p\/vir-sprej-za-negu-drveta-350ml\/","title":{"rendered":"Vir sprej za negu drveta 350ml"},"content":{"rendered":"","protected":false},"excerpt":{"rendered":"<p>\u010cisti bez problema sve\u00a0vrste obra\u0111ene drvene povr\u0161ine \u2013 pultove, podove, drvena vrata,<br \/>\nprozorske daske i sl. Ima antistati\u010dki efekat koji \u0161titi povr\u0161ine od\u00a0brzog nagomilavanja pra\u0161ine.<\/p>\n<p>Novi VIR EXPERTE M\u00f6bel Sauber &amp; M\u00fchelos efikasno \u010disti bez\u00a0tragova od zama\u0161\u0107ivanja \u010dak i vertikalne povr\u0161ine i manje dostupna mesta.<\/p>\n<p>Zahvaljuju\u0107i VIR EXPERTE M\u00f6bel Sauber &amp; M\u00fchelos-a name\u0161taj dobija\u00a0sjajnu \u010disto\u0107u i dugotrajan sve\u017e miris cve\u0107a.<\/p>","protected":false},"featured_media":7407,"template":"","meta":[],"product_brand":[],"product_cat":[982,1461,2790],"product_tag":[1000,987,2975],"class_list":{"0":"post-7406","1":"product","2":"type-product","3":"status-publish","4":"has-post-thumbnail","6":"product_cat-kucna-hemija","7":"product_cat-odrzavanje-podova-i-namestaja","8":"product_cat-sredstva-za-ciscenje","9":"product_tag-ciscenje","10":"product_tag-kucna-hemija","11":"product_tag-nega-za-namestaj","12":"pa_brend-vir","14":"first","15":"instock","16":"shipping-taxable","17":"purchasable","18":"product-type-simple"},"ams_default_variation_id":0,"ams_product_points_reward":[],"ams_product_discount_percentage":0,"ams_price_to_display":280,"ams_acf":[],"jetpack_sharing_enabled":true,"_links":{"self":[{"href":"https:\/\/apotekar-online.rs\/ro\/wp-json\/wp\/v2\/product\/7406","targetHints":{"allow":["GET"]}}],"collection":[{"href":"https:\/\/apotekar-online.rs\/ro\/wp-json\/wp\/v2\/product"}],"about":[{"href":"https:\/\/apotekar-online.rs\/ro\/wp-json\/wp\/v2\/types\/product"}],"wp:featuredmedia":[{"embeddable":true,"href":"https:\/\/apotekar-online.rs\/ro\/wp-json\/wp\/v2\/media\/7407"}],"wp:attachment":[{"href":"https:\/\/apotekar-online.rs\/ro\/wp-json\/wp\/v2\/media?parent=7406"}],"wp:term":[{"taxonomy":"product_brand","embeddable":true,"href":"https:\/\/apotekar-online.rs\/ro\/wp-json\/wp\/v2\/product_brand?post=7406"},{"taxonomy":"product_cat","embeddable":true,"href":"https:\/\/apotekar-online.rs\/ro\/wp-json\/wp\/v2\/product_cat?post=7406"},{"taxonomy":"product_tag","embeddable":true,"href":"https:\/\/apotekar-online.rs\/ro\/wp-json\/wp\/v2\/product_tag?post=7406"}],"curies":[{"name":"wp","href":"https:\/\/api.w.org\/{rel}","templated":true}]}}