{"id":7467,"date":"2024-11-21T08:09:48","date_gmt":"2024-11-21T10:09:48","guid":{"rendered":"https:\/\/apotekar-online.rs\/?post_type=product&#038;p=7467"},"modified":"2026-03-31T00:00:09","modified_gmt":"2026-03-31T02:00:09","slug":"centrum-immunity-zova-30-mekih-gel-kapsula","status":"publish","type":"product","link":"https:\/\/apotekar-online.rs\/ro\/p\/centrum-immunity-zova-30-mekih-gel-kapsula\/","title":{"rendered":"Centrum Immunity Zova, 30 mekih gel kapsula"},"content":{"rendered":"","protected":false},"excerpt":{"rendered":"<p>Dodatak ishrani\u00a0sa zovom sadr\u017ei vitamin C, vitamin D i cink koji doprinose normalnom radu imunog sistema. Sadr\u017ei ekstrakt ploda zove, kao i\u00a0selen koji doprinosi za\u0161titi \u0107elija od oksidativnog stresa.<\/p>\n<div class=\"flex max-w-full flex-col flex-grow\">\n<div class=\"min-h-8 text-message flex w-full flex-col items-end gap-2 whitespace-normal break-words [.text-message+&amp;]:mt-5\" dir=\"auto\" data-message-author-role=\"assistant\" data-message-id=\"dc87c0c9-c371-468f-a2e8-81480e3ded38\" data-message-model-slug=\"gpt-4o\">\n<div class=\"flex w-full flex-col gap-1 empty:hidden first:pt-[3px]\">\n<div class=\"markdown prose w-full break-words dark:prose-invert light\">\n<h5>1. <strong>Vitamin C<\/strong><\/h5>\n<p>Vitamin C je sna\u017ean antioksidans koji poma\u017ee u za\u0161titi \u0107elija od o\u0161te\u0107enja uzrokovanih slobodnim radikalima. Tako\u0111e, klju\u010dan je za normalan rad imunog sistema, jer podr\u017eava funkciju belih krvnih zrnaca i ja\u010da odbrambeni mehanizam organizma protiv infekcija. Osim toga, u\u010destvuje u sintezi kolagena, \u0161to je va\u017eno za zdravlje ko\u017ee, krvnih sudova i vezivnog tkiva.<\/p>\n<h5>2. <strong>Vitamin D<\/strong><\/h5>\n<p>Vitamin D igra klju\u010dnu ulogu u regulisanju nivoa kalcijuma i fosfora u krvi, \u0161to ga \u010dini esencijalnim za zdravlje kostiju i zuba. Tako\u0111e, ima va\u017enu ulogu u funkcionisanju imunog sistema, poma\u017eu\u0107i organizmu da se bolje odbrani od virusnih i bakterijskih infekcija. Nedostatak vitamina D mo\u017ee dovesti do oslabljenog imunog odgovora.<\/p>\n<h5>3. <strong>Cink<\/strong><\/h5>\n<p>Cink je mineral koji je od vitalnog zna\u010daja za preko 300 enzimskih procesa u telu. Doprinosi ja\u010danju imunolo\u0161ke funkcije, ubrzava zaceljivanje rana i poma\u017ee u odr\u017eavanju zdravlja ko\u017ee. Tako\u0111e, cink je klju\u010dan za sintezu DNK i rast \u0107elija, \u0161to ga \u010dini va\u017enim za regeneraciju organizma i oporavak.<\/p>\n<h5>4. <strong>Ekstrakt ploda zove<\/strong><\/h5>\n<p>Zova je poznata po svojim antioksidativnim svojstvima i koristi se tradicionalno za ja\u010danje imuniteta. Ekstrakt ploda zove bogat je bioaktivnim jedinjenjima kao \u0161to su flavonoidi i antocijanini, koji poma\u017eu u borbi protiv slobodnih radikala. Tako\u0111e, podr\u017eava zdravlje disajnih puteva i poma\u017ee u smanjenju simptoma prehlade i gripa.<\/p>\n<h5>5. <strong>Selen<\/strong><\/h5>\n<p>Selen je sna\u017ean antioksidans koji \u0161titi \u0107elije od oksidativnog stresa, \u0161to je va\u017eno za o\u010duvanje njihovog zdravlja i funkcionalnosti. Tako\u0111e, selen doprinosi normalnom radu \u0161titaste \u017elezde i podr\u017eava imunolo\u0161ki sistem u borbi protiv infekcija. Njegova uloga u za\u0161titi \u0107elija od o\u0161te\u0107enja \u010dini ga klju\u010dnim za dugoro\u010dno zdravlje organizma.<\/p>\n<p>Ovaj dodatak ishrani kombinuje ove komponente kako bi podr\u017eao zdrav imuni sistem, za\u0161titio \u0107elije od oksidativnog stresa i doprineo boljem oporavku i otpornosti organizma.<\/p>\n<\/div>\n<\/div>\n<\/div>\n<\/div>\n<h5>Doziranje i na\u010din upotrebe :<\/h5>\n<p>Uzeti 2 kapsule dnevno. Preparat je namenjen odraslima.<\/p>\n<h5>Sastav :<\/h5>\n<p>L-askorbinska kiselina; \u017eelatin (gove\u0111i); u\u010dvr\u0161\u0107iva\u010d: E422; zgu\u0161njiva\u010d: E901; suvi ekstrakt ploda zove (Sambucus nigra);DL-alfa-tokoferol-acetat; emulgator: E322; antioksidans: E307; L-selenometionin; cink-oksid; retinil-palmitat; holekalciferol; boja: E172.<\/p>\n","protected":false},"featured_media":7468,"template":"","meta":[],"product_brand":[3215],"product_cat":[77,3054,151],"product_tag":[1118,3000,179,181,642,182],"class_list":{"0":"post-7467","1":"product","2":"type-product","3":"status-publish","4":"has-post-thumbnail","6":"product_brand-centrum","7":"product_cat-imunitet","8":"product_cat-akcija","9":"product_cat-prehlada-i-kasalj","10":"product_tag-antivirusno","11":"product_tag-centrum","12":"product_tag-imunitet","13":"product_tag-prehlada","14":"product_tag-prehlada-i-grip","15":"product_tag-zova","16":"pa_brend-centrum","18":"first","19":"instock","20":"shipping-taxable","21":"purchasable","22":"product-type-simple"},"ams_default_variation_id":0,"ams_product_points_reward":[],"ams_product_discount_percentage":0,"ams_price_to_display":1699,"ams_acf":[],"jetpack_sharing_enabled":true,"_links":{"self":[{"href":"https:\/\/apotekar-online.rs\/ro\/wp-json\/wp\/v2\/product\/7467","targetHints":{"allow":["GET"]}}],"collection":[{"href":"https:\/\/apotekar-online.rs\/ro\/wp-json\/wp\/v2\/product"}],"about":[{"href":"https:\/\/apotekar-online.rs\/ro\/wp-json\/wp\/v2\/types\/product"}],"wp:featuredmedia":[{"embeddable":true,"href":"https:\/\/apotekar-online.rs\/ro\/wp-json\/wp\/v2\/media\/7468"}],"wp:attachment":[{"href":"https:\/\/apotekar-online.rs\/ro\/wp-json\/wp\/v2\/media?parent=7467"}],"wp:term":[{"taxonomy":"product_brand","embeddable":true,"href":"https:\/\/apotekar-online.rs\/ro\/wp-json\/wp\/v2\/product_brand?post=7467"},{"taxonomy":"product_cat","embeddable":true,"href":"https:\/\/apotekar-online.rs\/ro\/wp-json\/wp\/v2\/product_cat?post=7467"},{"taxonomy":"product_tag","embeddable":true,"href":"https:\/\/apotekar-online.rs\/ro\/wp-json\/wp\/v2\/product_tag?post=7467"}],"curies":[{"name":"wp","href":"https:\/\/api.w.org\/{rel}","templated":true}]}}