{"id":7497,"date":"2024-11-27T08:15:38","date_gmt":"2024-11-27T10:15:38","guid":{"rendered":"https:\/\/apotekar-online.rs\/?post_type=product&#038;p=7497"},"modified":"2026-03-05T08:26:29","modified_gmt":"2026-03-05T10:26:29","slug":"puzzle-puder-30gr","status":"publish","type":"product","link":"https:\/\/apotekar-online.rs\/ro\/p\/puzzle-puder-30gr\/","title":{"rendered":"Puzzle puder 30gr"},"content":{"rendered":"","protected":false},"excerpt":{"rendered":"<p><strong>Opera\u021biune:<\/strong><br \/>\nJedinstvena receptura ovog pudera, sadr\u017ei aktivne komponente namenjene nezi problemati\u010dne ko\u017ee. Efikasno otklanja postoje\u0107e i spre\u010dava nastanak novih akni i bubuljica.<\/p>\n<p><strong>Mod de aplicare:<\/strong><br \/>\nNanosi se na detaljno o\u010di\u0161\u0107enu ko\u017eu u tankom ravnomernom sloju.<\/p>\n<p><strong>Sastojci(INCI):<\/strong><br \/>\n<em>Talc, Sulfur(2%), Triclosan(0.2%),<\/em><\/p>\n<p><strong>Ambalare:<\/strong>\u00a030g<\/p>","protected":false},"featured_media":7498,"template":"","meta":[],"product_brand":[],"product_cat":[80,178],"product_tag":[940,1365,449,3008,2635],"class_list":{"0":"post-7497","1":"product","2":"type-product","3":"status-publish","4":"has-post-thumbnail","6":"product_cat-koza-kosa-i-nokti","7":"product_cat-nega-lica","8":"product_tag-akne","9":"product_tag-bubuljice","10":"product_tag-puder","11":"product_tag-puzzle","12":"product_tag-smanjuje-akne-i-upale","13":"pa_brend-nevena","15":"first","16":"instock","17":"shipping-taxable","18":"purchasable","19":"product-type-simple"},"ams_default_variation_id":0,"ams_product_points_reward":[],"ams_product_discount_percentage":0,"ams_price_to_display":222,"ams_acf":[],"jetpack_sharing_enabled":true,"_links":{"self":[{"href":"https:\/\/apotekar-online.rs\/ro\/wp-json\/wp\/v2\/product\/7497","targetHints":{"allow":["GET"]}}],"collection":[{"href":"https:\/\/apotekar-online.rs\/ro\/wp-json\/wp\/v2\/product"}],"about":[{"href":"https:\/\/apotekar-online.rs\/ro\/wp-json\/wp\/v2\/types\/product"}],"wp:featuredmedia":[{"embeddable":true,"href":"https:\/\/apotekar-online.rs\/ro\/wp-json\/wp\/v2\/media\/7498"}],"wp:attachment":[{"href":"https:\/\/apotekar-online.rs\/ro\/wp-json\/wp\/v2\/media?parent=7497"}],"wp:term":[{"taxonomy":"product_brand","embeddable":true,"href":"https:\/\/apotekar-online.rs\/ro\/wp-json\/wp\/v2\/product_brand?post=7497"},{"taxonomy":"product_cat","embeddable":true,"href":"https:\/\/apotekar-online.rs\/ro\/wp-json\/wp\/v2\/product_cat?post=7497"},{"taxonomy":"product_tag","embeddable":true,"href":"https:\/\/apotekar-online.rs\/ro\/wp-json\/wp\/v2\/product_tag?post=7497"}],"curies":[{"name":"wp","href":"https:\/\/api.w.org\/{rel}","templated":true}]}}