{"id":7507,"date":"2024-11-29T09:12:57","date_gmt":"2024-11-29T11:12:57","guid":{"rendered":"https:\/\/apotekar-online.rs\/?post_type=product&#038;p=7507"},"modified":"2026-03-05T08:26:29","modified_gmt":"2026-03-05T10:26:29","slug":"panthenol-30g-oriblete-a20","status":"publish","type":"product","link":"https:\/\/apotekar-online.rs\/ro\/p\/panthenol-30g-oriblete-a20\/","title":{"rendered":"Panthenol 30g oriblete a20"},"content":{"rendered":"","protected":false},"excerpt":{"rendered":"<p><b>Panthenol 30mg oriblete\u00a0<\/b>su dodatak ishrani na bazi pantotenske kiseline prijatnog ukusa. Pantotenska kiselina doprinosi odr\u017eavanju normalnog energetskog metabolzma i smanjenju umora i iscrpljenosti. Tako\u0111e doprinosi normalnoj sintezi i metabolzmu vitamina D.<\/p>\n<p>* Panthenol oriblete prijatno hlade sluznicu usne duplje, \u017edrela i desni.<\/p>\n<p>* Mogu se upotrebljavati svakodnevno, kod iritacija izazvanih infektivnim agensima, pu\u0161enjem, ili no\u0161enjem ortodontskog aparata ili proteze.<\/p>\n<p>* Mogu koristiti deca starija od 5 godina, odrasli i starije osobe.<\/p>\n<p>* Posebno se preporu\u010duju osobama sklonim \u010destim upalama i iritacijama \u017edrela i desni.<\/p>\n<p><b>Dozaj \u0219i mod de utilizare:<\/b><\/p>\n<p>1 oribleta na dan. Oribletu polako otopiti u ustima.<br \/>\n<b><\/b><\/p>\n<p><b>Compozi\u0163ie:\u00a0<\/b>Pantotenska kiselina (kalcijum-D-pantotenat)<br \/>\n<b><\/b><\/p>\n<p><b>Ambalare:\u00a0<\/b>20 oribleta<\/p>","protected":false},"featured_media":7508,"template":"","meta":[],"product_brand":[],"product_cat":[15],"product_tag":[1058,3009,3010],"class_list":{"0":"post-7507","1":"product","2":"type-product","3":"status-publish","4":"has-post-thumbnail","6":"product_cat-uncategorized","7":"product_tag-bol-u-grlu","8":"product_tag-glasne-zice","9":"product_tag-hemofarm","10":"pa_brend-hemofarm","12":"first","13":"instock","14":"shipping-taxable","15":"purchasable","16":"product-type-simple"},"ams_default_variation_id":0,"ams_product_points_reward":[],"ams_product_discount_percentage":0,"ams_price_to_display":410,"ams_acf":[],"jetpack_sharing_enabled":true,"_links":{"self":[{"href":"https:\/\/apotekar-online.rs\/ro\/wp-json\/wp\/v2\/product\/7507","targetHints":{"allow":["GET"]}}],"collection":[{"href":"https:\/\/apotekar-online.rs\/ro\/wp-json\/wp\/v2\/product"}],"about":[{"href":"https:\/\/apotekar-online.rs\/ro\/wp-json\/wp\/v2\/types\/product"}],"wp:featuredmedia":[{"embeddable":true,"href":"https:\/\/apotekar-online.rs\/ro\/wp-json\/wp\/v2\/media\/7508"}],"wp:attachment":[{"href":"https:\/\/apotekar-online.rs\/ro\/wp-json\/wp\/v2\/media?parent=7507"}],"wp:term":[{"taxonomy":"product_brand","embeddable":true,"href":"https:\/\/apotekar-online.rs\/ro\/wp-json\/wp\/v2\/product_brand?post=7507"},{"taxonomy":"product_cat","embeddable":true,"href":"https:\/\/apotekar-online.rs\/ro\/wp-json\/wp\/v2\/product_cat?post=7507"},{"taxonomy":"product_tag","embeddable":true,"href":"https:\/\/apotekar-online.rs\/ro\/wp-json\/wp\/v2\/product_tag?post=7507"}],"curies":[{"name":"wp","href":"https:\/\/api.w.org\/{rel}","templated":true}]}}