{"id":7671,"date":"2025-01-31T11:52:27","date_gmt":"2025-01-31T13:52:27","guid":{"rendered":"https:\/\/apotekar-online.rs\/?post_type=product&#038;p=7671"},"modified":"2026-04-05T18:17:36","modified_gmt":"2026-04-05T20:17:36","slug":"gasimetin-forte-simetikonprobiotik-a12-oralni-prasak","status":"publish","type":"product","link":"https:\/\/apotekar-online.rs\/ro\/p\/gasimetin-forte-simetikonprobiotik-a12-oralni-prasak\/","title":{"rendered":"Gasimetin forte simetikon+probiotik a12 oralni pra\u0161ak"},"content":{"rendered":"","protected":false},"excerpt":{"rendered":"<p><strong>Gasimetin\u00ae Forte oralni pra\u0161ak\u00a0<\/strong>je medicinsko sredstvo koje se koristi za ubla\u017eavanje simptoma povezanih sa gasovima, kao \u0161to su ose\u0107aj nadutosti, flatulencija ili bol u stomaku i za regulisanje\/normalizaciju gastrointestinalne funkcije i olak\u0161ano pra\u017enjenje creva.<\/p>\n<p>&#x2714;\u00a0Brzo i dugotrajno re\u0161enje za ubla\u017eavanje gastrointestinalnih poreme\u0107aja uzrokovanih gasovima<br \/>\n&#x2714;\u00a0Jednostavna upotreba<br \/>\n&#x2714;\u00a01 \u2013 3 kesice dnevno<br \/>\n&#x2714;\u00a0Prijatan ukus vanile<br \/>\n&#x2714;\u00a0Klini\u010dki ispitani sastojci<br \/>\n&#x2714;\u00a0Bez konzervansa, boja, laktoze, glutena<br \/>\n&#x2714;\u00a0Ne sadr\u017ei sirovine \u017eivotinjskog porekla<\/p>\n<p><strong>Simetikon<\/strong>\u00a0je povr\u0161inski aktivna materija koja nema sistemsko delovanje i koja smanjuje povr\u0161inski napon mehuri\u0107a gasa u himusu i mukusu digestivnog trakta. Ovo dejstvo rezultira spajanjem i disperzijom mehuri\u0107a gasa, pa tako oslobo\u0111eni gasovi mogu biti resorbovani preko zida creva i eliminisani intestinalnom peristaltikom.<\/p>\n<p><strong>KiOtransine\u00ae<\/strong>\u00a0je prebiotik, prirodni biopolimer visoke \u010disto\u0107e koji je patentirala kompanija KitoZyme. Poma\u017ee kod konstipacije (stimuli\u0161u\u0107i crevni tranzit), ose\u0107aja nadutosti i bola u stomaku. KiOtransine\u00ae je inovativni sastojak dobijen iz micelijuma gljive\u00a0<em>Aspergillus niger.<\/em><\/p>\n<p>&#x2714; Pospe\u0161uje eliminaciju gasova<br \/>\n&#x2714; Pobolj\u0161ava konzistenciju stolice<br \/>\n&#x2714; Reguli\u0161e crevnu floru<\/p>\n<p><strong>Gasimetin forte<\/strong>\u00a0se preporu\u010duje odraslim osobama za :<\/p>\n<p>&#x2714;\u00a0Ubla\u017eavanje simptoma povezanih sa gasovima, kao \u0161to su ose\u0107aj<br \/>\nnadutosti, abdominalna distenzija, flatulencija ili bol u stomaku<\/p>\n<p>&#x2714;\u00a0Regulisanje\/normalizaciju gastrointestinalne funkcije i olak\u0161anog<br \/>\npra\u017enjenja creva<\/p>\n<p><strong>Compozi\u0163ie<\/strong>: KiOtransine\u00ae (500 mg), simetikon (250 mg),<br \/>\nsorbitol, silicijum dioksid, arapska guma, ksantan<br \/>\nguma, ukus vanile, sukraloza, acesulfam K<\/p>\n<p><strong>Utilizarea:<\/strong><\/p>\n<p>Odrasli iznad 18 godina: Sipati sadr\u017eaj 1 kesice direktno u usta (voda nije potrebna) nakon obroka ili pre spavanja, najvi\u0161e 3 puta dnevno.<\/p>\n<p>Gasimetin\u00ae Forte se mo\u017ee koristiti do 4 nedelje, u zavisnosti od potreba.<\/p>","protected":false},"featured_media":7672,"template":"","meta":[],"product_brand":[],"product_cat":[81],"product_tag":[3030,264,3029,774,1769],"class_list":{"0":"post-7671","1":"product","2":"type-product","3":"status-publish","4":"has-post-thumbnail","6":"product_cat-probiotici-i-enzimi","7":"product_tag-eliminacija-gasova","8":"product_tag-nadutost","9":"product_tag-olaksanje-praznjenja-creva","10":"product_tag-probiotic","11":"product_tag-simetikon","12":"pa_brend-esensa","14":"first","15":"instock","16":"shipping-taxable","17":"product-type-simple"},"ams_default_variation_id":0,"ams_product_points_reward":[],"ams_product_discount_percentage":0,"ams_price_to_display":0,"ams_acf":[],"jetpack_sharing_enabled":true,"_links":{"self":[{"href":"https:\/\/apotekar-online.rs\/ro\/wp-json\/wp\/v2\/product\/7671","targetHints":{"allow":["GET"]}}],"collection":[{"href":"https:\/\/apotekar-online.rs\/ro\/wp-json\/wp\/v2\/product"}],"about":[{"href":"https:\/\/apotekar-online.rs\/ro\/wp-json\/wp\/v2\/types\/product"}],"wp:featuredmedia":[{"embeddable":true,"href":"https:\/\/apotekar-online.rs\/ro\/wp-json\/wp\/v2\/media\/7672"}],"wp:attachment":[{"href":"https:\/\/apotekar-online.rs\/ro\/wp-json\/wp\/v2\/media?parent=7671"}],"wp:term":[{"taxonomy":"product_brand","embeddable":true,"href":"https:\/\/apotekar-online.rs\/ro\/wp-json\/wp\/v2\/product_brand?post=7671"},{"taxonomy":"product_cat","embeddable":true,"href":"https:\/\/apotekar-online.rs\/ro\/wp-json\/wp\/v2\/product_cat?post=7671"},{"taxonomy":"product_tag","embeddable":true,"href":"https:\/\/apotekar-online.rs\/ro\/wp-json\/wp\/v2\/product_tag?post=7671"}],"curies":[{"name":"wp","href":"https:\/\/api.w.org\/{rel}","templated":true}]}}