{"id":7726,"date":"2025-02-16T07:43:17","date_gmt":"2025-02-16T09:43:17","guid":{"rendered":"https:\/\/apotekar-online.rs\/?post_type=product&#038;p=7726"},"modified":"2026-03-05T08:26:28","modified_gmt":"2026-03-05T10:26:28","slug":"litorex-kapsule","status":"publish","type":"product","link":"https:\/\/apotekar-online.rs\/ro\/p\/litorex-kapsule\/","title":{"rendered":"Litorex Kapsule"},"content":{"rendered":"","protected":false},"excerpt":{"rendered":"<p>Litorex je dijatetski suplement sa ekstraktom herbe Chanca piedra \/ razbija\u010d\u00a0\u00a0kamena (Phyllanthus niruri), magnezijumom, hijaluronskom kiselinom i vitaminom B6.<\/p>\n<p><strong>Dozaj \u0219i mod de utilizare:<\/strong><\/p>\n<p>Odrasli: Jednom dnevno popiti jednu kapsulu sa dosta te\u010dnosti, najbolje ujutru posle obroka. Preporu\u010duje se pove\u0107ano uzimanje te\u010dnosti u toku uzimanja ovog proizvoda.<\/p>\n<p>Proizvod uzimati redovno u intervalu do tri meseca.<\/p>\n<table>\n<tbody>\n<tr>\n<td><b>Sadr\u017eaj aktivnih komponenti<\/b><\/td>\n<td><b>1 kapsula\u00a0<\/b><\/td>\n<td><b>% NRV*<\/b><\/td>\n<\/tr>\n<tr>\n<td>Suvi ekstrakt herbe\u00a0<i>Phyllanthus niruri<\/i>, DER 10:1<\/td>\n<td>200,0 mg<\/td>\n<td>-<\/td>\n<\/tr>\n<tr>\n<td>\u00a0 Magnezijumom (magnezijum-citrat)<\/td>\n<td>64,3 mg<\/td>\n<td>17<\/td>\n<\/tr>\n<tr>\n<td>\u00a0 Hijaluronska kiselina (natrijum-hijaluronat)<\/td>\n<td>50,0 mg<\/td>\n<td>-<\/td>\n<\/tr>\n<tr>\n<td>Vitamin B6 (piridoksin-hidrohlorid)<\/td>\n<td>3,0 mg<\/td>\n<td>214<\/td>\n<\/tr>\n<\/tbody>\n<\/table>\n<p>&nbsp;<\/p>","protected":false},"featured_media":7727,"template":"","meta":[],"product_brand":[],"product_cat":[132],"product_tag":[3037],"class_list":{"0":"post-7726","1":"product","2":"type-product","3":"status-publish","4":"has-post-thumbnail","6":"product_cat-preparati-za-urinarne-infekcije-i-kamen-u-bubregu","7":"product_tag-razbijac-kamena","8":"pa_brend-naturallab","10":"first","11":"instock","12":"shipping-taxable","13":"purchasable","14":"product-type-simple"},"ams_default_variation_id":0,"ams_product_points_reward":[],"ams_product_discount_percentage":0,"ams_price_to_display":2295.55,"ams_acf":[],"jetpack_sharing_enabled":true,"_links":{"self":[{"href":"https:\/\/apotekar-online.rs\/ro\/wp-json\/wp\/v2\/product\/7726","targetHints":{"allow":["GET"]}}],"collection":[{"href":"https:\/\/apotekar-online.rs\/ro\/wp-json\/wp\/v2\/product"}],"about":[{"href":"https:\/\/apotekar-online.rs\/ro\/wp-json\/wp\/v2\/types\/product"}],"wp:featuredmedia":[{"embeddable":true,"href":"https:\/\/apotekar-online.rs\/ro\/wp-json\/wp\/v2\/media\/7727"}],"wp:attachment":[{"href":"https:\/\/apotekar-online.rs\/ro\/wp-json\/wp\/v2\/media?parent=7726"}],"wp:term":[{"taxonomy":"product_brand","embeddable":true,"href":"https:\/\/apotekar-online.rs\/ro\/wp-json\/wp\/v2\/product_brand?post=7726"},{"taxonomy":"product_cat","embeddable":true,"href":"https:\/\/apotekar-online.rs\/ro\/wp-json\/wp\/v2\/product_cat?post=7726"},{"taxonomy":"product_tag","embeddable":true,"href":"https:\/\/apotekar-online.rs\/ro\/wp-json\/wp\/v2\/product_tag?post=7726"}],"curies":[{"name":"wp","href":"https:\/\/api.w.org\/{rel}","templated":true}]}}