{"id":7819,"date":"2025-03-27T10:24:34","date_gmt":"2025-03-27T12:24:34","guid":{"rendered":"https:\/\/apotekar-online.rs\/?post_type=product&#038;p=7819"},"modified":"2026-03-05T08:26:27","modified_gmt":"2026-03-05T10:26:27","slug":"multilac-family-10-kapsula","status":"publish","type":"product","link":"https:\/\/apotekar-online.rs\/ro\/p\/multilac-family-10-kapsula\/","title":{"rendered":"Multilac Family 10 kapsula"},"content":{"rendered":"","protected":false},"excerpt":{"rendered":"<p>Multilac Family je dijetetski proizvod-hrana za posebne medicinske namene<\/p>\n<div>Jedna kapsula sadr\u017ei 15&#215;109 CFU 9 liofiliziranih sojeva probiotskih bakterija, uklju\u010duju\u0107i L. rhamnosus GG i fruktooligosaharide (FOS).<\/div>\n<div><span lang=\"&quot;SR-LATN-RS&quot;\">Biljne HPMC kapsule primerene za vegetarijance\/vegane.<\/span><\/div>\n<div><span lang=\"&quot;SR-LATN-RS&quot;\">\u00a0<\/span><\/div>\n<div><span lang=\"&quot;SR-LATN-RS&quot;\">Zahvaljuju\u0107i svojim osobinama Multilac Family se posebno preporu\u010duje:<br \/>\n\u2022\u00a0\u00a0\u00a0 tokom i nakon terapije antibiotikom,<br \/>\n\u2022\u00a0\u00a0\u00a0 tokom perioda povec\u0301ane osetljivosti na infekciju,<br \/>\n\u2022\u00a0\u00a0\u00a0 za odr\u017eanje normalne crevne mikrobiote,<br \/>\n\u2022\u00a0\u00a0\u00a0 kao pomo\u0107 u le\u010denju funkcionalnih poremec\u0301aja creva (zatvor, nadimanje i dijareja razli\u010ditog porekla).<\/span><\/div>\n<div>\n<div class=\"way_use_Wrapper\">\n<p class=\"mainTitle oswald\">Mod de utilizare<\/p>\n<div class=\"text\">Multilac Family je namenjen za oralnu upotrebu jedna kapsula dnevno.<br \/>\nUkoliko se koristi uz antibiotik, proizvod se uzima sat vremena pre ili tri sata posle uzimanja antibiotika.<\/p>\n<div>Kapsula se po potrebi mo\u017ee otvoriti, a sadr\u017eaj pome\u0161ati sa hranom ili pi\u0107em. U tom slu\u010daju se ne me\u0161a sa vru\u0107im sastojcima.<\/div>\n<\/div>\n<\/div>\n<div class=\"composition_Wrapper\">\n<p class=\"mainTitle oswald\">Compozi\u0163ie<\/p>\n<div class=\"text\">\n<p class=\"&quot;MsoNormal&quot;\"><u><span lang=\"&quot;EN-US&quot;\">Ingrediente active\u00a0<\/span><\/u><u><span lang=\"&quot;EN-US&quot;\">\u00a0\u00a0\u00a0\u00a0\u00a0\u00a0\u00a0\u00a0\u00a0\u00a0\u00a0\u00a0\u00a0\u00a0\u00a0\u00a0\u00a0\u00a0\u00a0\u00a0\u00a0\u00a0\u00a0\u00a0\u00a0\u00a0\u00a0\u00a0\u00a0\u00a0\u00a0\u00a0\u00a0\u00a0\u00a0\u00a0\u00a0\u00a0\u00a0\u00a0\u00a0\u00a0\u00a0\u00a0\u00a0\u00a0\u00a0\u00a0\u00a0\u00a0\u00a0\u00a0\u00a0\u00a0\u00a0\u00a0\u00a0\u00a0\u00a0\u00a0\u00a0\u00a0\u00a0\u00a0\u00a0\u00a0\u00a0\u00a0\u00a0\u00a0\u00a0\u00a0\u00a0\u00a0\u00a01 kapsula<\/span><\/u><\/p>\n<p class=\"&quot;MsoNormal&quot;\"><span lang=\"&quot;EN-US&quot;\">Devet razli\u010ditih sojeva liofilizovanih bakterija\u00a0\u00a0\u00a0\u00a0\u00a0\u00a0\u00a0\u00a0\u00a0\u00a0\u00a0\u00a0\u00a0\u00a0\u00a0\u00a0\u00a0\u00a0\u00a0\u00a015&#215;10<sup>9<\/sup>\u00a0CFU*<\/span><\/p>\n<p class=\"&quot;MsoNormal&quot;\">Lactobacillus rhamnosus GG\u00a0\u00a0\u00a0\u00a0\u00a0\u00a0\u00a0\u00a0\u00a0\u00a0\u00a0\u00a0\u00a0\u00a0\u00a0\u00a0\u00a0\u00a0\u00a0\u00a0\u00a0\u00a0\u00a0\u00a0\u00a0\u00a0\u00a0\u00a0\u00a0\u00a0\u00a0\u00a0\u00a0\u00a0\u00a0\u00a0\u00a0\u00a0\u00a0\u00a0\u00a0\u00a0\u00a0\u00a0\u00a0\u00a0\u00a0\u00a0\u00a0\u00a0\u00a0\u00a0\u00a0\u00a0\u00a02 x 10<sup>9<\/sup>\u00a0CFU*<\/p>\n<p class=\"&quot;MsoNormal&quot;\">Lactobacillus casei\u00a0\u00a0\u00a0\u00a0\u00a0\u00a0\u00a0\u00a0\u00a0\u00a0\u00a0\u00a0\u00a0\u00a0\u00a0\u00a0\u00a0\u00a0\u00a0\u00a0\u00a0\u00a0\u00a0\u00a0\u00a0\u00a0\u00a0\u00a0\u00a0\u00a0\u00a0\u00a0\u00a0\u00a0\u00a0\u00a0\u00a0\u00a0\u00a0\u00a0\u00a0\u00a0\u00a0\u00a0\u00a0\u00a0\u00a0\u00a0\u00a0\u00a0\u00a0\u00a0\u00a0\u00a0\u00a0\u00a0\u00a0\u00a0\u00a0\u00a0\u00a0\u00a0\u00a0\u00a0\u00a0\u00a0\u00a0\u00a0\u00a0\u00a0\u00a0\u00a0\u00a0\u00a02 x 10<sup>9<\/sup>\u00a0CFU*<\/p>\n<p class=\"&quot;MsoNormal&quot;\">Lactobacillus paracasei\u00a0\u00a0\u00a0\u00a0\u00a0\u00a0\u00a0\u00a0\u00a0\u00a0\u00a0\u00a0\u00a0\u00a0\u00a0\u00a0\u00a0\u00a0\u00a0\u00a0\u00a0\u00a0\u00a0\u00a0\u00a0\u00a0\u00a0\u00a0\u00a0\u00a0\u00a0\u00a0\u00a0\u00a0\u00a0\u00a0\u00a0\u00a0\u00a0\u00a0\u00a0\u00a0\u00a0\u00a0\u00a0\u00a0\u00a0\u00a0\u00a0\u00a0\u00a0\u00a0\u00a0\u00a0\u00a0\u00a0\u00a0\u00a0\u00a0\u00a0\u00a0\u00a0\u00a0\u00a0\u00a02 x 10<sup>9<\/sup>\u00a0\u00a0CFU*<\/p>\n<p class=\"&quot;MsoNormal&quot;\">Lactobacillus plantarum\u00a0\u00a0\u00a0\u00a0\u00a0\u00a0\u00a0\u00a0\u00a0\u00a0\u00a0\u00a0\u00a0\u00a0\u00a0\u00a0\u00a0\u00a0\u00a0\u00a0\u00a0\u00a0\u00a0\u00a0\u00a0\u00a0\u00a0\u00a0\u00a0\u00a0\u00a0\u00a0\u00a0\u00a0\u00a0\u00a0\u00a0\u00a0\u00a0\u00a0\u00a0\u00a0\u00a0\u00a0\u00a0\u00a0\u00a0\u00a0\u00a0\u00a0\u00a0\u00a0\u00a0\u00a0\u00a0\u00a0\u00a0\u00a0\u00a0\u00a0\u00a0\u00a0\u00a0\u00a03 x 10<sup>9<\/sup>\u00a0\u00a0CFU*<\/p>\n<p class=\"&quot;MsoNormal&quot;\">Lactobacillus helveticus\u00a0\u00a0\u00a0\u00a0\u00a0\u00a0\u00a0\u00a0\u00a0\u00a0\u00a0\u00a0\u00a0\u00a0\u00a0\u00a0\u00a0\u00a0\u00a0\u00a0\u00a0\u00a0\u00a0\u00a0\u00a0\u00a0\u00a0\u00a0\u00a0\u00a0\u00a0\u00a0\u00a0\u00a0\u00a0\u00a0\u00a0\u00a0\u00a0\u00a0\u00a0\u00a0\u00a0\u00a0\u00a0\u00a0\u00a0\u00a0\u00a0\u00a0\u00a0\u00a0\u00a0\u00a0\u00a0\u00a0\u00a0\u00a0\u00a0\u00a0\u00a0\u00a0\u00a0\u00a0\u00a01 x 10<sup>9<\/sup>\u00a0\u00a0CFU*<\/p>\n<p class=\"&quot;MsoNormal&quot;\">Bifidobacterium lactis\u00a0\u00a0\u00a0\u00a0\u00a0\u00a0\u00a0\u00a0\u00a0\u00a0\u00a0\u00a0\u00a0\u00a0\u00a0\u00a0\u00a0\u00a0\u00a0\u00a0\u00a0\u00a0\u00a0\u00a0\u00a0\u00a0\u00a0\u00a0\u00a0\u00a0\u00a0\u00a0\u00a0\u00a0\u00a0\u00a0\u00a0\u00a0\u00a0\u00a0\u00a0\u00a0\u00a0\u00a0\u00a0\u00a0\u00a0\u00a0\u00a0\u00a0\u00a0\u00a0\u00a0\u00a0\u00a0\u00a0\u00a0\u00a0\u00a0\u00a0\u00a0\u00a0\u00a0\u00a0\u00a0\u00a0\u00a0\u00a0\u00a01 x 10<sup>9<\/sup>\u00a0\u00a0CFU*<\/p>\n<p class=\"&quot;MsoNormal&quot;\">Bifidobacterium breve\u00a0\u00a0\u00a0\u00a0\u00a0\u00a0\u00a0\u00a0\u00a0\u00a0\u00a0\u00a0\u00a0\u00a0\u00a0\u00a0\u00a0\u00a0\u00a0\u00a0\u00a0\u00a0\u00a0\u00a0\u00a0\u00a0\u00a0\u00a0\u00a0\u00a0\u00a0\u00a0\u00a0\u00a0\u00a0\u00a0\u00a0\u00a0\u00a0\u00a0\u00a0\u00a0\u00a0\u00a0\u00a0\u00a0\u00a0\u00a0\u00a0\u00a0\u00a0\u00a0\u00a0\u00a0\u00a0\u00a0\u00a0\u00a0\u00a0\u00a0\u00a0\u00a0\u00a0\u00a0\u00a0\u00a0\u00a0\u00a0\u00a01 x 10<sup>9<\/sup>\u00a0\u00a0CFU*<\/p>\n<p class=\"&quot;MsoNormal&quot;\">Bifidobacterium longum\u00a0\u00a0\u00a0\u00a0\u00a0\u00a0\u00a0\u00a0\u00a0\u00a0\u00a0\u00a0\u00a0\u00a0\u00a0\u00a0\u00a0\u00a0\u00a0\u00a0\u00a0\u00a0\u00a0\u00a0\u00a0\u00a0\u00a0\u00a0\u00a0\u00a0\u00a0\u00a0\u00a0\u00a0\u00a0\u00a0\u00a0\u00a0\u00a0\u00a0\u00a0\u00a0\u00a0\u00a0\u00a0\u00a0\u00a0\u00a0\u00a0\u00a0\u00a0\u00a0\u00a0\u00a0\u00a0\u00a0\u00a0\u00a0\u00a0\u00a0\u00a0\u00a0\u00a0\u00a0\u00a01 x 10<sup>9<\/sup>\u00a0\u00a0CFU*<\/p>\n<p class=\"&quot;MsoNormal&quot;\">Streptococcus thermophilus\u00a0\u00a0\u00a0\u00a0\u00a0\u00a0\u00a0\u00a0\u00a0\u00a0\u00a0\u00a0\u00a0\u00a0\u00a0\u00a0\u00a0\u00a0\u00a0\u00a0\u00a0\u00a0\u00a0\u00a0\u00a0\u00a0\u00a0\u00a0\u00a0\u00a0\u00a0\u00a0\u00a0\u00a0\u00a0\u00a0\u00a0\u00a0\u00a0\u00a0\u00a0\u00a0\u00a0\u00a0\u00a0\u00a0\u00a0\u00a0\u00a0\u00a0\u00a0\u00a0\u00a0\u00a0\u00a0\u00a02 x 10<sup>9<\/sup>\u00a0\u00a0CFU*<\/p>\n<p class=\"&quot;MsoNormal&quot;\"><u>Fruktooligosaharidi (FOS)\u00a0\u00a0\u00a0\u00a0\u00a0\u00a0\u00a0\u00a0\u00a0\u00a0\u00a0\u00a0\u00a0\u00a0\u00a0\u00a0\u00a0\u00a0\u00a0\u00a0\u00a0\u00a0\u00a0\u00a0\u00a0\u00a0\u00a0\u00a0\u00a0\u00a0\u00a0\u00a0\u00a0\u00a0\u00a0\u00a0\u00a0\u00a0\u00a0\u00a0\u00a0\u00a0\u00a0\u00a0\u00a0\u00a0\u00a0\u00a0\u00a0\u00a0\u00a0\u00a0\u00a0\u00a0\u00a0\u00a0\u00a0\u00a0\u00a0\u00a065mg\u00a0\u00a0\u00a0<\/u><\/p>\n<p class=\"&quot;MsoNormal&quot;\">CFU*\u00a0&#8211; jedinica formiranja kolonije<\/p>\n<\/div>\n<\/div>\n<\/div>","protected":false},"featured_media":7820,"template":"","meta":[],"product_brand":[3096],"product_cat":[81],"product_tag":[337],"class_list":{"0":"post-7819","1":"product","2":"type-product","3":"status-publish","4":"has-post-thumbnail","6":"product_brand-multilac","7":"product_cat-probiotici-i-enzimi","8":"product_tag-probiotik","10":"first","11":"instock","12":"shipping-taxable","13":"purchasable","14":"product-type-simple"},"ams_default_variation_id":0,"ams_product_points_reward":[],"ams_product_discount_percentage":0,"ams_price_to_display":617.02,"ams_acf":[],"jetpack_sharing_enabled":true,"_links":{"self":[{"href":"https:\/\/apotekar-online.rs\/ro\/wp-json\/wp\/v2\/product\/7819","targetHints":{"allow":["GET"]}}],"collection":[{"href":"https:\/\/apotekar-online.rs\/ro\/wp-json\/wp\/v2\/product"}],"about":[{"href":"https:\/\/apotekar-online.rs\/ro\/wp-json\/wp\/v2\/types\/product"}],"wp:featuredmedia":[{"embeddable":true,"href":"https:\/\/apotekar-online.rs\/ro\/wp-json\/wp\/v2\/media\/7820"}],"wp:attachment":[{"href":"https:\/\/apotekar-online.rs\/ro\/wp-json\/wp\/v2\/media?parent=7819"}],"wp:term":[{"taxonomy":"product_brand","embeddable":true,"href":"https:\/\/apotekar-online.rs\/ro\/wp-json\/wp\/v2\/product_brand?post=7819"},{"taxonomy":"product_cat","embeddable":true,"href":"https:\/\/apotekar-online.rs\/ro\/wp-json\/wp\/v2\/product_cat?post=7819"},{"taxonomy":"product_tag","embeddable":true,"href":"https:\/\/apotekar-online.rs\/ro\/wp-json\/wp\/v2\/product_tag?post=7819"}],"curies":[{"name":"wp","href":"https:\/\/api.w.org\/{rel}","templated":true}]}}