{"id":7830,"date":"2026-01-16T06:56:37","date_gmt":"2026-01-16T08:56:37","guid":{"rendered":"https:\/\/apotekar-online.rs\/?post_type=product&#038;p=7830"},"modified":"2026-03-05T08:27:39","modified_gmt":"2026-03-05T10:27:39","slug":"marisol-jet-isotonic-0-120ml","status":"publish","type":"product","link":"https:\/\/apotekar-online.rs\/ro\/p\/marisol-jet-isotonic-0-120ml\/","title":{"rendered":"Marisol jet isotonic 0+ 120ml"},"content":{"rendered":"","protected":false},"excerpt":{"rendered":"<p><strong>MARISOL Jet Isotonica 0+<\/strong>\u00a0<strong>sprej za nos\u00a0sa morskom vodom je potpuno prirodni, izotoni\u010dni rastvor za ispiranje nosa (0,9%) kod beba, dece i odraslih.<\/strong><\/p>\n<p>Morska voda u MARISOL Jet Isotonica 0+ spreju za nos je poreklom iz zaliva Kankal u Bretanji i \u010duvena je po svom visokom kvalitetu i izuzetnoj \u010disto\u0107i.<\/p>\n<p>Zahvaljuju\u0107i svom sastavu, MARISOL Jet Isotonica:<\/p>\n<p><strong>&#x2714;\u00a0<\/strong>sna\u017eno hidrira nazalnu sluznicu<\/p>\n<p><strong>&#x2714;<\/strong>\u00a0efikasno ispira nosne \u0161upljine i elimini\u0161e sluzi, alergene i mikroorganizme<\/p>\n<p><strong>&#x2714;<\/strong>\u00a0uspostavlja fiziolo\u0161ku funkciju sluzoko\u017ee nosa<\/p>\n<p>MARISOL Jet Isotonica 0+ izotoni\u010dni sprej za nos sa morskom vodom je medicinsko sredstvo pogodno za primenu\u00a0<strong>kod beba ve\u0107 od prvog dana \u017eivota, dece i odraslih.<\/strong><\/p>\n<p><strong>&#x2714;\u00a0<\/strong>Nazalna higijena za sve uzraste<\/p>\n<p><strong>&#x2714;<\/strong>\u00a0100% prirodan sprej na bazi morske vode, bez konzervansa i potisnih gasova<\/p>\n<p><strong>&#x2714;<\/strong>\u00a0Sa ergonomskim aplikatorom i delikatnim raspr\u0161ivanjem<\/p>\n<p><strong>&#x2714;<\/strong>\u00a0Za svakodnevnu primenu, bez vremenskog ograni\u010denja<\/p>\n<p>Zahvaljuju\u0107i svom sastavu, sna\u017eno hidrira nazalnu sluznicu i omogu\u0107ava efikasno ispiranje nosnih \u0161upljina i eliminisanje sluzi, alergena i mikroorganizama, \u010dime se na jednostavan na\u010din uspostavlja fiziolo\u0161ka funkcija sluzoko\u017ee nosa.<\/p>\n<p>Preporu\u010duje se za ispiranje nosa kod:<\/p>\n<ul>\n<li>nazofaringitisa,<\/li>\n<li>opstruktivnog rinitisa,<\/li>\n<li>sinuzitisa,<\/li>\n<li>suvo\u0107e nosa,<\/li>\n<li>promuklosti nastale usled suvo\u0107e mukoznih membrana,<\/li>\n<li>redovne toalete nosa.<\/li>\n<\/ul>\n<p><strong>Compozi\u0163ie:<\/strong> Pre\u010di\u0161\u0107ena voda i morska voda (natrijum hlorid 0,9 %)<\/p>\n<p><strong>Manual de instructiuni:\u00a0<\/strong>Skinite za\u0161titni poklopac. Ne\u017eno postavite vrh aplikatora na ulaz u nozdrvu i pritisnite pumpicu da biste naneli proizvod. Pustite da iste\u010de vi\u0161ak rastvora kako bi se uklonila sluz, a zatim izduvajte nos. Ponovite postupak sa drugom nozdrvom. O\u010distite vrh aplikatora vodom i osu\u0161ite ga. Postavite za\u0161titni poklopac na aplikator do slede\u0107e primene. Aplikovati vi\u0161e puta tokom dana.<\/p>\n<p><strong>Upustvo za upotrebu proizvoda kod beba:\u00a0<\/strong>Stavite bebu u le\u017ee\u0107i polo\u017eaj sa glavom blago nagnutom u stranu da bi se omogu\u0107io lak\u0161i ulazak morske vode u nozdrvu. Raspr\u0161ite sprej pritiskom na pumpicu u trajanju od nekoliko sekundi. Uspravite bebu u uspravni polo\u017eaj kako bi istekao sadr\u017eaj iz nosa i pokupite ga maramicom. Ponovite postupak sa drugom nozdrvom.<\/p>\n<p>&nbsp;<\/p>","protected":false},"featured_media":8341,"template":"","meta":[],"product_brand":[3091],"product_cat":[169],"product_tag":[2163,3064],"class_list":{"0":"post-7830","1":"product","2":"type-product","3":"status-publish","4":"has-post-thumbnail","6":"product_brand-esensa","7":"product_cat-higijena-nosa-i-ociju","8":"product_tag-isotonic","9":"product_tag-marisol","11":"first","12":"instock","13":"shipping-taxable","14":"purchasable","15":"product-type-simple"},"ams_default_variation_id":0,"ams_product_points_reward":[],"ams_product_discount_percentage":0,"ams_price_to_display":1320,"ams_acf":[],"jetpack_sharing_enabled":true,"_links":{"self":[{"href":"https:\/\/apotekar-online.rs\/ro\/wp-json\/wp\/v2\/product\/7830","targetHints":{"allow":["GET"]}}],"collection":[{"href":"https:\/\/apotekar-online.rs\/ro\/wp-json\/wp\/v2\/product"}],"about":[{"href":"https:\/\/apotekar-online.rs\/ro\/wp-json\/wp\/v2\/types\/product"}],"wp:featuredmedia":[{"embeddable":true,"href":"https:\/\/apotekar-online.rs\/ro\/wp-json\/wp\/v2\/media\/8341"}],"wp:attachment":[{"href":"https:\/\/apotekar-online.rs\/ro\/wp-json\/wp\/v2\/media?parent=7830"}],"wp:term":[{"taxonomy":"product_brand","embeddable":true,"href":"https:\/\/apotekar-online.rs\/ro\/wp-json\/wp\/v2\/product_brand?post=7830"},{"taxonomy":"product_cat","embeddable":true,"href":"https:\/\/apotekar-online.rs\/ro\/wp-json\/wp\/v2\/product_cat?post=7830"},{"taxonomy":"product_tag","embeddable":true,"href":"https:\/\/apotekar-online.rs\/ro\/wp-json\/wp\/v2\/product_tag?post=7830"}],"curies":[{"name":"wp","href":"https:\/\/api.w.org\/{rel}","templated":true}]}}