{"id":7894,"date":"2025-05-27T10:49:23","date_gmt":"2025-05-27T12:49:23","guid":{"rendered":"https:\/\/apotekar-online.rs\/?post_type=product&#038;p=7894"},"modified":"2026-03-05T08:26:26","modified_gmt":"2026-03-05T10:26:26","slug":"burra-sun-mleko-za-telo-spf30-200ml","status":"publish","type":"product","link":"https:\/\/apotekar-online.rs\/ro\/p\/burra-sun-mleko-za-telo-spf30-200ml\/","title":{"rendered":"Burra sun mleko za telo SPF30 200ml"},"content":{"rendered":"","protected":false},"excerpt":{"rendered":"<p><strong>BURRA Sun mleko za telo<\/strong>\u00a0za\u00a0<strong>za\u0161titu ko\u017ee lica i tela od sunca SPF30<\/strong>, \u0161titi od \u0161tetnog ultraljubi\u010dastog zra\u010denja u \u0161irokom opsegu UVA i UVB kombinacijom hemijskih filtera. Upotrebom savremenih emulgatora postignuto je da se proizvod lako razmazuje i utrljava, brzo upija i ne ostavlja\u00a0 okluzivan film na ko\u017ei.<\/p>\n<p>Este recomandat:<\/p>\n<p><strong>za za\u0161titu od UVA\/UVB zraka<\/strong><\/p>\n<p><strong>za za\u0161titu od fotostarenja ko\u017ee<\/strong><\/p>\n<p><strong>Compozi\u0163ie:<\/strong><\/p>\n<p>butil metoksidibenzoilmetan (UVA filter)<\/p>\n<p>oktokrilen (UVB filter)<\/p>\n<p>etilheksil metoksicinamat (UVB filter)<\/p>\n<p>homosalat (UVB filter)<\/p>\n<p>ektoin<\/p>\n<p>unt de shea<\/p>\n<p>squalan<\/p>\n<p>vitamin E<\/p>\n<p><strong>Ambalare: 200 ml<\/strong><\/p>","protected":false},"featured_media":7895,"template":"","meta":[],"product_brand":[],"product_cat":[2522],"product_tag":[2476,3053,847],"class_list":{"0":"post-7894","1":"product","2":"type-product","3":"status-publish","4":"has-post-thumbnail","6":"product_cat-preparati-za-suncanje","7":"product_tag-preparati-za-suncanje","8":"product_tag-spf30","9":"product_tag-suncanje","10":"pa_brend-esensa","12":"first","13":"instock","14":"shipping-taxable","15":"purchasable","16":"product-type-simple"},"ams_default_variation_id":0,"ams_product_points_reward":[],"ams_product_discount_percentage":0,"ams_price_to_display":850,"ams_acf":[],"jetpack_sharing_enabled":true,"_links":{"self":[{"href":"https:\/\/apotekar-online.rs\/ro\/wp-json\/wp\/v2\/product\/7894","targetHints":{"allow":["GET"]}}],"collection":[{"href":"https:\/\/apotekar-online.rs\/ro\/wp-json\/wp\/v2\/product"}],"about":[{"href":"https:\/\/apotekar-online.rs\/ro\/wp-json\/wp\/v2\/types\/product"}],"wp:featuredmedia":[{"embeddable":true,"href":"https:\/\/apotekar-online.rs\/ro\/wp-json\/wp\/v2\/media\/7895"}],"wp:attachment":[{"href":"https:\/\/apotekar-online.rs\/ro\/wp-json\/wp\/v2\/media?parent=7894"}],"wp:term":[{"taxonomy":"product_brand","embeddable":true,"href":"https:\/\/apotekar-online.rs\/ro\/wp-json\/wp\/v2\/product_brand?post=7894"},{"taxonomy":"product_cat","embeddable":true,"href":"https:\/\/apotekar-online.rs\/ro\/wp-json\/wp\/v2\/product_cat?post=7894"},{"taxonomy":"product_tag","embeddable":true,"href":"https:\/\/apotekar-online.rs\/ro\/wp-json\/wp\/v2\/product_tag?post=7894"}],"curies":[{"name":"wp","href":"https:\/\/api.w.org\/{rel}","templated":true}]}}