{"id":7898,"date":"2025-05-30T06:41:37","date_gmt":"2025-05-30T08:41:37","guid":{"rendered":"https:\/\/apotekar-online.rs\/?post_type=product&#038;p=7898"},"modified":"2026-03-05T08:26:26","modified_gmt":"2026-03-05T10:26:26","slug":"strong-nature-hrom-selen-max-60-kapsula","status":"publish","type":"product","link":"https:\/\/apotekar-online.rs\/ro\/p\/strong-nature-hrom-selen-max-60-kapsula\/","title":{"rendered":"Strong Nature Hrom + Selen Max 60 kapsula"},"content":{"rendered":"","protected":false},"excerpt":{"rendered":"<p>Strong Nature Hrom\u00a0 Selen MAX doprinosi:<\/p>\n<ul>\n<li>pove\u0107anju efikasnosti insulina kod dijabetesa i insulinske rezistencije<\/li>\n<li>regulaciji normalnog nivoa \u0161e\u0107era u krvi<\/li>\n<li>normalnom funkcionisanju \u0161titne \u017elezde<\/li>\n<li>pove\u0107anju plodnosti kod oba pola<\/li>\n<li>smanjenju rizika od nastanka i razvoja policisti\u010dnih jajnika<\/li>\n<li>smanjenju i otklanjanju simptoma PCOS (sindroma policisti\u010dnih jajnika)<\/li>\n<li>ja\u010danju imunolo\u0161kog sistema<\/li>\n<li>za\u0161titi organizma od oksidativnog stresa<\/li>\n<\/ul>\n<p class=\"Standard\"><span lang=\"SR-LATN-RS\">Strong Nature Hrom Selen MAX\u00a0<\/span><span lang=\"SR-LATN-RS\">sadr\u017ei iskoristljivu formu hroma i selena koji imaju va\u017ene uloge u odr\u017eavanju zdravlja i vitalnosti.<\/span><\/p>\n<p class=\"Standard\">Hrom doprinosi:<\/p>\n<ul>\n<li>odr\u017eavanju normalnog nivoa glukoze u krvi<\/li>\n<li>normalnom metabolizmu makronutrijenata (ugljenih hidrata, masti i proteina)<\/li>\n<\/ul>\n<p class=\"Standard\">Selen doprinosi:<\/p>\n<ul>\n<li>za\u0161titi \u0107elija od oksidativnog stresa<\/li>\n<li>normalnoj funkciji imunog sistema<\/li>\n<li>normalnoj funkciji \u0161titne \u017elezde<\/li>\n<li>odr\u017eavanju normalne kose i noktiju<\/li>\n<li>normalnoj spermatogenezi<\/li>\n<\/ul>\n<p class=\"Standard\"><span lang=\"SR-LATN-RS\">Strong Nature Hrom Selen MAX<\/span><span lang=\"SR-LATN-RS\">\u00a0se preporu\u010duje odraslim osobama za ja\u010danje odbrambene sposobnosti organizma, za\u0161titu \u0107elija od oksidativnih o\u0161te\u0107enja, pobolj\u0161anje reproduktivnog zdravlja, pove\u0107anje fizi\u010dkih performansi, smanjenje rizika od gojaznosti, kod insulinske rezistencije i dijabetesa i sindroma policisti\u010dnih jajnika.<\/span><\/p>\n<ul>\n<li><span lang=\"SR-LATN-RS\">Hrom doprinosi odr\u017eavanju normalnog nivoa glukoze u krvi. Pove\u0107ava efikasnost insulina kod dijabetesa i insulinske rezistencije. Smanjuje verovatno\u0107u nastanka \u0161e\u0107erne bolesti i smanjene tolerancije na glukozu.<\/span><\/li>\n<li><span lang=\"SR-LATN-RS\">U\u010destvuje u metaboliznu makronutrijenata (ugljenih hidrata, masti i proteina). Neophodan je za iskoristljivost vitamina, minerala, aminokiselina, enzima i drugih nutrijenata iz hrane.<\/span><\/li>\n<li><span lang=\"SR-LATN-RS\">Smanjuje rizik nastanka i razvoja gojaznosti i ozbiljnih posledica koje gojaznost nosi sa sobom.<\/span><\/li>\n<li><span lang=\"SR-LATN-RS\">Veoma je va\u017ean u ishrani sportista ili osoba koja su izlo\u017eene ve\u0107im fizi\u010dkim naporima. Potpoma\u017ee izgradnju mi\u0161i\u0107ne mase i pove\u0107anje otpornosti i snage.<\/span><\/li>\n<li><span lang=\"SR-LATN-RS\">Seleniul contribuie la protejarea celulelor de stresul oxidativ.\u00a0<\/span><span lang=\"SV\">Neutrali\u0161e slobodne radikale koji se neprekidno stvaraju u organizmu. Nau\u010dne studije ukazuju na sve ve\u0107u povezanost oksidativnog stresa i najozbiljnijih bolesti dana\u0161njice. Od su\u0161tinske je va\u017enosti za normalan rad \u0161titne \u017elezde. Porema\u0107aj u radu \u0161titne \u017elezde mo\u017ee prouzrokovati probleme sa metabolizmom, op\u0161tim zdravljem i smanjenom plodno\u0161\u0107u. Sastavni je deo enzima koji poma\u017eu u sintezi (stvaranju) i sazrevanju spermatozoida. U\u010destvuje u o\u010duvanju stabilnosti genetskog materijala u spermatozoidima. O\u0161te\u0107enje genetskog materijala mo\u017ee dovesti do mutacija i smanjene plodnosti.<\/span><\/li>\n<\/ul>\n<p><strong>Mod de aplicare:<br \/>\n<\/strong>Odrasli: 1 kapsula dnevno nakon obroka.<\/p>\n<p><strong>Compozi\u0163ie:<br \/>\n<\/strong><span lang=\"DE\">Hrom (kao hrom-pikolinat) \u00a0\u00a0\u00a0\u00a0\u00a0\u00a0\u00a0\u00a0\u00a0\u00a0\u00a0\u00a0\u00a0\u00a0\u00a0\u00a0<\/span><span lang=\"HR\">200 \u00b5g<br \/>\n<\/span><span lang=\"DE\">Selen (kao L-selenometionin)\u00a0\u00a0\u00a0\u00a0\u00a0\u00a0\u00a0\u00a0\u00a0\u00a0\u00a0\u00a0\u00a0<\/span><span lang=\"HR\">100<\/span><span lang=\"HR\">\u00a0<\/span><span lang=\"HR\">\u00b5g<\/span><\/p>\n<p><strong>Ambalare:<\/strong>\u00a060 capsule<\/p>","protected":false},"featured_media":7899,"template":"","meta":[],"product_brand":[],"product_cat":[87,77],"product_tag":[1075,292,179,235,1505],"class_list":{"0":"post-7898","1":"product","2":"type-product","3":"status-publish","4":"has-post-thumbnail","6":"product_cat-dijabetes-i-insulinska-rezistencija","7":"product_cat-imunitet","8":"product_tag-dijabetes","9":"product_tag-hrom","10":"product_tag-imunitet","11":"product_tag-selen","12":"product_tag-stitna-zlezda","13":"pa_brend-strong-nature","15":"first","16":"instock","17":"shipping-taxable","18":"purchasable","19":"product-type-simple"},"ams_default_variation_id":0,"ams_product_points_reward":[],"ams_product_discount_percentage":0,"ams_price_to_display":540,"ams_acf":[],"jetpack_sharing_enabled":true,"_links":{"self":[{"href":"https:\/\/apotekar-online.rs\/ro\/wp-json\/wp\/v2\/product\/7898","targetHints":{"allow":["GET"]}}],"collection":[{"href":"https:\/\/apotekar-online.rs\/ro\/wp-json\/wp\/v2\/product"}],"about":[{"href":"https:\/\/apotekar-online.rs\/ro\/wp-json\/wp\/v2\/types\/product"}],"wp:featuredmedia":[{"embeddable":true,"href":"https:\/\/apotekar-online.rs\/ro\/wp-json\/wp\/v2\/media\/7899"}],"wp:attachment":[{"href":"https:\/\/apotekar-online.rs\/ro\/wp-json\/wp\/v2\/media?parent=7898"}],"wp:term":[{"taxonomy":"product_brand","embeddable":true,"href":"https:\/\/apotekar-online.rs\/ro\/wp-json\/wp\/v2\/product_brand?post=7898"},{"taxonomy":"product_cat","embeddable":true,"href":"https:\/\/apotekar-online.rs\/ro\/wp-json\/wp\/v2\/product_cat?post=7898"},{"taxonomy":"product_tag","embeddable":true,"href":"https:\/\/apotekar-online.rs\/ro\/wp-json\/wp\/v2\/product_tag?post=7898"}],"curies":[{"name":"wp","href":"https:\/\/api.w.org\/{rel}","templated":true}]}}