{"id":8165,"date":"2025-11-20T14:55:11","date_gmt":"2025-11-20T16:55:11","guid":{"rendered":"https:\/\/apotekar-online.rs\/?post_type=product&#038;p=8165"},"modified":"2026-03-05T08:26:26","modified_gmt":"2026-03-05T10:26:26","slug":"apis-gola-adults-20ml","status":"publish","type":"product","link":"https:\/\/apotekar-online.rs\/ro\/p\/apis-gola-adults-20ml\/","title":{"rendered":"Apis Gola Adults 20ml"},"content":{"rendered":"","protected":false},"excerpt":{"rendered":"<p>Apis Gola Adults sprej je dodatak ishrani na bazi propolisa, biljnih ekstrakata i eteri\u010dnih ulja. Brzo i efikasno smanjuje crvenilo i bol sluzoko\u017ee grla, grebanje, ote\u017eano gutanje a ukoliko su prisutne afte ubrzava njihovo zarastanje. Takodje spre\u010dava rast bakterija i gljivica u usnoj duplji. Doprinosi olak\u0161anju kod iritacije grla i pru\u017ea osve\u017eavaju\u0107i ose\u0107aj u grlu i ustima.<\/p>\n<ul type=\"disc\">\n<li class=\"m_-4400439195484455360xmsonormal\">Efikasno ubla\u017eava upalu i bol u grlu<\/li>\n<li class=\"m_-4400439195484455360xmsonormal\">Deluje protiv bakterija, virusa i gljivica zahvaljuju\u0107i sna\u017enom antimikrobnom efektu<\/li>\n<li class=\"m_-4400439195484455360xmsonormal\">Stvara za\u0161titni mikrogel film koji hidrira sluzoko\u017eu i \u0161titi je od daljih iritacija<\/li>\n<li class=\"m_-4400439195484455360xmsonormal\">Ubrzava zarastanje afti i obnavljanje o\u0161te\u0107enog tkiva<\/li>\n<li class=\"m_-4400439195484455360xmsonormal\"><u><\/u><u><\/u>Aktivira lokalni imuni odgovor i poma\u017ee telu da se br\u017ee izbori sa infekcijom<\/li>\n<li class=\"m_-4400439195484455360xmsonormal\"><u><\/u><u><\/u>Pru\u017ea trenutno olak\u0161anje uz osve\u017eavaju\u0107i ose\u0107aj<\/li>\n<\/ul>\n<p><strong>Dozaj \u0219i mod de utilizare\u00a0<\/strong><\/p>\n<p>Odrasli: podic\u0301i dozator, staviti u usta i 3-4 puta pritisnuti dozator. Primeniti 4-5 puta u toku dana. Promu\u0107kati dobro pre upotrebe. Proizvod nije namenjen trudnicama, dojiljama, osobama na terapiji barbituratima i benzodiazepinima i mla\u0111ima od 18 godina.<\/p>\n<p><strong>Sasatv<\/strong><\/p>\n<p>Glicerinski ekstrakt propolisa \u2013 prirodni antimikrobni i antifungalni agens, \u0161titi od bakterija i gljivica, ja\u010da lokalni imunitet usne \u0161upljine i grla.<\/p>\n<p>Suvi ekstrakt Aloe gela (Aloe barbadensis Mill.) \u2013 hidrira sluzoko\u017eu, umiruje iritacije i doprinosi ja\u010danju imuniteta.<\/p>\n<p>Suvi ekstrakt listova \u017ealfije (Salvia officinalis) \u2013 smanjuje upalu i crvenilo, deluje antibakterijski i poma\u017ee kod bolnog ili ote\u017eanog gutanja.<\/p>\n<p>Suvi ekstrakt plodova acerole (Malpighia glabra) \u2013 prirodan izvor vitamina C, sna\u017ean antioksidans koji podr\u017eava odbrambeni sistem organizma.<br \/>\nGlicerinski ekstrakt smole smirne (Commiphora mirrha) \u2013 deluje antisepti\u010dki i umiruju\u0107e na sluzoko\u017eu grade\u0107i za\u0161titni film na sluzoko\u017ei, poma\u017ee kod iritacija i ubrzava zarastanje o\u0161te\u0107enih tkiva<\/p>\n<p>Eteri\u010dno ulje listova nane (Mentha piperita) \u2013 osve\u017eava dah, hladi i umiruje sluzoko\u017eu, olak\u0161ava disanje.<\/p>\n<p>Eteri\u010dno ulje cvetnih vrhova timijana (Thymus vulgaris) \u2013 sna\u017eno antibakterijsko i antivirusno dejstvo, podr\u017eava izbacivanje sekreta iz disajnih puteva.<\/p>\n<p>Eteri\u010dno ulje listova \u017ealfije (Salvia officinalis) \u2013 deluje antisepti\u010dno, smanjuje upalu i osve\u017eava disajne puteve.<\/p>\n<p>&nbsp;<\/p>\n<p>Demineralizovana voda, regulator kiselosti: limunska kiselina E330; konzervans: kalijum sorbat E202; zasla\u0111iva\u010d: sukraloza E995; stabilizator: polivinilpirolidon E1201; zgu\u0161njiva\u010d: ksantan guma E415)<\/p>","protected":false},"featured_media":8166,"template":"","meta":[],"product_brand":[],"product_cat":[15],"product_tag":[3058,1773,2558],"class_list":{"0":"post-8165","1":"product","2":"type-product","3":"status-publish","4":"has-post-thumbnail","6":"product_cat-uncategorized","7":"product_tag-apis","8":"product_tag-sprej-za-grlo","9":"product_tag-za-odrasle","10":"pa_brend-pharmalife","12":"first","13":"instock","14":"shipping-taxable","15":"purchasable","16":"product-type-simple"},"ams_default_variation_id":0,"ams_product_points_reward":[],"ams_product_discount_percentage":0,"ams_price_to_display":980,"ams_acf":[],"jetpack_sharing_enabled":true,"_links":{"self":[{"href":"https:\/\/apotekar-online.rs\/ro\/wp-json\/wp\/v2\/product\/8165","targetHints":{"allow":["GET"]}}],"collection":[{"href":"https:\/\/apotekar-online.rs\/ro\/wp-json\/wp\/v2\/product"}],"about":[{"href":"https:\/\/apotekar-online.rs\/ro\/wp-json\/wp\/v2\/types\/product"}],"wp:featuredmedia":[{"embeddable":true,"href":"https:\/\/apotekar-online.rs\/ro\/wp-json\/wp\/v2\/media\/8166"}],"wp:attachment":[{"href":"https:\/\/apotekar-online.rs\/ro\/wp-json\/wp\/v2\/media?parent=8165"}],"wp:term":[{"taxonomy":"product_brand","embeddable":true,"href":"https:\/\/apotekar-online.rs\/ro\/wp-json\/wp\/v2\/product_brand?post=8165"},{"taxonomy":"product_cat","embeddable":true,"href":"https:\/\/apotekar-online.rs\/ro\/wp-json\/wp\/v2\/product_cat?post=8165"},{"taxonomy":"product_tag","embeddable":true,"href":"https:\/\/apotekar-online.rs\/ro\/wp-json\/wp\/v2\/product_tag?post=8165"}],"curies":[{"name":"wp","href":"https:\/\/api.w.org\/{rel}","templated":true}]}}