{"id":8169,"date":"2025-11-23T08:12:51","date_gmt":"2025-11-23T10:12:51","guid":{"rendered":"https:\/\/apotekar-online.rs\/?post_type=product&#038;p=8169"},"modified":"2026-04-05T18:03:37","modified_gmt":"2026-04-05T20:03:37","slug":"revita-immuno-kids","status":"publish","type":"product","link":"https:\/\/apotekar-online.rs\/ro\/p\/revita-immuno-kids\/","title":{"rendered":"Revita Immuno Kids 200g"},"content":{"rendered":"","protected":false},"excerpt":{"rendered":"<div class=\"wysiwyg\">\n<p><strong>Descriere produs<\/strong><\/p>\n<p>Liofilizovani mati\u010dni mle\u010d, vitamin C i dvovalentno vezano gvo\u017e\u0111e. Osve\u017eavaju\u0107i napitak sa prirodnom aromom \u0161umskog vo\u0107a namenjen nadoknadi gvo\u017e\u0111a. Fukcionalan dodatak ishrani u slu\u010daju sideropeni\u010dne anemije. Organski, lako usvojiv oblik gvo\u017e\u0111a koji ne izaziva tegobe. Pogodan za osobe oslabljenog imuniteta, trudnice i dojilje. Idealan je za decu pred\u0161kolskog i \u0161kolskog uzrasta. Pobolj\u0161ava metabolizam, varenje, nivo energije i krvnu sliku.<\/p>\n<p><strong>Dozaj \u0219i mod de administrare<\/strong><\/p>\n<p>Dve\u00a0ka\u0161i\u010dice na 2 dl vode.<\/p>\n<p><strong>Compozi\u0163ie<\/strong><\/p>\n<p>Mati\u010dni mle\u010d 52,5 mg, vitamin C 400 mg, prirodne boje, prirodne arome, \u0161e\u0107er,\u00a0gvo\u017e\u0111e (II)-fumarat\u00a0255 mg<\/p>\n<\/div>\n<div class=\"product-info\">\n<h3 class=\"title\"><i class=\"icon-clipboard mr-1\" aria-hidden=\"true\"><\/i>\u00a0Informa\u021bii suplimentare<\/h3>\n<table class=\"info-table\">\n<tbody>\n<tr>\n<th>Produc\u0103tor:<\/th>\n<td><a href=\"https:\/\/benu.rs\/altamed-revita\">ALTAMED_REVITA<\/a><\/td>\n<\/tr>\n<tr>\n<th>EAN kod:<\/th>\n<td>8,6001E+12<\/td>\n<\/tr>\n<tr>\n<th>Brend:<\/th>\n<td><a href=\"https:\/\/benu.rs\/revita\">Revita<\/a><\/td>\n<\/tr>\n<tr>\n<th>Caracteristici:<\/th>\n<td>Revita Fe Forest Berries je osve\u017eavaju\u0107i napitak sa ukusom \u0161umskog vo\u0107a oboga\u0107en vitaminom C i predstavlja dodatak svakodnevnoj ishrani.<\/td>\n<\/tr>\n<tr>\n<th>Osobine artikla:<\/th>\n<td>Ja\u010danje imuniteta<\/td>\n<\/tr>\n<tr>\n<th>Osobine artikla:<\/th>\n<td>Pobolj\u0161anje krvne slike<\/td>\n<\/tr>\n<\/tbody>\n<\/table>\n<\/div>","protected":false},"featured_media":8203,"template":"","meta":[],"product_brand":[3214],"product_cat":[369,106,127],"product_tag":[262,1654],"class_list":{"0":"post-8169","1":"product","2":"type-product","3":"status-publish","4":"has-post-thumbnail","6":"product_brand-revita","7":"product_cat-decija-hrana","8":"product_cat-preparati-za-apetit-i-imunitet-kod-dece","9":"product_cat-vitamini-i-minerali-za-decu","10":"product_tag-gvozdje","11":"product_tag-maticni-mlec","13":"first","14":"instock","15":"shipping-taxable","16":"purchasable","17":"product-type-simple"},"ams_default_variation_id":0,"ams_product_points_reward":[],"ams_product_discount_percentage":0,"ams_price_to_display":1960.74,"ams_acf":[],"jetpack_sharing_enabled":true,"_links":{"self":[{"href":"https:\/\/apotekar-online.rs\/ro\/wp-json\/wp\/v2\/product\/8169","targetHints":{"allow":["GET"]}}],"collection":[{"href":"https:\/\/apotekar-online.rs\/ro\/wp-json\/wp\/v2\/product"}],"about":[{"href":"https:\/\/apotekar-online.rs\/ro\/wp-json\/wp\/v2\/types\/product"}],"wp:featuredmedia":[{"embeddable":true,"href":"https:\/\/apotekar-online.rs\/ro\/wp-json\/wp\/v2\/media\/8203"}],"wp:attachment":[{"href":"https:\/\/apotekar-online.rs\/ro\/wp-json\/wp\/v2\/media?parent=8169"}],"wp:term":[{"taxonomy":"product_brand","embeddable":true,"href":"https:\/\/apotekar-online.rs\/ro\/wp-json\/wp\/v2\/product_brand?post=8169"},{"taxonomy":"product_cat","embeddable":true,"href":"https:\/\/apotekar-online.rs\/ro\/wp-json\/wp\/v2\/product_cat?post=8169"},{"taxonomy":"product_tag","embeddable":true,"href":"https:\/\/apotekar-online.rs\/ro\/wp-json\/wp\/v2\/product_tag?post=8169"}],"curies":[{"name":"wp","href":"https:\/\/api.w.org\/{rel}","templated":true}]}}