{"id":8198,"date":"2025-11-22T09:45:49","date_gmt":"2025-11-22T11:45:49","guid":{"rendered":"https:\/\/apotekar-online.rs\/?post_type=product&#038;p=8198"},"modified":"2026-03-05T08:26:25","modified_gmt":"2026-03-05T10:26:25","slug":"nodol-max-30-tableta","status":"publish","type":"product","link":"https:\/\/apotekar-online.rs\/ro\/p\/nodol-max-30-tableta\/","title":{"rendered":"Nodol Max 30 tableta"},"content":{"rendered":"","protected":false},"excerpt":{"rendered":"<p>Nodol Max 30 tabletamax tablete se preporu\u010duju kod hroni\u010dnih reumatskih tegoba, smanjene pokretljivosti i uko\u010denosti zglobova, zapaljenskih i degenerativnih promena na zglobovima. Svojim sastavom deluje i na bol u mi\u0161i\u0107ima, le\u0111ima, ki\u010dmenom stubu, pa se mo\u017ee koristiti i kod sportskih povreda, kao i nakon napornih fizi\u010dkih aktivnosti.<\/p>\n<h5>Dozaj \u0219i mod de utilizare<\/h5>\n<p>Preparat je namenjen odraslim osobama i primenjuje se oralno, jedna tableta na dan, uz \u010da\u0161u vode. Pakovanje sadr\u017ei 30 tableta.<\/p>\n<h5>Compozi\u0163ie<\/h5>\n<p>Glukozamin-sulfat, hondroitin-sulfat, MSM kompleks, suvi ekstrakt \u0111avolje kand\u017ee, list aloje. Proizvod ne sadr\u017ei laktozu, gluten ni derivate mleka.<\/p>","protected":false},"featured_media":8199,"template":"","meta":[],"product_brand":[],"product_cat":[82],"product_tag":[348,1644,1702,2757,1065,268],"class_list":{"0":"post-8198","1":"product","2":"type-product","3":"status-publish","4":"has-post-thumbnail","6":"product_cat-kosti-zglobovi-i-neuropatski-bol","7":"product_tag-bol","8":"product_tag-bolova-u-kostima-i-zglobovima","9":"product_tag-glukozamin-sulfat","10":"product_tag-hondroitin-sulfat","11":"product_tag-msm","12":"product_tag-zglobovi","13":"pa_brend-esi","15":"first","16":"instock","17":"shipping-taxable","18":"purchasable","19":"product-type-simple"},"ams_default_variation_id":0,"ams_product_points_reward":[],"ams_product_discount_percentage":0,"ams_price_to_display":1250,"ams_acf":[],"jetpack_sharing_enabled":true,"_links":{"self":[{"href":"https:\/\/apotekar-online.rs\/ro\/wp-json\/wp\/v2\/product\/8198","targetHints":{"allow":["GET"]}}],"collection":[{"href":"https:\/\/apotekar-online.rs\/ro\/wp-json\/wp\/v2\/product"}],"about":[{"href":"https:\/\/apotekar-online.rs\/ro\/wp-json\/wp\/v2\/types\/product"}],"wp:featuredmedia":[{"embeddable":true,"href":"https:\/\/apotekar-online.rs\/ro\/wp-json\/wp\/v2\/media\/8199"}],"wp:attachment":[{"href":"https:\/\/apotekar-online.rs\/ro\/wp-json\/wp\/v2\/media?parent=8198"}],"wp:term":[{"taxonomy":"product_brand","embeddable":true,"href":"https:\/\/apotekar-online.rs\/ro\/wp-json\/wp\/v2\/product_brand?post=8198"},{"taxonomy":"product_cat","embeddable":true,"href":"https:\/\/apotekar-online.rs\/ro\/wp-json\/wp\/v2\/product_cat?post=8198"},{"taxonomy":"product_tag","embeddable":true,"href":"https:\/\/apotekar-online.rs\/ro\/wp-json\/wp\/v2\/product_tag?post=8198"}],"curies":[{"name":"wp","href":"https:\/\/api.w.org\/{rel}","templated":true}]}}