{"id":8204,"date":"2025-11-23T08:50:04","date_gmt":"2025-11-23T10:50:04","guid":{"rendered":"https:\/\/apotekar-online.rs\/?post_type=product&#038;p=8204"},"modified":"2026-04-01T00:00:10","modified_gmt":"2026-04-01T02:00:10","slug":"revita-orange-forte-1000g","status":"publish","type":"product","link":"https:\/\/apotekar-online.rs\/ro\/p\/revita-orange-forte-1000g\/","title":{"rendered":"Revita Orange Forte 1000g"},"content":{"rendered":"","protected":false},"excerpt":{"rendered":"<p>Revita Orange Forte\u00a0je dijetetski proizvod na bazi mati\u010dnog mle\u010da. Sadr\u017ei 3 puta vi\u0161e mati\u010dnog mle\u010da, za jo\u0161 ve\u0107u otpornost i br\u017ei oporavak organizma. Aromatizovana je prirodnom aromom narand\u017ee, oboga\u0107ena C vitaminom i prirodnom bojom beta-karotena. Ovaj proizvod pogodan je za\u00a0ja\u010danje imuniteta, pove\u0107anje otpornosti na stres, za decu,\u00a0sportiste i\u00a0osobe izlo\u017eene pove\u0107anim umnim i fizi\u010dkim naporima, kao i zaga\u0111enjima u radnom i \u017eivotnom okru\u017eenju.<\/p>\n<h5><strong>Dozaj \u0219i mod de utilizare<\/strong><\/h5>\n<p>Se dizolv\u0103 dou\u0103 linguri\u021be de produs (12g) \u00eentr-un pahar cu ap\u0103 (0,2l).<\/p>\n<h5><strong>Compozi\u0163ie<\/strong><\/h5>\n<p>1 porcija: mati\u010dni mle\u010d\u00a038,88 mg; vitamin C (L-askorbinska kiselina)\u00a048,0 mg<\/p>","protected":false},"featured_media":8205,"template":"","meta":[],"product_brand":[],"product_cat":[77,3054],"product_tag":[1709,372,179,643],"class_list":{"0":"post-8204","1":"product","2":"type-product","3":"status-publish","4":"has-post-thumbnail","6":"product_cat-imunitet","7":"product_cat-akcija","8":"product_tag-betty","9":"product_tag-imuni-sistem","10":"product_tag-imunitet","11":"product_tag-jacanje-imuniteta","12":"pa_brend-revita","14":"first","15":"instock","16":"sale","17":"shipping-taxable","18":"purchasable","19":"product-type-simple"},"ams_default_variation_id":0,"ams_product_points_reward":[],"ams_product_discount_percentage":14.99,"ams_price_to_display":5688.7,"ams_acf":[],"jetpack_sharing_enabled":true,"_links":{"self":[{"href":"https:\/\/apotekar-online.rs\/ro\/wp-json\/wp\/v2\/product\/8204","targetHints":{"allow":["GET"]}}],"collection":[{"href":"https:\/\/apotekar-online.rs\/ro\/wp-json\/wp\/v2\/product"}],"about":[{"href":"https:\/\/apotekar-online.rs\/ro\/wp-json\/wp\/v2\/types\/product"}],"wp:featuredmedia":[{"embeddable":true,"href":"https:\/\/apotekar-online.rs\/ro\/wp-json\/wp\/v2\/media\/8205"}],"wp:attachment":[{"href":"https:\/\/apotekar-online.rs\/ro\/wp-json\/wp\/v2\/media?parent=8204"}],"wp:term":[{"taxonomy":"product_brand","embeddable":true,"href":"https:\/\/apotekar-online.rs\/ro\/wp-json\/wp\/v2\/product_brand?post=8204"},{"taxonomy":"product_cat","embeddable":true,"href":"https:\/\/apotekar-online.rs\/ro\/wp-json\/wp\/v2\/product_cat?post=8204"},{"taxonomy":"product_tag","embeddable":true,"href":"https:\/\/apotekar-online.rs\/ro\/wp-json\/wp\/v2\/product_tag?post=8204"}],"curies":[{"name":"wp","href":"https:\/\/api.w.org\/{rel}","templated":true}]}}