{"id":8269,"date":"2025-12-03T05:21:33","date_gmt":"2025-12-03T07:21:33","guid":{"rendered":"https:\/\/apotekar-online.rs\/?post_type=product&#038;p=8269"},"modified":"2026-03-05T08:26:25","modified_gmt":"2026-03-05T10:26:25","slug":"bgb-ten-herbs-40-tableta","status":"publish","type":"product","link":"https:\/\/apotekar-online.rs\/ro\/p\/bgb-ten-herbs-40-tableta\/","title":{"rendered":"BGB Ten Herbs 40 tableta"},"content":{"rendered":"","protected":false},"excerpt":{"rendered":"<p>Ovaj dijetetski dodatak ishrani sadr\u017ei me\u0161avinu deset lekovitih biljaka koje pospe\u0161uju fiziolo\u0161ku funkciju i \u010di\u0161\u0107enje debelog creva, posebno u slu\u010dajevima konstipacije (zatvora), nadimanja i lo\u0161eg varenja.<\/p>\n<p>&nbsp;<\/p>\n<p><strong>Ten herbs tablete:<\/strong><\/p>\n<p><strong>&#8211; olak\u0161avaju varenje<\/strong><\/p>\n<p><strong>&#8211; ubrzavaju pra\u017enjenje<\/strong><\/p>\n<p><strong>&#8211; otklanjaju nadimanje<\/strong><\/p>\n<p><strong>&#8211; ne izazivaju gr\u010deve<\/strong><\/p>\n<p><strong>&#8211; pospe\u0161uju prirodnu detoksikaciju organizma<\/strong><\/p>\n<p>&nbsp;<\/p>\n<p>Ova me\u0161avina biljaka je\u00a0delotvorna\u00a0jer podsti\u010de sistem organa za varenje, ne izazivaju\u0107i gr\u010deve\u00a0i bolove prilikom pra\u017enjenja.<\/p>\n<p>&nbsp;<\/p>\n<p><strong><em>Compozi\u0163ie:<\/em><\/strong><\/p>\n<p><strong>Ameri\u010dka kru\u0161ina, sena, aloja, \u017eestika i reum<\/strong>\u00a0doprinose normalnoj funkciji intestinalnog trakta.<\/p>\n<p><strong>Komora\u010d\u00a0<\/strong>doprinosi digestiji i eliminaciji gasova.<\/p>\n<p><strong>Sladi\u0107\u00a0<\/strong>doprinosi zdravlju gastrointestinalnog trakta, varenju i funkciji digestivnog sistema.<\/p>\n<p><strong>Lincura\u00a0<\/strong>doprinosi digestiji, vitalnosti i snazi organizma.<\/p>\n<p><strong>Masla\u010dak\u00a0<\/strong>doprinosi zdravlju digestivnog sistema i zdravlju jetre.<\/p>\n<p><strong>O\u010dajnica\u00a0<\/strong>doprinosi digestivnom zdravlju,\u00a0relaksaciji\u00a0gastroinstestinalnog<\/p>\n<p>trakta i zdravlju jetre i \u017eu\u010dne kese..<\/p>\n<p><strong>Sena\u00a0<\/strong>doprinosi intestinalnom zdravlju i normalnoj funkciji jetre.<\/p>\n<p>&nbsp;<\/p>\n<p><strong>Ne sadr\u017ei gluten, laktozu i GMO.<\/strong><\/p>\n<p><strong>Pogodno za vegane.<\/strong><\/p>\n<p><em>Upozorenje: ne preporu\u010duje se istovremena primena sa kortikosteroidima i diureticima.<br \/>\n<\/em><\/p>\n<p><strong>Mod de aplicare<\/strong><\/p>\n<p>1-3 tablete dnevno, uz \u010da\u0161u vode ili biljnog \u010daja, najbolje uve\u010de pre spavanja<\/p>","protected":false},"featured_media":8270,"template":"","meta":[],"product_brand":[],"product_cat":[152],"product_tag":[592,721,2321,723],"class_list":{"0":"post-8269","1":"product","2":"type-product","3":"status-publish","4":"has-post-thumbnail","6":"product_cat-preparati-za-praznjenje-creva","7":"product_tag-dijetetski-suplement","8":"product_tag-nadimanje","9":"product_tag-ublazavanje-tegoba-sa-varenjem","10":"product_tag-zatvor","11":"pa_brend-esi","13":"first","14":"instock","15":"shipping-taxable","16":"purchasable","17":"product-type-simple"},"ams_default_variation_id":0,"ams_product_points_reward":[],"ams_product_discount_percentage":0,"ams_price_to_display":660,"ams_acf":[],"jetpack_sharing_enabled":true,"_links":{"self":[{"href":"https:\/\/apotekar-online.rs\/ro\/wp-json\/wp\/v2\/product\/8269","targetHints":{"allow":["GET"]}}],"collection":[{"href":"https:\/\/apotekar-online.rs\/ro\/wp-json\/wp\/v2\/product"}],"about":[{"href":"https:\/\/apotekar-online.rs\/ro\/wp-json\/wp\/v2\/types\/product"}],"wp:featuredmedia":[{"embeddable":true,"href":"https:\/\/apotekar-online.rs\/ro\/wp-json\/wp\/v2\/media\/8270"}],"wp:attachment":[{"href":"https:\/\/apotekar-online.rs\/ro\/wp-json\/wp\/v2\/media?parent=8269"}],"wp:term":[{"taxonomy":"product_brand","embeddable":true,"href":"https:\/\/apotekar-online.rs\/ro\/wp-json\/wp\/v2\/product_brand?post=8269"},{"taxonomy":"product_cat","embeddable":true,"href":"https:\/\/apotekar-online.rs\/ro\/wp-json\/wp\/v2\/product_cat?post=8269"},{"taxonomy":"product_tag","embeddable":true,"href":"https:\/\/apotekar-online.rs\/ro\/wp-json\/wp\/v2\/product_tag?post=8269"}],"curies":[{"name":"wp","href":"https:\/\/api.w.org\/{rel}","templated":true}]}}