{"id":8281,"date":"2025-12-03T09:29:22","date_gmt":"2025-12-03T11:29:22","guid":{"rendered":"https:\/\/apotekar-online.rs\/?post_type=product&#038;p=8281"},"modified":"2026-03-05T08:26:25","modified_gmt":"2026-03-05T10:26:25","slug":"defendyl-imunoglukan-p4h-d3-30-kapsula","status":"publish","type":"product","link":"https:\/\/apotekar-online.rs\/ro\/p\/defendyl-imunoglukan-p4h-d3-30-kapsula\/","title":{"rendered":"Defendyl Imunoglukan P4H D3 30 kapsula"},"content":{"rendered":"","protected":false},"excerpt":{"rendered":"<div>Kapsule za ja\u010danje imuniteta sa jedinstvenom kombinacijom bukova\u010de IMG, vitamina C, vitamina D i cinka, koji dokazano doprinose normalnoj funkciji imunskog sistema.<\/div>\n<div><\/div>\n<div>Preporu\u010duje se osobama koje \u017eele brzo i sna\u017eno oja\u010dati imunitet, \u017eele oja\u010dati imunski sistem kod \u010destih bolesti i tokom \u010ditavog jesenjeg i zimskog perioda, koje imaju dodatne potrebe za vitaminom D, osobama koje su pod stresom, kod herpesa na usnama, sportski aktivnim osobama koje \u017eele da oja\u010daju imunski sistem.<\/div>\n<div><\/div>\n<div>\n<p><strong>Mod de aplicare<\/strong><\/p>\n<div>Odrasli i deca starija od 6 godina: 1 kapsula na dan.<\/div>\n<div><\/div>\n<div>Na prazan stomak ujutro pola sata pre doru\u010dka ili uve\u010de pre spavanja. Uzmite ih sa \u010da\u0161om vode i progutajte. Mo\u017eete i otvoriti kapsulu, istresti sadr\u017eaj na ka\u0161i\u010dicu i popiti sa malo te\u010dnosti; to mo\u017ee da bude i vo\u0107ni sok.<\/div>\n<div>Preporu\u010duje se uzimanje najmanje 2\u20133 meseca. Kod pove\u0107anih potreba proizvod je prikladan i bezbedan za upotrebu tokom du\u017eeg perioda, \u010dak i do 12 meseci.<\/div>\n<\/div>\n<div><\/div>","protected":false},"featured_media":8295,"template":"","meta":[],"product_brand":[],"product_cat":[77],"product_tag":[372,2275],"class_list":{"0":"post-8281","1":"product","2":"type-product","3":"status-publish","4":"has-post-thumbnail","6":"product_cat-imunitet","7":"product_tag-imuni-sistem","8":"product_tag-imunoglukan","9":"pa_brend-medis","11":"first","12":"instock","13":"shipping-taxable","14":"purchasable","15":"product-type-simple"},"ams_default_variation_id":0,"ams_product_points_reward":[],"ams_product_discount_percentage":0,"ams_price_to_display":1495.3,"ams_acf":[],"jetpack_sharing_enabled":true,"_links":{"self":[{"href":"https:\/\/apotekar-online.rs\/ro\/wp-json\/wp\/v2\/product\/8281","targetHints":{"allow":["GET"]}}],"collection":[{"href":"https:\/\/apotekar-online.rs\/ro\/wp-json\/wp\/v2\/product"}],"about":[{"href":"https:\/\/apotekar-online.rs\/ro\/wp-json\/wp\/v2\/types\/product"}],"wp:featuredmedia":[{"embeddable":true,"href":"https:\/\/apotekar-online.rs\/ro\/wp-json\/wp\/v2\/media\/8295"}],"wp:attachment":[{"href":"https:\/\/apotekar-online.rs\/ro\/wp-json\/wp\/v2\/media?parent=8281"}],"wp:term":[{"taxonomy":"product_brand","embeddable":true,"href":"https:\/\/apotekar-online.rs\/ro\/wp-json\/wp\/v2\/product_brand?post=8281"},{"taxonomy":"product_cat","embeddable":true,"href":"https:\/\/apotekar-online.rs\/ro\/wp-json\/wp\/v2\/product_cat?post=8281"},{"taxonomy":"product_tag","embeddable":true,"href":"https:\/\/apotekar-online.rs\/ro\/wp-json\/wp\/v2\/product_tag?post=8281"}],"curies":[{"name":"wp","href":"https:\/\/api.w.org\/{rel}","templated":true}]}}