{"id":8287,"date":"2025-12-03T09:47:08","date_gmt":"2025-12-03T11:47:08","guid":{"rendered":"https:\/\/apotekar-online.rs\/?post_type=product&#038;p=8287"},"modified":"2026-05-07T04:13:53","modified_gmt":"2026-05-07T06:13:53","slug":"dietpharm-magnezijum-glicinat-80-kapsula","status":"publish","type":"product","link":"https:\/\/apotekar-online.rs\/ro\/p\/dietpharm-magnezijum-glicinat-80-kapsula\/","title":{"rendered":"Dietpharm Magnezijum Glicinat 80 kapsula"},"content":{"rendered":"","protected":false},"excerpt":{"rendered":"<div>Magnezijum glicinat je dodatak ishrani sa organskim oblikom magnezijuma, bisglicinatom, koji ima visoku bioraspolo\u017eivost. Magnezijum glicinat obezbe\u0111uje potporu nervnom sistemu, psiholo\u0161koj funkciji i mi\u0161i\u0107ima \u010dime doprinosi unapre\u0111enju svakodnevnih aktivnosti.<\/div>\n<div>Za normalnu psiholo\u0161ku i nervnu funkciju, ukoliko se ose\u0107ate razdra\u017eeno,\u00a0 napeto, lo\u0161e spavate ili imate \u010deste glavobolje.<br \/>\nPodr\u0161ka funkciji mi\u0161i\u0107a i ravnote\u017ei elektorlita.<br \/>\nU slu\u010daju umora i iscrpljenosti.<br \/>\nZa normalan energetski metabolizam.<strong>Mod de aplicare<\/strong><\/div>\n<div><\/div>\n<div>Za decu od 14 godina i odrasle: 2 do 4 kapsule na dan.<\/div>","protected":false},"featured_media":8294,"template":"","meta":[],"product_brand":[3079],"product_cat":[78,3054],"product_tag":[1709,323,3062,1511],"class_list":{"0":"post-8287","1":"product","2":"type-product","3":"status-publish","4":"has-post-thumbnail","6":"product_brand-dietpharm","7":"product_cat-vitamini-i-minerali","8":"product_cat-akcija","9":"product_tag-betty","10":"product_tag-magnezijum","11":"product_tag-magnezijum-glicinat","12":"product_tag-metabolizam","13":"pa_brend-dietpharm","15":"first","16":"instock","17":"sale","18":"shipping-taxable","19":"purchasable","20":"product-type-simple"},"ams_default_variation_id":0,"ams_product_points_reward":[],"ams_product_discount_percentage":27.54,"ams_price_to_display":1450,"ams_acf":[],"jetpack_sharing_enabled":true,"_links":{"self":[{"href":"https:\/\/apotekar-online.rs\/ro\/wp-json\/wp\/v2\/product\/8287","targetHints":{"allow":["GET"]}}],"collection":[{"href":"https:\/\/apotekar-online.rs\/ro\/wp-json\/wp\/v2\/product"}],"about":[{"href":"https:\/\/apotekar-online.rs\/ro\/wp-json\/wp\/v2\/types\/product"}],"wp:featuredmedia":[{"embeddable":true,"href":"https:\/\/apotekar-online.rs\/ro\/wp-json\/wp\/v2\/media\/8294"}],"wp:attachment":[{"href":"https:\/\/apotekar-online.rs\/ro\/wp-json\/wp\/v2\/media?parent=8287"}],"wp:term":[{"taxonomy":"product_brand","embeddable":true,"href":"https:\/\/apotekar-online.rs\/ro\/wp-json\/wp\/v2\/product_brand?post=8287"},{"taxonomy":"product_cat","embeddable":true,"href":"https:\/\/apotekar-online.rs\/ro\/wp-json\/wp\/v2\/product_cat?post=8287"},{"taxonomy":"product_tag","embeddable":true,"href":"https:\/\/apotekar-online.rs\/ro\/wp-json\/wp\/v2\/product_tag?post=8287"}],"curies":[{"name":"wp","href":"https:\/\/api.w.org\/{rel}","templated":true}]}}