{"id":8345,"date":"2026-01-21T07:12:02","date_gmt":"2026-01-21T09:12:02","guid":{"rendered":"https:\/\/apotekar-online.rs\/?post_type=product&#038;p=8345"},"modified":"2026-03-05T08:27:39","modified_gmt":"2026-03-05T10:27:39","slug":"cink-selen-tbl-a100","status":"publish","type":"product","link":"https:\/\/apotekar-online.rs\/ro\/p\/cink-selen-tbl-a100\/","title":{"rendered":"Cink selen 100 tableta"},"content":{"rendered":"","protected":false},"excerpt":{"rendered":"<p data-start=\"220\" data-end=\"476\">Cink\u2013Selen tablete su dodatak ishrani namenjen svakodnevnoj podr\u0161ci imunitetu i za\u0161titi organizma od oksidativnog stresa. Kombinacija cinka i selena doprinosi normalnom funkcionisanju imunog sistema i poma\u017ee u o\u010duvanju zdravlja \u0107elija.<\/p>\n<p data-start=\"478\" data-end=\"769\">Cink ima va\u017enu ulogu u odr\u017eavanju normalnog vida, ko\u017ee, kose i noktiju, kao i u o\u010duvanju zdravlja kostiju i reproduktivne funkcije. Selen doprinosi normalnoj funkciji \u0161titne \u017elezde, u\u010destvuje u za\u0161titi \u0107elija od oksidativnog o\u0161te\u0107enja i ima zna\u010dajnu ulogu u o\u010duvanju plodnosti kod mu\u0161karaca.<\/p>\n<p data-start=\"771\" data-end=\"912\">Preparat je pogodan za dugoro\u010dnu upotrebu i namenjen je osobama koje \u017eele dodatnu nutritivnu podr\u0161ku u periodima pove\u0107anih potreba organizma.<\/p>\n<p data-start=\"914\" data-end=\"934\"><strong data-start=\"914\" data-end=\"932\">Mod de utilizare<\/strong><\/p>\n<ul data-start=\"935\" data-end=\"1032\">\n<li data-start=\"935\" data-end=\"991\">\n<p data-start=\"937\" data-end=\"991\">Deca starija od 12 godina: 1 tableta dnevno uz obrok<\/p>\n<\/li>\n<li data-start=\"992\" data-end=\"1032\">\n<p data-start=\"994\" data-end=\"1032\">Odrasli: 1\u20132 tablete dnevno uz obrok<\/p>\n<\/li>\n<\/ul>\n<p data-start=\"1034\" data-end=\"1059\"><strong data-start=\"1034\" data-end=\"1057\">Sastav (po tableti)<\/strong><\/p>\n<ul data-start=\"1060\" data-end=\"1146\">\n<li data-start=\"1060\" data-end=\"1100\">\n<p data-start=\"1062\" data-end=\"1100\">Cink (u obliku cink-glukonata): 7 mg<\/p>\n<\/li>\n<li data-start=\"1101\" data-end=\"1146\">\n<p data-start=\"1103\" data-end=\"1146\">Selen (u obliku L-selenometionina): 30 \u00b5g<\/p>\n<\/li>\n<\/ul>\n<p data-start=\"1148\" data-end=\"1278\"><strong data-start=\"1148\" data-end=\"1160\">Not\u0103<\/strong><br data-start=\"1160\" data-end=\"1163\" \/>Proizvod ne sadr\u017ei gluten.<br data-start=\"1189\" data-end=\"1192\" \/>Dodatak ishrani nije zamena za raznovrsnu i uravnote\u017eenu ishranu i zdrav na\u010din \u017eivota.<\/p>","protected":false},"featured_media":8346,"template":"","meta":[],"product_brand":[3089],"product_cat":[78,77],"product_tag":[3063,185,179,235],"class_list":{"0":"post-8345","1":"product","2":"type-product","3":"status-publish","4":"has-post-thumbnail","6":"product_brand-anafarm","7":"product_cat-vitamini-i-minerali","8":"product_cat-imunitet","9":"product_tag-anafarm","10":"product_tag-cink","11":"product_tag-imunitet","12":"product_tag-selen","13":"pa_brend-anafarm","15":"first","16":"instock","17":"shipping-taxable","18":"purchasable","19":"product-type-simple"},"ams_default_variation_id":0,"ams_product_points_reward":[],"ams_product_discount_percentage":0,"ams_price_to_display":480,"ams_acf":[],"jetpack_sharing_enabled":true,"_links":{"self":[{"href":"https:\/\/apotekar-online.rs\/ro\/wp-json\/wp\/v2\/product\/8345","targetHints":{"allow":["GET"]}}],"collection":[{"href":"https:\/\/apotekar-online.rs\/ro\/wp-json\/wp\/v2\/product"}],"about":[{"href":"https:\/\/apotekar-online.rs\/ro\/wp-json\/wp\/v2\/types\/product"}],"wp:featuredmedia":[{"embeddable":true,"href":"https:\/\/apotekar-online.rs\/ro\/wp-json\/wp\/v2\/media\/8346"}],"wp:attachment":[{"href":"https:\/\/apotekar-online.rs\/ro\/wp-json\/wp\/v2\/media?parent=8345"}],"wp:term":[{"taxonomy":"product_brand","embeddable":true,"href":"https:\/\/apotekar-online.rs\/ro\/wp-json\/wp\/v2\/product_brand?post=8345"},{"taxonomy":"product_cat","embeddable":true,"href":"https:\/\/apotekar-online.rs\/ro\/wp-json\/wp\/v2\/product_cat?post=8345"},{"taxonomy":"product_tag","embeddable":true,"href":"https:\/\/apotekar-online.rs\/ro\/wp-json\/wp\/v2\/product_tag?post=8345"}],"curies":[{"name":"wp","href":"https:\/\/api.w.org\/{rel}","templated":true}]}}