{"id":8353,"date":"2026-01-21T07:31:53","date_gmt":"2026-01-21T09:31:53","guid":{"rendered":"https:\/\/apotekar-online.rs\/?post_type=product&#038;p=8353"},"modified":"2026-03-05T08:27:39","modified_gmt":"2026-03-05T10:27:39","slug":"pepto-soda-sum-pra-sa-zas-a20","status":"publish","type":"product","link":"https:\/\/apotekar-online.rs\/ro\/p\/pepto-soda-sum-pra-sa-zas-a20\/","title":{"rendered":"Pepto Soda \u0161ume\u0107i pra\u0161ak 20 kesica"},"content":{"rendered":"","protected":false},"excerpt":{"rendered":"<p><strong>Pepto Soda<\/strong>\u00a0je jedinstveni dodatak ishrani u vidu \u0161ume\u0107eg pra\u0161ka \u010diji je aktivni sastojak soda bikarbona i koristi se za neutralisanje hlorovodoni\u010dne kiseline u \u017eelucu. Pepto Soda doprinosi smanjenju goru\u0161ice, otklanjanju bola i drugih tegoba koji prate prekomerno lu\u010denje \u017eeluda\u010dne kiseline.<\/p>\n<p>Lako se rastvara i ima prijatan ukus limuna.<\/p>\n<p>Pakovanje\/neto koli\u010dina: 20 kesica \u0161ume\u0107eg pra\u0161ka 80 g<\/p>\n<h4>DOZARE<\/h4>\n<p>Sadr\u017eaj jedne kesice rastvoriti u \u010da\u0161i vode. Uzimati u obliku napitka jednom dnevno.<\/p>\n<h4>SASTOJCI:<\/h4>\n<p>Natrijum-hidrogenkarbonat (soda bikarbona); limunska kiselina (regulator kiselosti); sorbitol (sredstvo za pove\u0107anje zapremine); aroma; silicijum-dioksid (sredstvo protiv zgrudnjavanja); sukraloza I steviol glikozidi (zasla\u0111iva\u010di).<\/p>\n<p>&nbsp;<\/p>\n<h3><strong>UPOZORENJE<\/strong><\/h3>\n<p>Proizvod se ne preporu\u010duje osobama koje imaju visok pritisak, kardiovaskularna ili oboljenja bubrega, kao ni osobama preosetljivim na neki od sastojaka! Primena kod dece, trudnica i dojilja zahteva poseban oprez, preporuku i nadzor lekara. Ne preporu\u010duje se primena du\u017ee od dve nedelje, osim po savetu lekara. Prekomerna upotreba mo\u017ee da izazove laksativni efekat.<\/p>\n<p><strong>Note:<\/strong>\u00a0Preporu\u010dena doza se ne sme prekora\u010diti. Dodaci ishrani se ne mogu koristiti kao zamena za raznovrsnu i uravnote\u017eenu ishranu i zdrav na\u010din \u017eivota. \u010cuvati van doma\u0161aja dece.<\/p>\n<p><strong>Metoda de depozitare:<\/strong>\u00a0\u010cuvati na temperaturi do 25\u00b0C u originalnoj ambala\u017ei, za\u0161ti\u0107eno od svetlosti i vlage.<\/p>\n<p><strong>Produc\u0103tor:<\/strong>\u00a0za Goodwill Pharma d.o.o. Segedinski put 80, 24000 Subotica, Republika Srbija.<\/p>\n<p>Proizvedeno u: Republici Srbiji.<\/p>\n<p>Broj i datum upisa u bazu podataka Ministarstva zdravlja Republike Srbije: 20677\/2022 od 04.04.2022. godine<\/p>","protected":false},"featured_media":8354,"template":"","meta":[],"product_brand":[3080],"product_cat":[126],"product_tag":[3065],"class_list":{"0":"post-8353","1":"product","2":"type-product","3":"status-publish","4":"has-post-thumbnail","6":"product_brand-goodwill-pharma","7":"product_cat-preparati-za-gorusicu-i-otezano-varenje","8":"product_tag-goodwill","10":"first","11":"instock","12":"shipping-taxable","13":"purchasable","14":"product-type-simple"},"ams_default_variation_id":0,"ams_product_points_reward":[],"ams_product_discount_percentage":0,"ams_price_to_display":565.66,"ams_acf":[],"jetpack_sharing_enabled":true,"_links":{"self":[{"href":"https:\/\/apotekar-online.rs\/ro\/wp-json\/wp\/v2\/product\/8353","targetHints":{"allow":["GET"]}}],"collection":[{"href":"https:\/\/apotekar-online.rs\/ro\/wp-json\/wp\/v2\/product"}],"about":[{"href":"https:\/\/apotekar-online.rs\/ro\/wp-json\/wp\/v2\/types\/product"}],"wp:featuredmedia":[{"embeddable":true,"href":"https:\/\/apotekar-online.rs\/ro\/wp-json\/wp\/v2\/media\/8354"}],"wp:attachment":[{"href":"https:\/\/apotekar-online.rs\/ro\/wp-json\/wp\/v2\/media?parent=8353"}],"wp:term":[{"taxonomy":"product_brand","embeddable":true,"href":"https:\/\/apotekar-online.rs\/ro\/wp-json\/wp\/v2\/product_brand?post=8353"},{"taxonomy":"product_cat","embeddable":true,"href":"https:\/\/apotekar-online.rs\/ro\/wp-json\/wp\/v2\/product_cat?post=8353"},{"taxonomy":"product_tag","embeddable":true,"href":"https:\/\/apotekar-online.rs\/ro\/wp-json\/wp\/v2\/product_tag?post=8353"}],"curies":[{"name":"wp","href":"https:\/\/api.w.org\/{rel}","templated":true}]}}