{"id":8373,"date":"2026-02-04T18:54:23","date_gmt":"2026-02-04T20:54:23","guid":{"rendered":"https:\/\/apotekar-online.rs\/?post_type=product&#038;p=8373"},"modified":"2026-03-05T08:27:39","modified_gmt":"2026-03-05T10:27:39","slug":"cink-forte-30-tableta","status":"publish","type":"product","link":"https:\/\/apotekar-online.rs\/ro\/p\/cink-forte-30-tableta\/","title":{"rendered":"Cink Forte 30 tableta"},"content":{"rendered":"","protected":false},"excerpt":{"rendered":"<h2>\u017delite da oja\u010date svoj imunitet i obezbedite dobro zdravlje?<\/h2>\n<p>Cink Forte je va\u0161 pouzdan saveznik za\u00a0<strong>dobro funkcionisanje organizma i sna\u017ean imunitet<\/strong>.<br \/>\nVa\u017ean je jer u\u010destvuje u preko 300 enzimskih reakcija. Osim ja\u010danja imunog sistema, poma\u017ee telu da se\u00a0<strong>efikasno bori protiv infekcija, pove\u0107ava energiju i doprinosi boljoj koncentraciji<\/strong>\u00a0i izdr\u017eljivosti. Cink\u00a0<strong>je klju\u010dan za regeneraciju \u0107elija<\/strong>\u00a0i odr\u017eavanje zdravlja tkiva. Poma\u017ee u o\u010duvanju\u00a0<strong>zdravlja kose<\/strong>\u00a0\u0219i\u00a0<strong>spre\u010dava njen gubitak<\/strong>. Doprinosi hormonskoj ravnote\u017ei i podr\u017eava reproduktivno zdravlje.<\/p>\n<p>Poja\u010dana koncentracija cinka u formulaciji ovog preparata ima nekoliko bitnih prednosti, uklju\u010duju\u0107i\u00a0<strong>protivupalna dejstva i doprinos razvoju imunih \u0107elija<\/strong>. Uz to, mineral cinka\u00a0<strong>obezbe\u0111uje zdravu ko\u017eu<\/strong>, jer pru\u017ea podr\u0161ku za \u0107elijsku obnovu i rast \u0107elija, \u0161to je neophodno za regeneraciju ko\u017ee, kose (spre\u010dava njeno opadanje) i noktiju,\u00a0<strong>vr\u0161i sintezu DNK i proizvodnju proteina<\/strong>. Cink ujedno\u00a0<strong>poma\u017ee u borbi protiv bakterija i virusa<\/strong>, pobolj\u0161avaju\u0107i sposobnost tela da se bori protiv infekcija. Klju\u010dan je\u00a0<strong>za odr\u017eavanje mentalne i fizi\u010dke energije<\/strong>\u00a0\u0219i\u00a0<strong>za odr\u017eavanje stabilnih hormonskih nivoa<\/strong>, \u0161to mo\u017ee doprineti boljoj ravnote\u017ei hormona u organizmu.<\/p>\n<h2>Za\u0161to odabrati Cink FORTE tablete:<\/h2>\n<ul>\n<li>Ja\u010danje imunog sistema: Suplementacija cinkom je odli\u010dna za unapre\u0111enje imuniteta i prevenciju u borbi protiv bakterija i virusa.<\/li>\n<li>Zdravlje ko\u017ee i kose: Cink poma\u017ee u odr\u017eavanju zdravlja ko\u017ee i spre\u010dava opadanje kose.<\/li>\n<li>Podr\u0161ka za celokupno zdravlje: Klju\u010dan za sintezu DNK, proizvodnju proteina i regeneraciju \u0107elija.<\/li>\n<\/ul>\n<p><strong>Compozi\u021bia produsului:<\/strong><br \/>\nJedna tableta sadr\u017ei 20 mg cinka. Ova poja\u010dana koncentracija cinka osigurava optimalne benefite za va\u0161 organizam.<\/p>\n<p><strong>Mod de utilizare:<\/strong><br \/>\nPreporu\u010duje se uzimanje jedne tablete dnevno, uz obrok, za optimalne rezultate. Cink FORTE tablete su va\u0161a svakodnevna podr\u0161ka za ja\u010danje imunog sistema i odr\u017eavanje op\u0161teg zdravlja.<\/p>\n<p><strong>Kome je namenjen:<\/strong><br \/>\nCink FORTE je namenjen odraslima koji \u017eele da\u00a0<strong>oja\u010daju svoj imunitet, pobolj\u0161aju mentalnu i fizi\u010dku snagu, i o\u010duvaju zdravlje ko\u017ee i kose<\/strong>. Posebno je koristan za one koji se bore sa hormonskom neravnote\u017eom i \u017eele\u00a0<strong>prirodnu podr\u0161ku za obnovu \u0107elija<\/strong>.<\/p>\n<p><strong>Not\u0103:<\/strong><br \/>\nPreparat nije namenjen mla\u0111ima od 18 godina.<\/p>\n<p><strong>Dodajte Cink FORTE tablete u svoju svakodnevnu rutinu danas i pru\u017eite svom organizmu neophodnu podr\u0161ku za optimalno zdravlje i vitalnost!<\/strong><\/p>\n<p><strong>Dozaj \u0219i mod de utilizare\u00a0<\/strong><\/p>\n<p>Preporu\u010duje se uzimanje jedne tablete dnevno, uz obrok, za optimalne rezultate. Cink FORTE tablete su va\u0161a svakodnevna podr\u0161ka za ja\u010danje imunog sistema i odr\u017eavanje op\u0161teg zdravlja.<\/p>","protected":false},"featured_media":8374,"template":"","meta":[],"product_brand":[],"product_cat":[77,80,78,84,85],"product_tag":[185,179,3066],"class_list":{"0":"post-8373","1":"product","2":"type-product","3":"status-publish","4":"has-post-thumbnail","6":"product_cat-imunitet","7":"product_cat-koza-kosa-i-nokti","8":"product_cat-vitamini-i-minerali","9":"product_cat-zdravlje-muskaraca","10":"product_cat-zdravlje-zena","11":"product_tag-cink","12":"product_tag-imunitet","13":"product_tag-spermatozoidi","14":"pa_brend-anafarm","16":"first","17":"instock","18":"shipping-taxable","19":"purchasable","20":"product-type-simple"},"ams_default_variation_id":0,"ams_product_points_reward":[],"ams_product_discount_percentage":0,"ams_price_to_display":560,"ams_acf":[],"jetpack_sharing_enabled":true,"_links":{"self":[{"href":"https:\/\/apotekar-online.rs\/ro\/wp-json\/wp\/v2\/product\/8373","targetHints":{"allow":["GET"]}}],"collection":[{"href":"https:\/\/apotekar-online.rs\/ro\/wp-json\/wp\/v2\/product"}],"about":[{"href":"https:\/\/apotekar-online.rs\/ro\/wp-json\/wp\/v2\/types\/product"}],"wp:featuredmedia":[{"embeddable":true,"href":"https:\/\/apotekar-online.rs\/ro\/wp-json\/wp\/v2\/media\/8374"}],"wp:attachment":[{"href":"https:\/\/apotekar-online.rs\/ro\/wp-json\/wp\/v2\/media?parent=8373"}],"wp:term":[{"taxonomy":"product_brand","embeddable":true,"href":"https:\/\/apotekar-online.rs\/ro\/wp-json\/wp\/v2\/product_brand?post=8373"},{"taxonomy":"product_cat","embeddable":true,"href":"https:\/\/apotekar-online.rs\/ro\/wp-json\/wp\/v2\/product_cat?post=8373"},{"taxonomy":"product_tag","embeddable":true,"href":"https:\/\/apotekar-online.rs\/ro\/wp-json\/wp\/v2\/product_tag?post=8373"}],"curies":[{"name":"wp","href":"https:\/\/api.w.org\/{rel}","templated":true}]}}