{"id":8424,"date":"2026-02-05T09:57:56","date_gmt":"2026-02-05T11:57:56","guid":{"rendered":"https:\/\/apotekar-online.rs\/?post_type=product&#038;p=8424"},"modified":"2026-03-05T08:38:28","modified_gmt":"2026-03-05T10:38:28","slug":"acc-akut-600-sumece-tablete-a10-2","status":"publish","type":"product","link":"https:\/\/apotekar-online.rs\/ro\/p\/acc-akut-600-sumece-tablete-a10-2\/","title":{"rendered":"ACC AKUT 600 comprimate efervescente a10"},"content":{"rendered":"","protected":false},"excerpt":{"rendered":"<p><strong>V\u00e2nzarea acestui medicament prin internet este interzis\u0103 de legea Republicii Serbia, \u00een timp ce publicitatea acestuia prin internet este permis\u0103 exclusiv<\/strong>\u00a0<strong>ca reamintire si are scopul de a informa.<\/strong><\/p>\n<p>PRAVILNIK O NA\u010cINU OGLA\u0160AVANJA LEKA, ODNOSNO MEDICINSKOG SREDSTVA Sl. Gl. RS\u201c, br.79\/2010 MO\u017dETE POGLEDATI\u00a0<a href=\"https:\/\/www.apotekaonline.rs\/image\/data\/pdf\/pravilnik-o-nacinu-oglasavanja-leka-odnosno-medicinskog-sredstva.pdf\">AICI.<\/a><\/p>\n<p>&nbsp;<\/p>\n<p><strong>Citi\u021bi cu aten\u021bie acest manual, deoarece con\u021bine informa\u021bii care sunt importante pentru dvs.<\/strong><\/p>\n<p>Pute\u021bi cump\u0103ra acest medicament f\u0103r\u0103 prescrip\u021bie medical\u0103, pentru tratamentul bolilor u\u0219oare f\u0103r\u0103 ajutorul medicului dumneavoastr\u0103. \u00cen plus, trebuie s\u0103 utiliza\u021bi acest medicament cu aten\u021bie pentru a ob\u021bine cele mai bune rezultate. Dac\u0103 ave\u021bi nevoie de informa\u021bii sau sfaturi suplimentare, contacta\u021bi medicul sau farmacistul. Dac\u0103 simptomele dumneavoastr\u0103 se agraveaz\u0103 sau nu v\u0103 sim\u021bi\u021bi mai bine, asigura\u021bi-v\u0103 c\u0103 merge\u021bi la medicul dumneavoastr\u0103.<\/p>\n<p><strong>Ce este acc\u00ae akut 600 \u0219i pentru ce este?<\/strong><br \/>\nMedicamentul ACC\u00ae akut 600 apar\u021bine unui grup de medicamente numite mucolitice. Mucoliticele reduc densitatea secre\u021biilor din tractul respirator, faciliteaz\u0103 \u0219i sus\u021bin expectora\u021bia \u00een condi\u021bii de boal\u0103 respiratorie acut\u0103 \u0219i cronic\u0103 \u00eenso\u021bit\u0103 de formarea de secre\u021bii groase \u0219i expectora\u021bie dificil\u0103.<\/p>\n<p><strong>Ce trebuie s\u0103 \u0219ti\u021bi \u00eenainte de a lua ACC\u00ae acute 600:<\/strong><br \/>\nNu trebuie s\u0103 utiliza\u021bi ACC\u00ae acute 600:<\/p>\n<ul>\n<li>Dac\u0103 sunte\u021bi alergic (hipersensibil) la acetilcistein\u0103 sau la orice alt\u0103 component\u0103 a ACC\u00ae acute 600<\/li>\n<li>Datorit\u0103 concentra\u021biei ridicate a substan\u021bei active, ACC\u00ae acute 600 nu trebuie utilizat la copii sub 2 ani.<\/li>\n<li>Pentru ei se recomand\u0103 utilizarea ACC\u00ae acute 600<\/li>\n<li>La copiii cu v\u00e2rsta cuprins\u0103 \u00eentre 1 lun\u0103 \u0219i 1 an, ACC\u00ae acute 600 trebuie utilizat numai dac\u0103 exist\u0103 indica\u021bii medicale vitale. Medicamentul trebuie administrat sub supravegherea strict\u0103 a medicului, de preferin\u021b\u0103 \u00een spital. Nu exist\u0103 date \u0219i recomand\u0103ri fiabile cu privire la modul de dozare a acetilcisteinei la nou-n\u0103scu\u021bi<\/li>\n<\/ul>\n<p><strong>C\u00e2nd lua\u021bi ACC\u00ae acute 600, fi\u021bi deosebit de aten\u021bi:<\/strong><br \/>\nFoarte rar au fost raportate modific\u0103ri severe ale pielii cu vezicule sau descuam\u0103ri ale pielii (sindrom Stevens-Johnson \u0219i Lyell) asociate cu utilizarea acetilcisteinei. Dac\u0103 apar noi modific\u0103ri pe piele \u0219i mucoase, este necesar s\u0103 solicita\u021bi imediat sfatul unui medic \u0219i s\u0103 opri\u021bi utilizarea acetilcisteinei.<br \/>\nEste necesar\u0103 pruden\u021b\u0103 dac\u0103 ave\u021bi astm bron\u0219ic sau ave\u021bi sau a\u021bi avut vreodat\u0103 un ulcer gastric sau duodenal.<br \/>\nEste necesar\u0103 pruden\u021b\u0103 la pacien\u021bii cu intoleran\u021b\u0103 la histamin\u0103. Evita\u021bi utilizarea pe termen lung a acestui medicament, deoarece ACC\u00ae acute 600 poate duce la simptome de intoleran\u021b\u0103 (de exemplu, dureri de cap, secre\u021bii nazale, m\u00e2nc\u0103rimi).<br \/>\nACC\u00ae acute 600 nu trebuie utilizat la pacien\u021bii cu insuficien\u021b\u0103 hepatic\u0103 sau renal\u0103 pentru a evita aportul suplimentar de substan\u021be azotate.<br \/>\nObavestite lekara da uzimate ovaj lek ako ste na dijeti sa ograni\u010denim unosom natrijuma (smanjen unos natrijuma\/ soli) (videti odeljak \u201eVa\u017ene informacije o nekim sastojcima leka\u00a0 ACC\u00ae akut 600).<\/p>\n<p><strong>Aplicarea altor medicamente:<\/strong><br \/>\nSpune\u021bi medicului dumneavoastr\u0103 \u0219i farmacistului dac\u0103 lua\u021bi sau a\u021bi luat recent orice alte medicamente, inclusiv cele care pot fi eliberate f\u0103r\u0103 prescrip\u021bie medical\u0103.<br \/>\nUtilizarea combinat\u0103 a acetilcisteinei cu antitusive (medicament antitusiv) poate provoca re\u021binerea periculoas\u0103 a secre\u021biilor \u00een tractul respirator din cauza reducerii reflexului de tuse. \u00cenainte de a \u00eencepe utilizarea acestei combina\u021bii de medicamente, asigura\u021bi-v\u0103 c\u0103 v\u0103 consulta\u021bi medicul.<br \/>\nAntibioticele orale (tetracicline, peniciline, aminoglicozide) trebuie administrate separat de acetilcistein\u0103 \u0219i la un interval de cel pu\u021bin 2 ore. Acest lucru nu se aplic\u0103 pentru cefixime \u0219i loracarbef care pot fi luate \u00een acela\u0219i timp cu acetilcisteina.<\/p>\n<p><strong>Utilizarea ACC\u00ae acute 600 cu alimente sau b\u0103uturi:<\/strong><br \/>\nMedicamentul trebuie luat numai dup\u0103 mas\u0103.<\/p>\n<p><strong>Utilizarea ACC\u00ae acute 600 \u00een timpul sarcinii \u0219i al\u0103pt\u0103rii:<\/strong><br \/>\n\u00cenainte de a \u00eencepe s\u0103 lua\u021bi orice medicament, consulta\u021bi medicul sau farmacistul.<br \/>\n<strong>Sarcina:<\/strong><br \/>\nDeoarece nu exist\u0103 suficient\u0103 experien\u021b\u0103 cu privire la utilizarea acetilcisteinei la femeile \u00eens\u0103rcinate, lua\u021bi acest medicament numai dac\u0103 medicul consider\u0103 c\u0103 este cu adev\u0103rat necesar.<br \/>\n<strong>Al\u0103ptarea:<\/strong><br \/>\nNu exist\u0103 date despre excre\u021bia acetilcisteinei \u00een laptele matern. Prin urmare, ar trebui s\u0103 utiliza\u021bi acest medicament \u00een timpul al\u0103pt\u0103rii numai dac\u0103 medicul consider\u0103 c\u0103 este cu adev\u0103rat necesar.<\/p>\n<p><strong>Efectul medicamentului ACC\u00ae akut 600 asupra conducerii autovehiculelor \u0219i a ma\u0219inilor:<\/strong><br \/>\nAcetilcisteina nu afecteaz\u0103 capacitatea de a conduce un vehicul sau de a folosi utilaje.<br \/>\nInforma\u021bii importante despre unele componente ale ACC\u00ae acute 600:<br \/>\nUn comprimat ACC\u00ae acute 600 con\u021bine 5,7 mmol (131,0 mg) de sodiu.<\/p>\n<p><strong>Cum se utilizeaz\u0103 acc\u00ae akut 600?<\/strong><br \/>\nLua\u021bi \u00eentotdeauna ACC\u00ae acute 600 exact a\u0219a cum v-a spus medicul dumneavoastr\u0103.\u00a0<strong>Dac\u0103 nu sunte\u021bi absolut sigur, consulta\u021bi medicul sau farmacistul.<\/strong><br \/>\nPentru uz oral.<br \/>\nACC\u00ae acute 600: Medicamentul este destinat adul\u021bilor \u0219i copiilor peste 2 ani.<br \/>\nComprimatul efervescent trebuie dizolvat \u00eentr-un pahar cu ap\u0103 \u0219i beat imediat. Medicamentul trebuie luat numai dup\u0103 mas\u0103.<br \/>\nAr trebui s\u0103 bei multe lichide \u00een timpul terapiei.<br \/>\nACC\u00ae acute 600 comprimate nu trebuie luate mai mult de 4-5 zile, cu excep\u021bia cazului \u00een care medicul dumneavoastr\u0103 v\u0103 sf\u0103tuie\u0219te altfel. Durata terapiei depinde de tipul \u0219i severitatea bolii.<br \/>\nPentru a preveni infec\u021bia, tratamentul bron\u0219itei cronice \u0219i mucoviscidozei (fibroza chistic\u0103) trebuie efectuat pe o perioad\u0103 mai lung\u0103 de timp.<br \/>\nDac\u0103 nu este prescris altfel, se recomand\u0103 urm\u0103toarele doze:<\/p>\n<p><strong>ACC\u00ae acute 600:<\/strong><br \/>\n<strong>Adul\u021bi \u0219i adolescen\u021bi cu v\u00e2rsta peste 14 ani:<\/strong><br \/>\n1 comprimat efervescent de 2-3 ori pe zi (echivalent cu 400-600 mg de acetilcistein\u0103 pe zi).<br \/>\n<strong>Copii cu v\u00e2rsta cuprins\u0103 \u00eentre 6-14 ani:<\/strong><br \/>\n1 comprimat efervescent de 2 ori pe zi (echivalent cu 400 mg de acetilcistein\u0103 pe zi).<br \/>\n<strong>Copii cu v\u00e2rsta cuprins\u0103 \u00eentre 2-5 ani:<\/strong><br \/>\n1\/2 comprimat efervescent de 2-3 ori pe zi (echivalent cu 200-300 mg de acetilcistein\u0103 pe zi).<\/p>\n<p><strong>Dozaj \u00een fibroza chistic\u0103:<\/strong><br \/>\n<strong>ACC\u00ae acute 600:<\/strong><br \/>\n<strong>Copii cu v\u00e2rsta cuprins\u0103 \u00eentre 2-6 ani:<\/strong><br \/>\nTu comprimate efervescente de 4 ori pe zi (echivalent cu 400 mg de acetilcistein\u0103 pe zi).<br \/>\n<strong>Copii mai mari de 6 ani:<\/strong><br \/>\n1 comprimat efervescent de 3 ori pe zi (echivalent cu 600 mg de acetilcistein\u0103 pe zi).<\/p>\n<p><strong>Dac\u0103 a\u021bi luat mai mult ACC\u00ae acute 600 dec\u00e2t ar trebui:<\/strong><br \/>\nDac\u0103 lua\u021bi mai multe medicamente dec\u00e2t trebuie, adresa\u021bi-v\u0103 medicului dumneavoastr\u0103. \u00cen caz de supradozaj, poate ap\u0103rea irita\u021bia sistemului digestiv (de exemplu dureri de stomac, grea\u021b\u0103, v\u0103rs\u0103turi, diaree). Cu toate acestea, p\u00e2n\u0103 acum nu au fost observate efecte secundare grave \u0219i simptome de otr\u0103vire. Dac\u0103 se suspecteaz\u0103 un supradozaj, v\u0103 rug\u0103m s\u0103 informa\u021bi medicul dumneavoastr\u0103.<\/p>\n<p><strong>Dac\u0103 uita\u021bi s\u0103 lua\u021bi ACC\u00ae acute 600:<\/strong><br \/>\nNu lua\u021bi o doz\u0103 dubl\u0103 pentru a compensa doza omis\u0103.<br \/>\nDac\u0103 uita\u021bi s\u0103 lua\u021bi medicamentul, s\u0103ri\u021bi peste doza uitat\u0103 \u0219i lua\u021bi urm\u0103toarea doz\u0103 la ora programat\u0103.<\/p>\n<p><strong>Dac\u0103 \u00eenceta\u021bi brusc s\u0103 lua\u021bi ACC\u00ae acute 600:<\/strong><br \/>\nNu exist\u0103 avertismente speciale.<\/p>\n<p><strong>Dac\u0103 ave\u021bi orice \u00eentreb\u0103ri suplimentare cu privire la utilizarea acestui medicament, adresa\u021bi-v\u0103 medicului dumneavoastr\u0103 sau farmacistului.<\/strong><\/p>\n<p><strong>Reac\u021bii adverse posibile:<\/strong><br \/>\nMedicamentul ACC\u00ae acute 600, ca \u0219i alte medicamente, poate avea efecte secundare, de\u0219i nu apar neap\u0103rat la toat\u0103 lumea.<br \/>\nEvaluarea reac\u021biilor adverse se bazeaz\u0103 pe urm\u0103toarele informa\u021bii privind frecven\u021ba:<\/p>\n<ul>\n<li>Foarte frecvente (mai mult de 1 din 10 pacien\u0163i trata\u0163i)<\/li>\n<li>Frecvente (mai pu\u021bin de 1 din 10, dar mai mult de 1 din 100 de pacien\u021bi trata\u021bi)<\/li>\n<li>Mai pu\u021bin frecvente (mai pu\u021bin de 1 din 100, dar mai mult de 1 din 1000 de pacien\u021bi trata\u021bi)<\/li>\n<li>Rare (mai pu\u021bin de 1 din 1000, dar mai mult de 1 din 10000 de pacien\u021bi trata\u021bi)<\/li>\n<li>Foarte rare (mai pu\u021bin de 1 din 10.000 de pacien\u021bi), frecven\u021b\u0103 necunoscut\u0103<\/li>\n<\/ul>\n<p><strong>Reac\u021bii adverse ocazionale:<\/strong><br \/>\ninflama\u021bie a membranei mucoase a cavit\u0103\u021bii bucale (stomatit\u0103), dureri de stomac, grea\u021b\u0103, v\u0103rs\u0103turi \u0219i diaree, cefalee, febr\u0103, reac\u021bii alergice - m\u00e2nc\u0103rime, urticarie, exantem, erup\u021bii cutanate, bronhospasm, angioedem (umflarea fe\u021bei, buzelor, limbii \u0219i g\u00e2t, \u00eenso\u021bit\u0103 de dificult\u0103\u021bi de respira\u021bie \u0219i de \u00eenghi\u021bire), b\u0103t\u0103i rapide ale inimii, sc\u0103dere a tensiunii arteriale<\/p>\n<p><strong>Reac\u021bii adverse rare:<\/strong><br \/>\nsenza\u021bie de lips\u0103 de aer (dispnee), spasm al mu\u0219chilor respiratori (bronhospasm) - \u00een special la persoanele cu astm bron\u0219ic Reac\u021bii adverse foarte rare:<br \/>\nreac\u021bii anafilactice la suc<br \/>\n\u00cen plus, s\u00e2ngerarea asociat\u0103 cu utilizarea acetilcisteinei apare foarte rar, mai ales \u00een contextul reac\u021biilor de hipersensibilitate. Diverse studii au confirmat reducerea aderen\u021bei trombocitelor \u00een prezen\u021ba acetilcisteinei. Semnifica\u021bia clinic\u0103 a acestor constat\u0103ri este \u00een prezent necunoscut\u0103.<br \/>\nDac\u0103 vreo reac\u021bie advers\u0103 devine grav\u0103 sau observa\u021bi orice reac\u021bie advers\u0103 care nu este men\u021bionat\u0103 \u00een acest ghid, v\u0103 rug\u0103m s\u0103 v\u0103 informa\u021bi medicul sau farmacistul.<\/p>\n<p><strong>Cum se p\u0103streaz\u0103 acc\u00ae akut 600?<\/strong><br \/>\nA nu se l\u0103sa la \u00eendem\u00e2na \u0219i vederea copiilor.<\/p>\n<p><strong>Data expir\u0103rii:<\/strong><br \/>\n3 ani.<br \/>\nNemojte koristiti lek ACC\u00ae akut 600 posle isteka roka upotrebe nazna\u010denog na pakovanju (\u201eVa\u017ei do:\u201c).<br \/>\nTermenul de utilizare expir\u0103 \u00een ultima zi a lunii specificate.<\/p>\n<p><strong>Depozitare:<\/strong><br \/>\nA se p\u0103stra medicamentul la o temperatur\u0103 de p\u00e2n\u0103 la 30\u00b0C, \u00een ambalajul original, pentru a fi protejat de lumin\u0103 \u0219i umiditate. \u00cenchide\u021bi ermetic recipientul pentru tablete dup\u0103 utilizare.<br \/>\nMedicamentele nu trebuie aruncate \u00een canalizare sau \u00een gunoiul menajer. \u00centreba\u021bi-v\u0103 farmacistul cum s\u0103 elimina\u021bi medicamentele de care nu mai ave\u021bi nevoie.<br \/>\nAceste m\u0103suri ajut\u0103 la conservarea mediului.<br \/>\nMedicamentul neutilizat este distrus \u00een conformitate cu reglement\u0103rile \u00een vigoare.<\/p>\n<p><strong>Ce con\u021bine ACC\u00ae acute 600:<\/strong><br \/>\n<strong>Substan\u021ba activ\u0103 este:<\/strong>\u00a0acetilcistein\u0103.<br \/>\nACC\u00ae akut 600 comprimate efervescente T comprimatele efervescente contine 600 mg de acetilcisteina.<br \/>\n<strong>Alte ingrediente sunt:<\/strong><br \/>\nAcid citric, bicarbonat de sodiu anhidru, carbonat de sodiu, acid ascorbic (vitamina C)<br \/>\nCiclamat de sodiu<br \/>\nZaharin\u0103-sodiu<br \/>\nPolietilen glicol<\/p>\n<p><strong>Cum arat\u0103 medicamentul ACC\u00ae acute 600 \u0219i con\u021binutul pachetului:<\/strong><br \/>\nComprimate rotunde, plate, albe, cu margini fa\u021betate, marcate cu o linie de separare pe o parte.<br \/>\n1 comprimat \u00een 100 ml ap\u0103: solu\u021bie limpede p\u00e2n\u0103 la u\u0219or opalescent\u0103, f\u0103r\u0103 particule.<br \/>\nAmbalajul interior este un recipient din aluminiu pentru tablete cu un \u00eenchidere din polietilen\u0103.<br \/>\nRecipientul este protejat la interior cu un strat de lac alb sau incolor, iar la exterior cu lac email alb. Capacul este de culoare alb\u0103 \u0219i con\u021bine un desicant.<br \/>\nAmbalajul exterior este o cutie de carton.<\/p>\n<p><strong>Mod de administrare a medicamentului:<br \/>\nMedicamentul poate fi eliberat \u0219i f\u0103r\u0103 prescrip\u021bie medical\u0103.<\/strong><\/p>\n<p><strong>Ambalare:\u00a0<\/strong>10 tablete efervescente<\/p>\n<p><strong>Titularul licen\u021bei:<\/strong><br \/>\nReprezentarea Sandoz Pharmaceuticals dd Belgrad<br \/>\nKneginje Zorke 2, Belgrad, Serbia<\/p>\n<p><strong>Produc\u0103tor:<\/strong><br \/>\nLek farmacevtska dru\u017eba dd<br \/>\nVerov\u0161kova 57, Ljubljana, Slovenia<\/p>\n<p><strong>\u00cenainte de utilizare, studia\u021bi instruc\u021biunile \u00een detaliu. Consulta\u021bi-v\u0103 medicul sau farmacistul despre indica\u021bii, precau\u021bii \u0219i reac\u021bii adverse la medicamente.<\/strong><\/p>","protected":false},"featured_media":8425,"template":"","meta":[],"product_brand":[3103],"product_cat":[3054],"product_tag":[1709,1240,649],"class_list":{"0":"post-8424","1":"product","2":"type-product","3":"status-publish","4":"has-post-thumbnail","6":"product_brand-sandoz","7":"product_cat-akcija","8":"product_tag-betty","9":"product_tag-iskasljavanje","10":"product_tag-sumece-tablete","12":"first","13":"instock","14":"shipping-taxable","15":"product-type-simple"},"ams_default_variation_id":0,"ams_product_points_reward":[],"ams_product_discount_percentage":0,"ams_price_to_display":0,"ams_acf":[],"jetpack_sharing_enabled":true,"_links":{"self":[{"href":"https:\/\/apotekar-online.rs\/ro\/wp-json\/wp\/v2\/product\/8424","targetHints":{"allow":["GET"]}}],"collection":[{"href":"https:\/\/apotekar-online.rs\/ro\/wp-json\/wp\/v2\/product"}],"about":[{"href":"https:\/\/apotekar-online.rs\/ro\/wp-json\/wp\/v2\/types\/product"}],"wp:featuredmedia":[{"embeddable":true,"href":"https:\/\/apotekar-online.rs\/ro\/wp-json\/wp\/v2\/media\/8425"}],"wp:attachment":[{"href":"https:\/\/apotekar-online.rs\/ro\/wp-json\/wp\/v2\/media?parent=8424"}],"wp:term":[{"taxonomy":"product_brand","embeddable":true,"href":"https:\/\/apotekar-online.rs\/ro\/wp-json\/wp\/v2\/product_brand?post=8424"},{"taxonomy":"product_cat","embeddable":true,"href":"https:\/\/apotekar-online.rs\/ro\/wp-json\/wp\/v2\/product_cat?post=8424"},{"taxonomy":"product_tag","embeddable":true,"href":"https:\/\/apotekar-online.rs\/ro\/wp-json\/wp\/v2\/product_tag?post=8424"}],"curies":[{"name":"wp","href":"https:\/\/api.w.org\/{rel}","templated":true}]}}