{"id":8430,"date":"2026-02-05T10:32:49","date_gmt":"2026-02-05T12:32:49","guid":{"rendered":"https:\/\/apotekar-online.rs\/?post_type=product&#038;p=8430"},"modified":"2026-03-05T08:38:28","modified_gmt":"2026-03-05T10:38:28","slug":"flurbisept-8-75-mg-12-lozengi","status":"publish","type":"product","link":"https:\/\/apotekar-online.rs\/ro\/p\/flurbisept-8-75-mg-12-lozengi\/","title":{"rendered":"Flurbisept 8.75 mg 12 lozengi"},"content":{"rendered":"","protected":false},"excerpt":{"rendered":"<p><strong>V\u00e2nzarea acestui medicament prin internet este interzis\u0103 de legea Republicii Serbia, \u00een timp ce publicitatea acestuia prin internet este permis\u0103 exclusiv<\/strong>\u00a0<strong>ca reamintire si are scopul de a informa.<\/strong><\/p>\n<p>Flurbisept\u00ae<br \/>\n, 8,75 mg, lozenga<br \/>\nflurbiprofen<br \/>\nCiti\u021bi cu aten\u021bie acest prospect \u00eenainte de a \u00eencepe s\u0103 lua\u021bi acest medicament deoarece con\u021bine informa\u021bii<br \/>\ncare sunt importante pentru tine.<br \/>\nLua\u021bi \u00eentotdeauna acest medicament exact a\u0219a cum este men\u021bionat \u00een acest prospect sau a\u0219a cum v-a explicat medicul dumneavoastr\u0103<br \/>\nsau un farmacist.<br \/>\n\uf02d Salva\u021bi instruc\u021biunile. Este posibil s\u0103 fie nevoie s\u0103-l citi\u021bi din nou.<br \/>\n\uf02d Dac\u0103 ave\u021bi \u00eentreb\u0103ri suplimentare sau ave\u021bi nevoie de sfaturi, contacta\u021bi-v\u0103 farmacistul.<br \/>\n\uf02d Dac\u0103 prezenta\u0163i orice reac\u0163ii adverse, adresa\u0163i-v\u0103 medicului dumneavoastr\u0103 sau farmacistului. Acest<br \/>\ninclude orice reac\u021bii adverse care nu sunt enumerate \u00een acest ghid. Vezi sec\u021biunea 4.<br \/>\n\uf02d Dac\u0103 nu v\u0103 sim\u021bi\u021bi mai bine sau v\u0103 sim\u021bi\u021bi mai r\u0103u dup\u0103 3 zile, trebuie s\u0103 v\u0103 adresa\u021bi medicului dumneavoastr\u0103.<br \/>\n\u00cen acest ghid ve\u021bi citi:<br \/>\n1. \u0160ta je lek Flurbisept i \u010demu je namenjen<br \/>\n2. \u0160ta treba da znate pre nego \u0161to uzmete lek Flurbisept<br \/>\n3. Kako se uzima lek Flurbisept<br \/>\n4. Reac\u021bii adverse posibile<br \/>\n5. Kako \u010duvati lek Flurbisept<br \/>\n6. Con\u021binutul pachetului \u0219i alte informa\u021bii<\/p>\n<p>1. \u0160ta je lek Flurbisept i \u010demu je namenjen<br \/>\nLek Flurbisept, lozenge, 8,75 mg, kao aktivnu supstancu sadr\u017ei flurbiprofen. Flurbiprofen pripada grupi<br \/>\nnesteroidnih antiinflamatornih lekova (NSAIL) koji ubla\u017eavaju bol, zapaljenje i sni\u017eavaju povi\u0161enu telesnu<br \/>\ntemperaturu.<br \/>\nLek Flurbisept se koristi za kratkotrajno ubla\u017eavanje simptoma upale grla kao \u0161to bol u grlu, otok i ote\u017eano<br \/>\ngutanje kod odraslih i dece starije od 12 godina.<br \/>\nMorate se obratiti svom lekaru ukoliko se ne ose\u0107ate bolje ili se ose\u0107ate lo\u0161ije posle 3 dana.<br \/>\n2. \u0160ta treba da znate pre nego \u0161to uzmete lek Flurbisept<br \/>\nLek Flurbisept ne smete uzimati ukoliko:<br \/>\n\u2022 ste alergi\u010dni (preosetljivi) na flurbiprofen ili na bilo koju od pomo\u0107nih supstanci ovog leka (navedene u<br \/>\nodeljku 6);<br \/>\n\u2022 ste prethodno imali astmu, zvi\u017edanje u plu\u0107ima ili ote\u017eano disanje, curenje iz nosa, oticanje lica ili osip koji<br \/>\nsvrbi (koprivnja\u010du) nakon upotrebe acetilsalicilne kiseline ili nekog drugog leka protiv bolova (nesteroidnog<br \/>\nantiinflamatornog leka (NSAIL);<br \/>\n\u2022 imate ili ste ranije imali 2 ili vi\u0161e jasnih epizoda \u010dira na \u017eelucu ili \u010dira na dvanaestopala\u010dnom crevu;<br \/>\n\u2022 imate ili ste ranije imali gastrointestinalno krvarenje ili perforacije, te\u0161ki kolitis (zapaljenje creva) ili<br \/>\nporeme\u0107aje krvarenja pri primeni NSAIL u pro\u0161losti;<br \/>\n\u2022 imate te\u0161ku slabost (insuficijenciju) srca, bubrega ili jetre;<br \/>\n\u2022 ste u tre\u0107em trimestru trudno\u0107e.<br \/>\nAvertismente \u0219i precau\u021bii<br \/>\nRazgovarajte sa svojim lekarom ili farmaceutom pre nego \u0161to uzmete lek Flurbisept ukoliko:<br \/>\n\u2022 uzimate druge lekove iz grupe NSAIL (npr. celekoksib, ibuprofen, diklofenak-natrijum) ili kortikosteroide<br \/>\n(npr.prednizolon) za le\u010denje bola, upale ili reumatskih oboljenja, jer to mo\u017ee pove\u0107ati rizik od ne\u017eeljenih<br \/>\nreakcija, posebno gastrointestinalnih ne\u017eeljenih reakcija kao \u0161to su \u010dir ili krvarenje;<br \/>\n\u2022 imate ili ste imali astmu ili patite od alergija;<br \/>\n\u2022 imate probleme sa srcem, bubrezima ili jetrom;<br \/>\n\u2022 ste imali mo\u017edani udar;<br \/>\n\u2022 imate ili ste imali problem sa crevima (kao \u0161to su ulcerozni kolitis, Kronova bolest);<br \/>\n\u2022 imate povi\u0161en krvni pritisak;<br \/>\n\u2022 imate zapaljenje krajnika (tonzilitis) ili mislite da mo\u017eda imate bakterijsku infekciju grla (za koju su<br \/>\nneophodni antibiotici);<br \/>\n\u2022 patite od hroni\u010dnih autoimunskih bolesti kao \u0161to su sistemski eritemski lupus i me\u0161ovito oboljenje vezivnog<br \/>\ntkiva.<br \/>\nSeniori<br \/>\nStarije osobe imaju ve\u0107u mogu\u0107nost pojave ne\u017eeljenih dejstava koja su navedena u ovom uputstvu.<br \/>\nCopii<br \/>\nLek se ne primenjuje kod dece mla\u0111e od 12 godina.<br \/>\nDrugi lekovi i Flurbisept<br \/>\nInforma\u021bi medicul sau farmacistul dac\u0103 lua\u021bi, a\u021bi luat recent sau pute\u021bi lua oricare<br \/>\nce alte medicamente.<br \/>\nPotreban je oprez prilikom istovremene upotrebe sa slede\u0107im lekovima:<br \/>\n\u2022 drugi lekovi iz grupe nesteroidnih antiinflamatornih lekova (NSAIL) (npr. celekoksib, ibuprofen,<br \/>\ndiklofenak natrijum) ili kortikosteroidi (npr. prednizolon) koji se primenjuju protiv bolova, zapaljenjskih<br \/>\nprocesa i reumatskih bolesti,<br \/>\n\u2022 acetilsalicilna kiselina (male doze, do 100 mg dnevno), lek koji spre\u010dava stvaranje krvnog ugru\u0161ka,<br \/>\n\u2022 lekovi koji se koriste za razre\u0111ivanje krvi i spre\u010davanje agregacije trombocita,<br \/>\n\u2022 lekovi za le\u010denje visokog krvnog pritiska ili sr\u010dane slabosti (antihipertenzivi, kardiotoni\u010dni glikozidi),<br \/>\n\u2022 metotreksat (lek koji se koristi u terapiji autoimunskih bolesti ili raka),<br \/>\n\u2022 mifepriston (lek koji se koristi za prekid trudno\u0107e)<\/p>\n<p>\u2022 oralni antidijabetici (za le\u010denje dijabetesa),<br \/>\n\u2022 fenitoin (lek koji se koristi u terapiji epilepsije),<br \/>\n\u2022 lekovi koji se koriste za izbacivanje vi\u0161ka te\u010dnosti iz organizma (diuretici, uklju\u010duju\u0107i diuretike koji \u0161tede<br \/>\nkalijum),<br \/>\n\u2022 lekovi koji se koriste u le\u010denju gihta (probenecid, sulfinpirazon),<br \/>\n\u2022 hinolonski antibiotici (kao \u0161to je ciprofloksacin),<br \/>\n\u2022 litijum ili selektivni inhibitori ponovnog preuzimanja serotonina (SSRI) (koriste se za le\u010denje depresije),<br \/>\n\u2022 ciklosporin ili takrolimus (za supresiju imunskog sistema),<br \/>\n\u2022 zidovudin (lek koji se koristi za terapiju HIV infekcije).<br \/>\nUzimanje leka Flurbisept sa hranom, pi\u0107ima i alkoholom<br \/>\nIzbegavajte uzimanje alkohola tokom primene leka Flurbisept, s obzirom na to da mo\u017ee do\u0107i do pove\u0107anja<br \/>\nrizika od nastanka krvarenja u \u017eelucu ili crevima.<br \/>\nSarcina, al\u0103ptarea \u0219i fertilitatea<br \/>\nUkoliko ste trudni ili dojite, mislite da ste trudni ili planirate trudno\u0107u, obratite se svom lekaru ili farmaceutu<br \/>\npentru sfaturi \u00eenainte de a lua acest medicament.<br \/>\nNe smete uzimati ovaj lek ukoliko ste u poslednjem trimestru trudno\u0107e.<br \/>\nPosavetujte se sa Va\u0161im lekarom pre nego \u0161to uzmete ovaj lek ukoliko ste u prvom i drugom trimestru<br \/>\ntrudno\u0107e ili dojite.<br \/>\nFlurbiprofen pripada grupi lekova koji mogu da smanje plodnost kod \u017eena. Ovaj uticaj na plodnost prestaje<br \/>\nkada se prekine sa upotrebom leka. Malo je verovatno da \u0107e povremeno uzimanje leka Flurbisept uticati na<br \/>\nverovatno\u0107u da ostanete trudni. Ipak, obavestite Va\u0161eg lekara ukoliko uzimate ovaj lek i imate pote\u0161ko\u0107a da<br \/>\nostanete u drugom stanju.<br \/>\nConducerea vehiculelor \u0219i operarea ma\u0219inilor<br \/>\nNije poznato da lek Flurbisept uti\u010de na sposobnost upravljanja vozilima i rukovanja ma\u0161inama. Ipak,<br \/>\nvrtoglavica i zamagljen vid su mogu\u0107a ne\u017eeljena dejstva upotrebe NSAIL. Ukoliko se ova ne\u017eeljena dejstva<br \/>\njave, nemojte voziti i rukovati ma\u0161inama.<br \/>\nLek Flurbisept sadr\u017ei izomaltitol i maltitol.<br \/>\n\u00cen caz de intoleran\u021b\u0103 la anumite zaharuri, consulta\u021bi medicul \u00eenainte de a utiliza acest medicament.<br \/>\nSvaka lozenga sadr\u017ei 427,5 mg maltitiola, te\u010dnog i 2034,0 mg izomaltitola.<br \/>\nNakon ve\u0107ih doza u toku dana mo\u017ee se ispoljiti blag laksativni efekat.<br \/>\nIzomaltitol i maltitol, te\u010dni imaju kalorijsku vrednost od 2.3 kcal\/g.<br \/>\nLek Flurbisept sadr\u017ei cochineal red (E124) and sunset yellow (E110) koji mogu izazvati alergijske reakcije.<br \/>\nOvaj lek sadr\u017ei aromu koja u svom sastavu sadr\u017ei: citral, citronelol, limonen i dekanal, koji mogu uzrokovati<br \/>\nalergijske reakcije.<br \/>\n3. Kako se uzima lek Flurbisept<br \/>\nLua\u021bi \u00eentotdeauna acest medicament exact a\u0219a cum este men\u021bionat \u00een acest prospect sau a\u0219a cum v-a explicat medicul dumneavoastr\u0103<br \/>\nili farmaceut. Ukoliko niste sigurni, proverite sa Va\u0161im lekarom ili farmaceutom.<br \/>\nPreporu\u010dena doza<br \/>\nAdul\u021bi \u0219i copii peste 12 ani<br \/>\nJedna lozenga na svakih 3-6 sati, po potrebi.<br \/>\nNe uzimati vi\u0161e od 5 lozengi tokom 24 sata.<br \/>\nMod de aplicare<br \/>\nOromukozalna upotreba.<br \/>\nLozengu polako otapajte u ustima, nemojte je gutati niti \u017evakati.<br \/>\nPomerajte lozengu u ustima tokom primene.<br \/>\n4 din 6<br \/>\nDu\u017eina primene<br \/>\nNemojte koristiti lek Flurbisept du\u017ee od 3 dana, bez konsultacije sa lekarom.<br \/>\nU slu\u010daju pojave iritacije usta, primenu leka treba prekinuti.<br \/>\nAko ste uzeli vi\u0161e leka Flurbisept nego \u0161to treba<br \/>\nUkoliko ste uzeli ve\u0107u dozu leka od one koja Vam je preporu\u010dena, odmah se obratite Va\u0161em lekaru ili<br \/>\nfarmaceutu ili idite u najbli\u017eu zdravstvenu ustanovu. Simptomi predoziranja mogu uklju\u010divati mu\u010dninu,<br \/>\npovra\u0107anje, bol u stomaku ili, re\u0111e, dijareju. Mogu\u0107i su tako\u0111e zvonjenje u u\u0161ima, glavobolja i<br \/>\ngastrointestinalno krvarenje.<br \/>\nDac\u0103 ave\u021bi orice \u00eentreb\u0103ri suplimentare cu privire la utilizarea acestui medicament, adresa\u021bi-v\u0103 medicului dumneavoastr\u0103 sau farmacistului.<br \/>\n4. Reac\u021bii adverse posibile<br \/>\nCa toate medicamentele, acest medicament poate provoca reac\u021bii adverse, cu toate c\u0103 nu apar la toate persoanele.<br \/>\npacien\u0163ii care iau acest medicament.<br \/>\nPrestanite da uzimate lek i odmah se obratite lekaru ukoliko se kod Vas jave:<br \/>\n\u2022 znaci alergijske reakcije kao \u0161to su astma, neobja\u0161njivo zvi\u017edanje u grudima ili kratak dah (ote\u017eano<br \/>\ndisanje), svrab, curenje iz nosa, osip na ko\u017ei,<br \/>\n\u2022 oticanje lica, jezika ili grla koje dovodi do ote\u017eanog disanja, ubrzan rad srca, sni\u017eenje krvnog pritiska koje<br \/>\nmo\u017ee dovesti do stanja \u0161oka (do ovoga mo\u017ee do\u0107i i nakon prvog uzimanja leka),<br \/>\n\u2022 te\u0161ke reakcije na ko\u017ei kao \u0161to su crvenilo, otok, perutanje ko\u017ee, pojava plikova ili lju\u0161tenje ko\u017ee ili pojava<br \/>\nulceracija na ko\u017ei i sluzoko\u017ei.<br \/>\nObavestite Va\u0161eg lekara ili farmaceuta ukoliko Vam se jave slede\u0107a ne\u017eeljena dejstva, kao i bilo koje<br \/>\nne\u017eeljeno dejstvo koje nije navedeno u ovom uputstvu.<br \/>\nReac\u021bii adverse frecvente (pot ap\u0103rea la p\u00e2n\u0103 la 1 din 10 pacien\u021bi care iau medicamentul):<br \/>\n\u2022 vrtoglavica, glavobolja,<br \/>\n\u2022 iritacija grla,<br \/>\n\u2022 \u010direvi ili bol u ustima,<br \/>\n\u2022 bol u \u017edrelu,<br \/>\n\u2022 nelagodan ose\u0107aj u ustima (ose\u0107aj toplote, \u017earenja ili peckanja),<br \/>\n\u2022 mu\u010dnina i proliv,<br \/>\n\u2022 ose\u0107aj trnjenja, bockanja na ko\u017ei (parestezija).<br \/>\nReac\u021bii adverse ocazionale (pot ap\u0103rea la p\u00e2n\u0103 la 1 din 100 de pacien\u021bi care iau medicamentul):<br \/>\n\u2022 pospanost,<br \/>\n\u2022 nesanica,<br \/>\n\u2022 pogor\u0161anje astme, zvi\u017edanje prilikom disanja, ote\u017eano disanje,<br \/>\n\u2022 pojava plikova u ustima ili grlu, utrnulost \u017edrela,<br \/>\n\u2022 suva usta,<br \/>\n\u2022 ose\u0107aj peckanja u ustima, poreme\u0107aj \u010dula ukusa,<br \/>\n\u2022 bol u trbuhu, nadutost, gasovi, ote\u017eano pra\u017enjenje creva, lo\u0161e varenje, povra\u0107anje,<br \/>\n\u2022 smanjen ose\u0107aj u grlu,<br \/>\n\u2022 povi\u0161ena telesna temperatura, bol,<br \/>\n\u2022 razli\u010diti osipi na ko\u017ei, svrab ko\u017ee.<br \/>\nReac\u021bii adverse rare (pot ap\u0103rea la p\u00e2n\u0103 la 1 din 1000 de pacien\u021bi care iau medicamentul):<br \/>\n\u2022 anafilakti\u010dka reakcija.<br \/>\nFrecven\u021b\u0103 necunoscut\u0103 (nu poate fi estimat\u0103 din datele disponibile):<br \/>\n\u2022 anemija, trombocitopenija (smanjen broj krvnih plo\u010dica koji mo\u017ee dovesti do pojave modrica i krvarenja),<br \/>\n\u2022 oticanje (edem), povi\u0161en krvni pritisak, sr\u010dana slabost ili sr\u010dani udar<\/p>\n<p>\u2022 te\u0161ki oblici ko\u017enih reakcija kao \u0161to su bulozne reakcije (pojava velikih mehurova po ko\u017ei), uklju\u010duju\u0107i<br \/>\nSteven Johnson-ov sindrom i toksi\u010dnu epidermalnu nekrolizu,<br \/>\n\u2022 zapaljenje jetre (hepatitis).<br \/>\nRaportarea reac\u021biilor adverse<br \/>\nDac\u0103 ave\u021bi orice reac\u021bie nedorit\u0103, trebuie s\u0103 v\u0103 informa\u021bi medicul, farmacistul sau<br \/>\nasistent medical. Aceasta include orice posibile efecte secundare care nu sunt enumerate \u00een acest ghid.<br \/>\nPrin raportarea reac\u021biilor adverse, pute\u021bi contribui la evaluarea siguran\u021bei acestui medicament. \u00cendoial\u0103<br \/>\nPute\u021bi raporta reac\u021biile adverse Agen\u021biei pentru Medicamente \u0219i Dispozitive Medicale din Serbia (ALIMS):<br \/>\nAgen\u021bia pentru Medicamente \u0219i Dispozitive Medicale din Serbia<br \/>\nCentrul Na\u021bional de Farmacovigilen\u021b\u0103<br \/>\nVojvode Stepe 458, 11221 Belgrad<br \/>\nRepublica Serbia<br \/>\nsite: www.alims.gov.rs<br \/>\ne-mail: nezeljene.reakcije@alims.gov.rs<br \/>\n5. Kako \u010duvati lek Flurbisept<br \/>\nNu l\u0103sa\u021bi medicamentul la vederea \u0219i \u00eendem\u00e2na copiilor.<br \/>\nNe smete koristiti lek Flurbisept posle isteka roka upotrebe nazna\u010denog na spolja\u0161njem pakovanju \u201eVa\u017ei<br \/>\ndo:\u201c. Datum isteka roka upotrebe se odnosi na poslednji dan navedenog meseca.<br \/>\nLek ne zahteva posebne uslove \u010duvanja.<br \/>\nMedicamentele inutilizabile se predau farmaciei unde se afi\u0219eaz\u0103 anun\u021bul c\u0103 urmeaz\u0103 s\u0103 fie ridicate \u00een farmacia respectiv\u0103.<br \/>\nmedicamente inutilizabile de la cet\u0103\u021beni. Medicamentele inutilizabile nu trebuie aruncate \u00een canalizare sau \u00eempreun\u0103 cu<br \/>\ndeseuri municipale. Aceste m\u0103suri vor ajuta la protejarea mediului.<br \/>\n6. Con\u021binutul pachetului \u0219i alte informa\u021bii<br \/>\n\u0160ta sadr\u017ei lek Flurbisept<br \/>\nCon\u021binut de substan\u021b\u0103 activ\u0103:<br \/>\nJedna lozenga sadr\u017ei 8,75 mg flurbiprofena.<br \/>\nCon\u021binut de substan\u021be auxiliare:<br \/>\nIzomaltitol (E953); maltitol, te\u010dni (E965); cochineal red (E124); sunset yellow (E110); acesulfam-kalijum;<br \/>\nmakrogol 300; kalijum-hidroksid; Orange flavor (sadr\u017ei: limonen, dekanal, citral, citronelol); levomentol.<br \/>\nKako izgleda lek Flurbisept i sadr\u017eaj pakovanja<br \/>\nLozenga<br \/>\nOkrugle lozenge, narand\u017easte boje i ukusom narand\u017ee, dijametra 19\u00b11 mm.<br \/>\nUnutra\u0161nje pakovanje leka je PVC\/PVdC-Al blister koji sadr\u017ei 12 lozengi.<br \/>\nSpolja\u0161nje pakovanje je slo\u017eiva kartonska kutija u kojoj se nalazi 1 blister (ukupno 12 lozengi) i Uputstvo za<br \/>\nmedicament.<br \/>\nDe\u021bin\u0103torul licen\u021bei \u0219i produc\u0103torul<br \/>\nGALENIKA AD BELGRAD<br \/>\nDrumul Batajni\u010dki bb, Belgrad<br \/>\nRepublica Serbia<br \/>\nAceast\u0103 instruc\u021biune a fost aprobat\u0103 ultima dat\u0103<br \/>\nAvgust, 2023.<br \/>\n6 din 6<br \/>\nMod de administrare a medicamentului:<br \/>\nMedicamentul este eliberat f\u0103r\u0103 prescrip\u021bie medical\u0103.<br \/>\nNum\u0103rul \u0219i data licen\u021bei:<br \/>\nFlurbisept, 8,75 mg, lozenga: 515-01-01023-22-001 od 11.08.2023.<\/p>","protected":false},"featured_media":8431,"template":"","meta":[],"product_brand":[3081],"product_cat":[3054,121],"product_tag":[1709,1058],"class_list":{"0":"post-8430","1":"product","2":"type-product","3":"status-publish","4":"has-post-thumbnail","6":"product_brand-galenika","7":"product_cat-akcija","8":"product_cat-higijena-usta-i-zuba","9":"product_tag-betty","10":"product_tag-bol-u-grlu","12":"first","13":"instock","14":"shipping-taxable","15":"product-type-simple"},"ams_default_variation_id":0,"ams_product_points_reward":[],"ams_product_discount_percentage":0,"ams_price_to_display":0,"ams_acf":[],"jetpack_sharing_enabled":true,"_links":{"self":[{"href":"https:\/\/apotekar-online.rs\/ro\/wp-json\/wp\/v2\/product\/8430","targetHints":{"allow":["GET"]}}],"collection":[{"href":"https:\/\/apotekar-online.rs\/ro\/wp-json\/wp\/v2\/product"}],"about":[{"href":"https:\/\/apotekar-online.rs\/ro\/wp-json\/wp\/v2\/types\/product"}],"wp:featuredmedia":[{"embeddable":true,"href":"https:\/\/apotekar-online.rs\/ro\/wp-json\/wp\/v2\/media\/8431"}],"wp:attachment":[{"href":"https:\/\/apotekar-online.rs\/ro\/wp-json\/wp\/v2\/media?parent=8430"}],"wp:term":[{"taxonomy":"product_brand","embeddable":true,"href":"https:\/\/apotekar-online.rs\/ro\/wp-json\/wp\/v2\/product_brand?post=8430"},{"taxonomy":"product_cat","embeddable":true,"href":"https:\/\/apotekar-online.rs\/ro\/wp-json\/wp\/v2\/product_cat?post=8430"},{"taxonomy":"product_tag","embeddable":true,"href":"https:\/\/apotekar-online.rs\/ro\/wp-json\/wp\/v2\/product_tag?post=8430"}],"curies":[{"name":"wp","href":"https:\/\/api.w.org\/{rel}","templated":true}]}}