{"id":8504,"date":"2026-02-08T13:11:08","date_gmt":"2026-02-08T15:11:08","guid":{"rendered":"https:\/\/apotekar-online.rs\/?post_type=product&#038;p=8504"},"modified":"2026-03-05T08:27:38","modified_gmt":"2026-03-05T10:27:38","slug":"elementum-energy-balance-60kapsula","status":"publish","type":"product","link":"https:\/\/apotekar-online.rs\/ro\/p\/elementum-energy-balance-60kapsula\/","title":{"rendered":"Elementum Energy Balance 60 kapsula"},"content":{"rendered":"","protected":false},"excerpt":{"rendered":"<p><strong>Energy Balance, kapsule<\/strong>\u00a0je dijetetski suplement sa bioaktivnim jedinjenjima koja u\u010destvuju u energetskom metabolizmu, i to sa ribozom, karnitinom, citoholinom, koenzimom Q10 i pirolohinolin-hinonom.<\/p>\n<p><strong>sastav<\/strong><\/p>\n<p>D-riboza, L-karnitin-hidrohlorid, \u017eelatin, citoholin, koenzim Q10, pirolohinolin-hinon; magnezijum-stearat i silicijum-dioksid (sredstva protiv zgrudvavanja)<\/p>\n<p>&nbsp;<\/p>\n<p><strong>Dozaj \u0219i mod de utilizare:<\/strong>\u00a0Popiti 2 puta dnevno po jednu kapsulu, najbolje sat pre obroka i uz dosta te\u010dnosti.<\/p>\n<p><strong>Note:\u00a0<\/strong>Dodaci ishrani se ne mogu koristiti kao zamena za raznovrsnu i uravnote\u017eenu ishranu i zdrav na\u010din \u017eivota. \u010cuvati van doma\u0161aja male dece.<\/p>\n<p>Doza zilnic\u0103 recomandat\u0103 nu trebuie dep\u0103\u0219it\u0103.<br \/>\nProizvod ne treba da uzimaju osobe preosetljive na neki od sastojaka.<br \/>\nNije namenjeno trudnicama, dojiljama i mla\u0111ima od 18 godina.<br \/>\nRiboza se ne preporu\u010duje osobama u preoperativnoj fazi (najmanje dve nedelje pre zakazane operacije), jer mo\u017ee ote\u017eati odr\u017eavanje nivoa \u0161e\u0107era u krvi.<\/p>","protected":false},"featured_media":8505,"template":"","meta":[],"product_brand":[3109],"product_cat":[84,77,85],"product_tag":[3112,2552,3113,283,3110],"class_list":{"0":"post-8504","1":"product","2":"type-product","3":"status-publish","4":"has-post-thumbnail","6":"product_brand-elementum","7":"product_cat-zdravlje-muskaraca","8":"product_cat-imunitet","9":"product_cat-zdravlje-zena","10":"product_tag-citiholin","11":"product_tag-karnitin","12":"product_tag-pirilohinolin-hinon","13":"product_tag-q10","14":"product_tag-riboza","15":"pa_brend-naturallab","17":"first","18":"instock","19":"shipping-taxable","20":"purchasable","21":"product-type-simple"},"ams_default_variation_id":0,"ams_product_points_reward":[],"ams_product_discount_percentage":0,"ams_price_to_display":2800,"ams_acf":[],"jetpack_sharing_enabled":true,"_links":{"self":[{"href":"https:\/\/apotekar-online.rs\/ro\/wp-json\/wp\/v2\/product\/8504","targetHints":{"allow":["GET"]}}],"collection":[{"href":"https:\/\/apotekar-online.rs\/ro\/wp-json\/wp\/v2\/product"}],"about":[{"href":"https:\/\/apotekar-online.rs\/ro\/wp-json\/wp\/v2\/types\/product"}],"wp:featuredmedia":[{"embeddable":true,"href":"https:\/\/apotekar-online.rs\/ro\/wp-json\/wp\/v2\/media\/8505"}],"wp:attachment":[{"href":"https:\/\/apotekar-online.rs\/ro\/wp-json\/wp\/v2\/media?parent=8504"}],"wp:term":[{"taxonomy":"product_brand","embeddable":true,"href":"https:\/\/apotekar-online.rs\/ro\/wp-json\/wp\/v2\/product_brand?post=8504"},{"taxonomy":"product_cat","embeddable":true,"href":"https:\/\/apotekar-online.rs\/ro\/wp-json\/wp\/v2\/product_cat?post=8504"},{"taxonomy":"product_tag","embeddable":true,"href":"https:\/\/apotekar-online.rs\/ro\/wp-json\/wp\/v2\/product_tag?post=8504"}],"curies":[{"name":"wp","href":"https:\/\/api.w.org\/{rel}","templated":true}]}}