{"id":8512,"date":"2026-02-08T14:07:23","date_gmt":"2026-02-08T16:07:23","guid":{"rendered":"https:\/\/apotekar-online.rs\/?post_type=product&#038;p=8512"},"modified":"2026-03-05T08:27:38","modified_gmt":"2026-03-05T10:27:38","slug":"elementum-sleep-easy-60-kapsula","status":"publish","type":"product","link":"https:\/\/apotekar-online.rs\/ro\/p\/elementum-sleep-easy-60-kapsula\/","title":{"rendered":"Elementum Sleep Easy 60 kapsula"},"content":{"rendered":"","protected":false},"excerpt":{"rendered":"<p><strong>Sleep Easy, kapsule<\/strong>\u00a0je dijetetski suplement sa ekstraktima pasiflore, a\u0161vagande, valerijane, kamilice i rodiole, namenjen opu\u0161tanju i uspavljivanju. Pasiflora je biljni sedativ i doprinosi odmoru, relaksaciji, spavanju i smirenom pona\u0161anju. A\u0161vaganda doprinosi mentalnom zdravlju, opu\u0161tanju, smanjenju stresa i snu. Valerijana doprinosi uspavljivanju, odr\u017eavanju normalnog sna, odr\u017eavanju normalne kognitivne funkcije i mentalnom zdravlju. Kamilica doprinosi relaksaciji.<\/p>\n<p>&nbsp;<\/p>\n<p><strong>sastojci<\/strong><\/p>\n<p>Ekstrakt herbe pasiflore, ekstrakt korena a\u0161vagande, ekstrakt korena valerijane, \u017eelatin (kapsula), ekstrakt korena rodiole, ekstrakt cveta kamilice, magnezijum-stearat i silicijum-dioksid (sredstva protiv zgrudvavanja).<\/p>\n<p><strong>Dozaj \u0219i mod de utilizare:<\/strong><\/p>\n<p><strong>Adulti:<\/strong>\u00a0Popiti 2 puta dnevno po jednu kapsulu, najbolje sat pre obroka i uz dosta te\u010dnosti.<\/p>\n<p><strong>Note:\u00a0<\/strong>Dodaci ishrani se ne mogu koristiti kao zamena za raznovrsnu i uravnote\u017eenu ishranu i zdrav na\u010din \u017eivota. \u010cuvati van doma\u0161aja male dece.<\/p>\n<p>&nbsp;<\/p>\n<h5 class=\"gt3_product_toggle_item_title wb_cptb_4_tab is-open\" aria-expanded=\"true\"><a>Upozorenja<\/a><\/h5>\n<div id=\"tab-wb_cptb_4\" class=\"woocommerce-Tabs-panel woocommerce-Tabs-panel--wb_cptb_4 panel entry-content wc-tab\" role=\"tabpanel\" aria-labelledby=\"tab-title-wb_cptb_4\">\n<div class=\"wb_cptb_content\">\n<p>Doza zilnic\u0103 recomandat\u0103 nu trebuie dep\u0103\u0219it\u0103.<br \/>\nProizvod ne treba da uzimaju osobe preosetljive na biljke ili na neki od sastojaka.<br \/>\nNije namenjeno trudnicama, dojiljama, mla\u0111ima od 18 godina, osobama sa autoimunim oboljenjima i osobama na imunosupresivnoj terapiji.<br \/>\nNe koristiti zajedno sa antidepresivima i hipnoticima.<br \/>\nOvaj proizvod mo\u017ee izazvati pospanost, te se ne preporu\u010duje uzimanje kod osoba koje upravljaju motornim vozilima i ma\u0161inama, najmanje 2 sata pre vo\u017enje.<br \/>\nNe preporu\u010duje se upotreba u kontinuitetu du\u017ea od 2\u20134 nedelje.<\/p>\n<\/div>\n<\/div>","protected":false},"featured_media":8513,"template":"","meta":[],"product_brand":[3109],"product_cat":[136,84,85],"product_tag":[3121,525,2761,3122,635],"class_list":{"0":"post-8512","1":"product","2":"type-product","3":"status-publish","4":"has-post-thumbnail","6":"product_brand-elementum","7":"product_cat-stres-depresija-i-miran-san","8":"product_cat-zdravlje-muskaraca","9":"product_cat-zdravlje-zena","10":"product_tag-asvaganda","11":"product_tag-kamilica","12":"product_tag-pasiflora","13":"product_tag-rodiola","14":"product_tag-valerijana","16":"first","17":"instock","18":"shipping-taxable","19":"purchasable","20":"product-type-simple"},"ams_default_variation_id":0,"ams_product_points_reward":[],"ams_product_discount_percentage":0,"ams_price_to_display":2200,"ams_acf":[],"jetpack_sharing_enabled":true,"_links":{"self":[{"href":"https:\/\/apotekar-online.rs\/ro\/wp-json\/wp\/v2\/product\/8512","targetHints":{"allow":["GET"]}}],"collection":[{"href":"https:\/\/apotekar-online.rs\/ro\/wp-json\/wp\/v2\/product"}],"about":[{"href":"https:\/\/apotekar-online.rs\/ro\/wp-json\/wp\/v2\/types\/product"}],"wp:featuredmedia":[{"embeddable":true,"href":"https:\/\/apotekar-online.rs\/ro\/wp-json\/wp\/v2\/media\/8513"}],"wp:attachment":[{"href":"https:\/\/apotekar-online.rs\/ro\/wp-json\/wp\/v2\/media?parent=8512"}],"wp:term":[{"taxonomy":"product_brand","embeddable":true,"href":"https:\/\/apotekar-online.rs\/ro\/wp-json\/wp\/v2\/product_brand?post=8512"},{"taxonomy":"product_cat","embeddable":true,"href":"https:\/\/apotekar-online.rs\/ro\/wp-json\/wp\/v2\/product_cat?post=8512"},{"taxonomy":"product_tag","embeddable":true,"href":"https:\/\/apotekar-online.rs\/ro\/wp-json\/wp\/v2\/product_tag?post=8512"}],"curies":[{"name":"wp","href":"https:\/\/api.w.org\/{rel}","templated":true}]}}