{"id":8526,"date":"2026-02-08T16:21:17","date_gmt":"2026-02-08T18:21:17","guid":{"rendered":"https:\/\/apotekar-online.rs\/?post_type=product&#038;p=8526"},"modified":"2026-03-05T08:27:38","modified_gmt":"2026-03-05T10:27:38","slug":"flebofit-gel","status":"publish","type":"product","link":"https:\/\/apotekar-online.rs\/ro\/p\/flebofit-gel\/","title":{"rendered":"Flebofit gel"},"content":{"rendered":"","protected":false},"excerpt":{"rendered":"<p><b>Nova formulacija, deluje\u00a0dublje, hladi du\u017ee i neguje bolje od klasi\u010dnih gelova kao \u0161to je +Flebodex gel<\/b><\/p>\n<p>Osve\u017eavaju\u0107i gel koji sadr\u017ei ekstrakt kestena, kokotca i kamilice, mentol i pantenol. Namenjen je za masa\u017eu nogu, lagano se razmazuje, hladi i pru\u017ea ose\u0107aj sve\u017eine i opu\u0161tanja.<\/p>\n<p>Prilikom nano\u0161enja ko\u017ea veoma lako upija i ne ostaju tragovi na ode\u0107i.<\/p>\n<h5 class=\"gt3_product_toggle_item_title wb_cptb_1_tab state-closed is-open\" aria-expanded=\"true\"><a>Compozi\u0163ie<\/a><\/h5>\n<div id=\"tab-wb_cptb_1\" class=\"woocommerce-Tabs-panel woocommerce-Tabs-panel--wb_cptb_1 panel entry-content wc-tab\" role=\"tabpanel\" aria-labelledby=\"tab-title-wb_cptb_1\">\n<div class=\"wb_cptb_content\">\n<p><strong>SASTOJCI\/INGREDIENTS (INCI):<\/strong>\u00a0Aqua, Aesculus Hippocastanum (Horse<br \/>\nChestnut) Seed Extract, Panthenol, Chamomilla Recutita Flower Extract,<br \/>\nAlcohol, Melilotus Officinalis Extract, Menthol, Triethanolamine, Carbomer,<br \/>\nMethylparaben, Sodium Benzoate.<\/p>\n<h5 class=\"gt3_product_toggle_item_title wb_cptb_2_tab state-closed is-open\" aria-expanded=\"true\"><a>Doziranje i Na\u010din upotrebe<\/a><\/h5>\n<div id=\"tab-wb_cptb_2\" class=\"woocommerce-Tabs-panel woocommerce-Tabs-panel--wb_cptb_2 panel entry-content wc-tab\" role=\"tabpanel\" aria-labelledby=\"tab-title-wb_cptb_2\">\n<div class=\"wb_cptb_content\">\n<p><strong>NA\u010cIN UPOTREBE:<\/strong>\u00a0Isklju\u010divo za spolja\u0161nju upotrebu. Gel naneti u tankom<br \/>\nsloju na \u017eeljeno mesto na ko\u017ei 2-3 puta dnevno i lagano utrljati. Isprati ruke<br \/>\nnakon nano\u0161enja.<\/p>\n<p><strong>NA\u010cIN \u010cUVANJA:<\/strong>\u00a0\u010cuvati proizvod na hladnom i suvom mestu dalje od<br \/>\nizvora toplote i direktne sun\u010deve svetlosti, van doma\u0161aja dece. Datum<br \/>\nisteka roka se odnosi na proizvod pravilno \u010duvan u zatvorenoj ambala\u017ei.<br \/>\nIskoristiti proizvod u roku od 6 meseci nakon otvaranja.<\/p>\n<h5 class=\"gt3_product_toggle_item_title wb_cptb_3_tab state-closed is-open\" aria-expanded=\"true\"><a>Informa\u021bii suplimentare<\/a><\/h5>\n<div id=\"tab-wb_cptb_3\" class=\"woocommerce-Tabs-panel woocommerce-Tabs-panel--wb_cptb_3 panel entry-content wc-tab\" role=\"tabpanel\" aria-labelledby=\"tab-title-wb_cptb_3\">\n<div class=\"wb_cptb_content\">\n<p><strong>MERE OPREZA:<\/strong>\u00a0Gel se ne sme nanositi na otvorene rane i o\u0161te\u0107enu ko\u017eu.<br \/>\nUkoliko do\u0111e do kontakta sa o\u010dima odmah isperite vodom.<br \/>\nNe preporu\u010duje se primena kod osoba preosetljivih na bilo koji od<br \/>\nsastojaka proizvoda.<\/p>\n<h5 class=\"gt3_product_toggle_item_title wb_cptb_4_tab state-closed is-open\" aria-expanded=\"true\"><a>Ambalare<\/a><\/h5>\n<div id=\"tab-wb_cptb_4\" class=\"woocommerce-Tabs-panel woocommerce-Tabs-panel--wb_cptb_4 panel entry-content wc-tab\" role=\"tabpanel\" aria-labelledby=\"tab-title-wb_cptb_4\">\n<div class=\"wb_cptb_content\">\n<p>75ml \u212e<\/p>\n<\/div>\n<\/div>\n<\/div>\n<\/div>\n<\/div>\n<\/div>\n<\/div>\n<\/div>","protected":false},"featured_media":8527,"template":"","meta":[],"product_brand":[],"product_cat":[84,85],"product_tag":[525,3132,3133,551,623],"class_list":{"0":"post-8526","1":"product","2":"type-product","3":"status-publish","4":"has-post-thumbnail","6":"product_cat-zdravlje-muskaraca","7":"product_cat-zdravlje-zena","8":"product_tag-kamilica","9":"product_tag-kesten","10":"product_tag-kokotac","11":"product_tag-mentol","12":"product_tag-pantenol","14":"first","15":"instock","16":"shipping-taxable","17":"purchasable","18":"product-type-simple"},"ams_default_variation_id":0,"ams_product_points_reward":[],"ams_product_discount_percentage":0,"ams_price_to_display":810,"ams_acf":[],"jetpack_sharing_enabled":true,"_links":{"self":[{"href":"https:\/\/apotekar-online.rs\/ro\/wp-json\/wp\/v2\/product\/8526","targetHints":{"allow":["GET"]}}],"collection":[{"href":"https:\/\/apotekar-online.rs\/ro\/wp-json\/wp\/v2\/product"}],"about":[{"href":"https:\/\/apotekar-online.rs\/ro\/wp-json\/wp\/v2\/types\/product"}],"wp:featuredmedia":[{"embeddable":true,"href":"https:\/\/apotekar-online.rs\/ro\/wp-json\/wp\/v2\/media\/8527"}],"wp:attachment":[{"href":"https:\/\/apotekar-online.rs\/ro\/wp-json\/wp\/v2\/media?parent=8526"}],"wp:term":[{"taxonomy":"product_brand","embeddable":true,"href":"https:\/\/apotekar-online.rs\/ro\/wp-json\/wp\/v2\/product_brand?post=8526"},{"taxonomy":"product_cat","embeddable":true,"href":"https:\/\/apotekar-online.rs\/ro\/wp-json\/wp\/v2\/product_cat?post=8526"},{"taxonomy":"product_tag","embeddable":true,"href":"https:\/\/apotekar-online.rs\/ro\/wp-json\/wp\/v2\/product_tag?post=8526"}],"curies":[{"name":"wp","href":"https:\/\/api.w.org\/{rel}","templated":true}]}}