{"id":8528,"date":"2026-02-08T16:28:41","date_gmt":"2026-02-08T18:28:41","guid":{"rendered":"https:\/\/apotekar-online.rs\/?post_type=product&#038;p=8528"},"modified":"2026-03-05T08:27:37","modified_gmt":"2026-03-05T10:27:37","slug":"proctorex-krema","status":"publish","type":"product","link":"https:\/\/apotekar-online.rs\/ro\/p\/proctorex-krema\/","title":{"rendered":"Proctorex krema 30ml"},"content":{"rendered":"","protected":false},"excerpt":{"rendered":"<p><b>U odnosu na Proctofis kremu, sadr\u017ei dodatak escina koji pobolj\u0161ava cirkulaciju, smanjuje otok i bol i efikasnije doprinosu smanjenju simptoma kod akutnog hemoroidnog\u00a0sindroma.<\/b><\/p>\n<p>Proctorex krema je namenjena tretmanu hemoroida.<\/p>\n<h5 class=\"gt3_product_toggle_item_title wb_cptb_1_tab state-closed is-open\" aria-expanded=\"true\"><a>Compozi\u0163ie<\/a><\/h5>\n<div id=\"tab-wb_cptb_1\" class=\"woocommerce-Tabs-panel woocommerce-Tabs-panel--wb_cptb_1 panel entry-content wc-tab\" role=\"tabpanel\" aria-labelledby=\"tab-title-wb_cptb_1\">\n<div class=\"wb_cptb_content\">\n<p><strong>Sastojci\/Ingredients(INCI):<\/strong>\u00a0Aqua, Macrogol 400, Salvia Ocinalis (Sage) Oil, Calendula<br \/>\nOcinalis Flower Oil, Hypericum Perforatum Flower Oil, Alcohol, Hamamelis Virginiana Leaf<br \/>\nExtract, Panthenol, Quercus Cortex Extract, Menthol, Carbomer, Thriethanolamine, Disodium<br \/>\nPhosphate Dodecahydrate, Sodium Hyaluronate, Mentha Piperita (Peppermint) Oil, Sodium<br \/>\nDihydrogen Phosphate Dihydrate<\/p>\n<h5 class=\"gt3_product_toggle_item_title wb_cptb_2_tab state-closed is-open\" aria-expanded=\"true\"><a>Doziranje i Na\u010din upotrebe<\/a><\/h5>\n<div id=\"tab-wb_cptb_2\" class=\"woocommerce-Tabs-panel woocommerce-Tabs-panel--wb_cptb_2 panel entry-content wc-tab\" role=\"tabpanel\" aria-labelledby=\"tab-title-wb_cptb_2\">\n<div class=\"wb_cptb_content\">\n<p><strong>Mod de utilizare:<\/strong>\u00a0Preporu\u010duje se upotreba 2 do 3 puta dnevno, na \u010distu analnu regiju. Istisnuti<br \/>\nkremu i naneti direktno na zahva\u0107ena mesta, po\u017eeljno nakon pra\u017enjenja debelog creva. Isprati ruke<br \/>\nnakon nano\u0161enja. Isklju\u010divo za spolja\u0161nju upotrebu.<\/p>\n<p><strong>Metoda de depozitare:<\/strong>\u00a0\u010cuvati na tamnom i suvom mestu, dalje od izvora toplote i direktne sun\u010deve<br \/>\nsvetlosti, van doma\u0161aja dece. Datum isteka roka se odnosi na proizvod pravilno \u010duvan u zatvorenoj<br \/>\nambala\u017ei. Iskoristiti proizvod u roku od 6 meseci nakon otvaranja.<\/p>\n<h5 class=\"gt3_product_toggle_item_title wb_cptb_3_tab state-closed is-open\" aria-expanded=\"true\"><a>Informa\u021bii suplimentare<\/a><\/h5>\n<div id=\"tab-wb_cptb_3\" class=\"woocommerce-Tabs-panel woocommerce-Tabs-panel--wb_cptb_3 panel entry-content wc-tab\" role=\"tabpanel\" aria-labelledby=\"tab-title-wb_cptb_3\">\n<div class=\"wb_cptb_content\">\n<p><strong>Mere opreza:<\/strong>\u00a0Krema se ne sme nanositi na otvorene rane i o\u0161te\u0107enu ko\u017eu. Ukoliko do\u0111e do<br \/>\nkontakta sa o\u010dima odmah isperite vodom. Ne preporu\u010duje se primena kod osoba preosetljivih na<br \/>\nbilo koji od sastojaka proizvoda.<\/p>\n<h5 class=\"gt3_product_toggle_item_title wb_cptb_4_tab state-closed is-open\" aria-expanded=\"true\"><a>Ambalare<\/a><\/h5>\n<div id=\"tab-wb_cptb_4\" class=\"woocommerce-Tabs-panel woocommerce-Tabs-panel--wb_cptb_4 panel entry-content wc-tab\" role=\"tabpanel\" aria-labelledby=\"tab-title-wb_cptb_4\">\n<div class=\"wb_cptb_content\">\n<p>Pakovanje: 30 ml<\/p>\n<\/div>\n<\/div>\n<\/div>\n<\/div>\n<\/div>\n<\/div>\n<\/div>\n<\/div>","protected":false},"featured_media":8529,"template":"","meta":[],"product_brand":[3129],"product_cat":[3134],"product_tag":[1282,3135,1258,3136,460],"class_list":{"0":"post-8528","1":"product","2":"type-product","3":"status-publish","4":"has-post-thumbnail","6":"product_brand-plus-naturallab","7":"product_cat-hemoroidi","8":"product_tag-hamamelis","9":"product_tag-kadulja","10":"product_tag-kantarion","11":"product_tag-kora-hrasta","12":"product_tag-neven","14":"first","15":"instock","16":"shipping-taxable","17":"purchasable","18":"product-type-simple"},"ams_default_variation_id":0,"ams_product_points_reward":[],"ams_product_discount_percentage":0,"ams_price_to_display":950,"ams_acf":[],"jetpack_sharing_enabled":true,"_links":{"self":[{"href":"https:\/\/apotekar-online.rs\/ro\/wp-json\/wp\/v2\/product\/8528","targetHints":{"allow":["GET"]}}],"collection":[{"href":"https:\/\/apotekar-online.rs\/ro\/wp-json\/wp\/v2\/product"}],"about":[{"href":"https:\/\/apotekar-online.rs\/ro\/wp-json\/wp\/v2\/types\/product"}],"wp:featuredmedia":[{"embeddable":true,"href":"https:\/\/apotekar-online.rs\/ro\/wp-json\/wp\/v2\/media\/8529"}],"wp:attachment":[{"href":"https:\/\/apotekar-online.rs\/ro\/wp-json\/wp\/v2\/media?parent=8528"}],"wp:term":[{"taxonomy":"product_brand","embeddable":true,"href":"https:\/\/apotekar-online.rs\/ro\/wp-json\/wp\/v2\/product_brand?post=8528"},{"taxonomy":"product_cat","embeddable":true,"href":"https:\/\/apotekar-online.rs\/ro\/wp-json\/wp\/v2\/product_cat?post=8528"},{"taxonomy":"product_tag","embeddable":true,"href":"https:\/\/apotekar-online.rs\/ro\/wp-json\/wp\/v2\/product_tag?post=8528"}],"curies":[{"name":"wp","href":"https:\/\/api.w.org\/{rel}","templated":true}]}}