{"id":8537,"date":"2026-02-11T14:08:15","date_gmt":"2026-02-11T16:08:15","guid":{"rendered":"https:\/\/apotekar-online.rs\/?post_type=product&#038;p=8537"},"modified":"2026-03-05T08:27:37","modified_gmt":"2026-03-05T10:27:37","slug":"accu-chek-guide-50traka","status":"publish","type":"product","link":"https:\/\/apotekar-online.rs\/ro\/p\/accu-chek-guide-50traka\/","title":{"rendered":"Accu-Chek Guide 50 traka \u2013 Trake za merenje \u0161e\u0107era"},"content":{"rendered":"","protected":false},"excerpt":{"rendered":"<div id=\"brxe-tphyzb\" class=\"brxe-block\">\n<h2 data-start=\"1034\" data-end=\"1061\">Accu-Chek Guide 50 traka<\/h2>\n<p data-start=\"1063\" data-end=\"1250\">Accu-Chek Guide 50 traka predstavljaju test trake za glukometar namenjene preciznom merenju nivoa glukoze u krvi. Kompatibilne su isklju\u010divo sa Accu-Chek Guide aparatom za merenje \u0161e\u0107era.<\/p>\n<p data-start=\"1252\" data-end=\"1490\">Redovna kontrola \u0161e\u0107era u krvi od izuzetne je va\u017enosti kod osoba sa dijabetesom radi pravilnog prilago\u0111avanja terapije i prevencije komplikacija. Ove trake za \u0161e\u0107er omogu\u0107avaju brzo i pouzdano o\u010ditavanje rezultata uz jednostavnu upotrebu.<\/p>\n<h3 data-start=\"1492\" data-end=\"1506\">Prednosti:<\/h3>\n<ul data-start=\"1507\" data-end=\"1623\">\n<li data-start=\"1507\" data-end=\"1536\">\n<p data-start=\"1509\" data-end=\"1536\">Visoka preciznost merenja<\/p>\n<\/li>\n<li data-start=\"1537\" data-end=\"1562\">\n<p data-start=\"1539\" data-end=\"1562\">Jednostavno rukovanje<\/p>\n<\/li>\n<li data-start=\"1563\" data-end=\"1592\">\n<p data-start=\"1565\" data-end=\"1592\">Brzo o\u010ditavanje rezultata<\/p>\n<\/li>\n<li data-start=\"1593\" data-end=\"1623\">\n<p data-start=\"1595\" data-end=\"1623\">Pakovanje od 50 test traka<\/p>\n<\/li>\n<\/ul>\n<p data-start=\"1625\" data-end=\"1750\">Va\u017eno: Trake koristiti u skladu sa uputstvom proizvo\u0111a\u010da i \u010duvati na preporu\u010denoj temperaturi radi o\u010duvanja ta\u010dnosti merenja.<\/p>\n<h1 id=\"brxe-ipxsfy\" class=\"brxe-heading lekovi-h1\">Pametan izbor za kontrolu glikemije<\/h1>\n<\/div>\n<p id=\"brxe-gbzcnh\" class=\"brxe-text-basic\">Merenje \u0161e\u0107era u krvi treba da bude brzo, lako i precizno. Sistem\u00a0<strong>Accu-Chek<sup>\u00ae<\/sup>\u00a0Guide<\/strong>\u00a0aparata je napravljen tako da Vam pametne funkcije poma\u017eu u za\u0161titi traka, olak\u0161avaju testiranje bilo gde i omogu\u0107avaju da pratite Va\u0161e rezultate automatski.<\/p>\n<h3 id=\"brxe-mjavhc\" class=\"brxe-heading text--primary\">Ima karakteristike koje ga \u010dine naprednijim od prethodnih generacija aparata:<\/h3>\n<div id=\"brxe-jbnayw\" class=\"brxe-block content-gap\">\n<div id=\"brxe-vxztoc\" class=\"brxe-block content-gap-xs\">\n<p id=\"brxe-qywvnv\" class=\"brxe-text-basic\">Svetlo kod mesta za ubacivanje trake. Ekran sa pozadinskim svetlom.<\/p>\n<\/div>\n<div id=\"brxe-fofwif\" class=\"brxe-block content-gap-xs\">\n<p id=\"brxe-qosldc\" class=\"brxe-text-basic\">SmartPack bo\u010dica u kojoj su trake spre\u010dava prosipanje traka.<\/p>\n<\/div>\n<div id=\"brxe-obdixq\" class=\"brxe-block content-gap-xs\">\n<p id=\"brxe-zpetrq\" class=\"brxe-text-basic\">\u0160iroka kapilara na test traci za uzorkovanje krvi, brzo i lako uvla\u010di krv , a rezultati merenja se dobijaju za manje od 4 sekunde.<\/p>\n<\/div>\n<div id=\"brxe-mxksip\" class=\"brxe-block content-gap-xs\">\n<p id=\"brxe-czckbg\" class=\"brxe-text-basic\">Dugme za izbacivanje trake, koje omogu\u0107ava da se traka lako i higijenski ukloni, bez kontakta sa trakom.<\/p>\n<\/div>\n<div id=\"brxe-wusiua\" class=\"brxe-block content-gap-xs\">\n<p id=\"brxe-lctpov\" class=\"brxe-text-basic\">Aparat\u00a0<strong>Accu-Chek\u00ae Guide<\/strong>\u00a0poseduje mogu\u0107nost za unapre\u0111enim upravljanjem dijabetesom. Mogu\u0107nost dodavanja komentara uz izmerenu vrednost glikemije. Detekcija obrazaca glikemije. Pode\u0161avanje dva ciljna opsega. Pore\u0111enje trenutno izmerenog rezultata sa prethodnim.<\/p>\n<\/div>\n<div id=\"brxe-oxkezr\" class=\"brxe-block content-gap-xs\">\n<p id=\"brxe-tcxiuf\" class=\"brxe-text-basic\">Unapre\u0111ena ta\u010dnost: Ispunjava ISO standard 15197 : 2013 (1). Pru\u017ea jo\u0161 ve\u0107u ta\u010dnost 10\/10 (2). Samo 1 od ukupno 100 izmerenih hipoglikemija mo\u017ee biti nedetektovana (3).<\/p>\n<p><strong>Pre upotrebe pro\u010ditati uputstvo! O nameni i ne\u017eeljenim reakcijama na medicinsko sredstvo posavetujte se sa lekarom ili farmaceutom.<\/strong><\/p>\n<\/div>\n<\/div>","protected":false},"featured_media":8538,"template":"","meta":[],"product_brand":[3143],"product_cat":[102,87,3144],"product_tag":[3140,1075,1815],"class_list":{"0":"post-8537","1":"product","2":"type-product","3":"status-publish","4":"has-post-thumbnail","6":"product_brand-accu-chek","7":"product_cat-medicinski-aparati","8":"product_cat-dijabetes-i-insulinska-rezistencija","9":"product_cat-trake-za-secer","10":"product_tag-aparat-za-secer","11":"product_tag-dijabetes","12":"product_tag-insulin","13":"pa_brend-accu-chek","15":"first","16":"instock","17":"shipping-taxable","18":"purchasable","19":"product-type-simple"},"ams_default_variation_id":0,"ams_product_points_reward":[],"ams_product_discount_percentage":0,"ams_price_to_display":2200,"ams_acf":[],"jetpack_sharing_enabled":true,"_links":{"self":[{"href":"https:\/\/apotekar-online.rs\/ro\/wp-json\/wp\/v2\/product\/8537","targetHints":{"allow":["GET"]}}],"collection":[{"href":"https:\/\/apotekar-online.rs\/ro\/wp-json\/wp\/v2\/product"}],"about":[{"href":"https:\/\/apotekar-online.rs\/ro\/wp-json\/wp\/v2\/types\/product"}],"wp:featuredmedia":[{"embeddable":true,"href":"https:\/\/apotekar-online.rs\/ro\/wp-json\/wp\/v2\/media\/8538"}],"wp:attachment":[{"href":"https:\/\/apotekar-online.rs\/ro\/wp-json\/wp\/v2\/media?parent=8537"}],"wp:term":[{"taxonomy":"product_brand","embeddable":true,"href":"https:\/\/apotekar-online.rs\/ro\/wp-json\/wp\/v2\/product_brand?post=8537"},{"taxonomy":"product_cat","embeddable":true,"href":"https:\/\/apotekar-online.rs\/ro\/wp-json\/wp\/v2\/product_cat?post=8537"},{"taxonomy":"product_tag","embeddable":true,"href":"https:\/\/apotekar-online.rs\/ro\/wp-json\/wp\/v2\/product_tag?post=8537"}],"curies":[{"name":"wp","href":"https:\/\/api.w.org\/{rel}","templated":true}]}}