{"id":8634,"date":"2026-02-19T16:05:08","date_gmt":"2026-02-19T18:05:08","guid":{"rendered":"https:\/\/apotekar-online.rs\/?post_type=product&#038;p=8634"},"modified":"2026-03-31T00:00:08","modified_gmt":"2026-03-31T02:00:08","slug":"dietpharm-hemero-protect-krema-30ml-2","status":"publish","type":"product","link":"https:\/\/apotekar-online.rs\/ro\/p\/dietpharm-hemero-protect-krema-30ml-2\/","title":{"rendered":"Dietpharm Hemero Protect crema 30ml"},"content":{"rendered":"","protected":false},"excerpt":{"rendered":"<div>Hemero Protect krema je medicinski proizvod za\u00a0olak\u0161avanje tegoba kod hemoroida, analnih fisura\u00a0i proktitisa (pe\u010denje, svrab, krvarenje i bol).<\/div>\n<div>\n<div>Za smanjenje trenja tokom pra\u017enjenja creva.\u00a0Za ubla\u017eavanje peckanja, svraba i krvarenja.\u00a0Za spre\u010davanje upala i edema.\u00a0Za smanjenje bola.\u00a0Za pospe\u0161ivanje zarastanja o\u0161te\u0107ene sluznice rektuma.<\/div>\n<\/div>\n<div>\n<p class=\"mainTitle oswald\">Mod de utilizare<\/p>\n<div class=\"text\">\n<div>Aplica\u021bi crema de 2 p\u00e2n\u0103 la 4 ori pe zi, de preferin\u021b\u0103 \u00eenainte \u0219i dup\u0103 fiecare evacuare.<\/div>\n<div>Sp\u0103la\u021bi-v\u0103 m\u00e2inile \u00eenainte \u0219i dup\u0103 aplicarea cremei. Cur\u0103\u021ba\u021bi zona afectat\u0103 \u00eenainte de a aplica crema.<\/div>\n<div>C\u00e2nd utiliza\u021bi aplicatorul, \u00eendep\u0103rta\u021bi capacul \u0219i folia de protec\u021bie de pe tub \u0219i pune\u021bi aplicatorul \u00een locul capacului. Str\u00e2nge\u021bi tubul p\u00e2n\u0103 c\u00e2nd crema umple aplicatorul \u0219i iese. Pune aplicatorul \u00een anus (deschidere anal\u0103 sau vagin), str\u00e2nge \u00eencet tubul, astfel \u00eenc\u00e2t crema s\u0103 fie distribuit\u0103 uniform pe zona dureroas\u0103. Scoate\u021bi aplicatorul de pe corp \u0219i aplica\u021bi o cantitate mic\u0103 de crem\u0103 \u00een jurul anusului cu degetul. Dup\u0103 utilizare, scoate\u021bi imediat aplicatorul din tub \u0219i \u00eenchide\u021bi-l cu un capac. Cur\u0103\u021ba\u021bi bine aplicatorul cu ap\u0103 \u0219i \u00eenchide\u021bi-l cu un capac special.<\/div>\n<\/div>\n<div>\n<p class=\"mainTitle oswald\">Ac\u021biune<\/p>\n<div class=\"text\">\n<div>Beta-glucanul stimuleaz\u0103 biosinteza \u0219i reepitelizarea colagenului, accelereaz\u0103 vindecarea, stimuleaz\u0103 celulele imunitare, macrofagele.<\/div>\n<div>Alantoina are efecte keratolitice \u0219i keratoplastice. Accelereaz\u0103 vindecarea r\u0103nilor \u0219i are un efect protector asupra pielii \u0219i mucoaselor. Nu are propriet\u0103\u021bi iritante \u0219i toxice.<\/div>\n<div>Ingredientul activ al mu\u0219e\u021belului, bisabololul, amelioreaz\u0103 eficient inflama\u021bia, m\u00e2nc\u0103rimea \u0219i arsurile din zona anal\u0103. Atenueaz\u0103 efectele negative ale terapiei locale cu corticosteroizi.<\/div>\n<div>Vaselina are un efect emolient \u0219i protector. Creeaz\u0103 o pelicul\u0103 impermeabil\u0103 care previne pierderea apei \u0219i uscarea pielii \u0219i a mucoaselor. \u00cenmoaie scaunul, previne infec\u021bia \u0219i stimuleaz\u0103 procesul de vindecare a r\u0103nilor.<\/div>\n<\/div>\n<div>\n<p class=\"mainTitle oswald\">Compozi\u0163ie<\/p>\n<div class=\"text\">\n<div><\/div>\n<div>Beta-glukan (polisaharidi kvasca), alantoin, ekstrakt kamilice, vazelin,\u00a0pre\u010di\u0161\u0107ena voda, parafin, cetearil alkohol, ceteth-20, stearil alkohol,\u00a0glicerin, fenoksietanol, etilparaben, metilparaben i mle\u010dna kiselina.<\/div>\n<\/div>\n<\/div>\n<\/div>\n<\/div>","protected":false},"featured_media":949,"template":"","meta":[],"product_brand":[3079],"product_cat":[3134],"product_tag":[212,2176,1709,2096,194,3146,525,787,3148,3147,359,1364],"class_list":{"0":"post-8634","1":"product","2":"type-product","3":"status-publish","4":"has-post-thumbnail","6":"product_brand-dietpharm","7":"product_cat-hemoroidi","8":"product_tag-alantoin","9":"product_tag-beta-glukan","10":"product_tag-betty","11":"product_tag-bisabolol","12":"product_tag-glicerin","13":"product_tag-hemeroidi","14":"product_tag-kamilica","15":"product_tag-mlecna-kiselina","16":"product_tag-parafin","17":"product_tag-smanjenje-bola","18":"product_tag-super-petak","19":"product_tag-vazelin","20":"pa_brend-dietpharm","22":"first","23":"instock","24":"shipping-taxable","25":"purchasable","26":"product-type-simple"},"ams_default_variation_id":0,"ams_product_points_reward":[],"ams_product_discount_percentage":0,"ams_price_to_display":897,"ams_acf":[],"jetpack_sharing_enabled":true,"_links":{"self":[{"href":"https:\/\/apotekar-online.rs\/ro\/wp-json\/wp\/v2\/product\/8634","targetHints":{"allow":["GET"]}}],"collection":[{"href":"https:\/\/apotekar-online.rs\/ro\/wp-json\/wp\/v2\/product"}],"about":[{"href":"https:\/\/apotekar-online.rs\/ro\/wp-json\/wp\/v2\/types\/product"}],"wp:featuredmedia":[{"embeddable":true,"href":"https:\/\/apotekar-online.rs\/ro\/wp-json\/wp\/v2\/media\/949"}],"wp:attachment":[{"href":"https:\/\/apotekar-online.rs\/ro\/wp-json\/wp\/v2\/media?parent=8634"}],"wp:term":[{"taxonomy":"product_brand","embeddable":true,"href":"https:\/\/apotekar-online.rs\/ro\/wp-json\/wp\/v2\/product_brand?post=8634"},{"taxonomy":"product_cat","embeddable":true,"href":"https:\/\/apotekar-online.rs\/ro\/wp-json\/wp\/v2\/product_cat?post=8634"},{"taxonomy":"product_tag","embeddable":true,"href":"https:\/\/apotekar-online.rs\/ro\/wp-json\/wp\/v2\/product_tag?post=8634"}],"curies":[{"name":"wp","href":"https:\/\/api.w.org\/{rel}","templated":true}]}}