{"id":8714,"date":"2026-02-28T10:34:59","date_gmt":"2026-02-28T12:34:59","guid":{"rendered":"https:\/\/apotekar-online.rs\/?post_type=product&#038;p=8714"},"modified":"2026-03-31T00:00:08","modified_gmt":"2026-03-31T02:00:08","slug":"livsane-magnezijum-sa-ukusom-crne-ribizle-sumece-tablete","status":"publish","type":"product","link":"https:\/\/apotekar-online.rs\/ro\/p\/livsane-magnezijum-sa-ukusom-crne-ribizle-sumece-tablete\/","title":{"rendered":"LIVSANE Magnezijum sa ukusom crne ribizle, \u0161ume\u0107e tablete"},"content":{"rendered":"","protected":false},"excerpt":{"rendered":"<div class=\"wysiwyg\">\n<h5>Descriere produs<\/h5>\n<p>LIVSANE magnezijum sa ukusom crne ribizle pokazuje povoljne efekte u odr\u017eanju dobrog stanja organizma i mo\u017ee se preporu\u010diti sportistima, osobama pod pove\u0107anim fizi\u010dkim i psihi\u010dkim naporom, odraslim osobama koje redovnom ishranom ne unose dovoljne koli\u010dine magnezijuma, kao i osobama koje pate od migrena. Proizvod nije namenjen deci mla\u0111oj od 4 godine.<\/p>\n<p><strong>Dozaj \u0219i mod de utilizare<\/strong><\/p>\n<p>Jedna do dve \u0161ume\u0107e tabele dnevno.<\/p>\n<p><strong>Compozi\u0163ie<\/strong><\/p>\n<p>Magnezijum 187, 5 g<\/p>\n<p>&nbsp;<\/p>\n<\/div>\n<div class=\"product-info\">\n<h3 class=\"title\"><i class=\"icon-clipboard mr-1\" aria-hidden=\"true\"><\/i>\u00a0Informa\u021bii suplimentare<\/h3>\n<table class=\"info-table\">\n<tbody>\n<tr>\n<th>Produc\u0103tor:<\/th>\n<td><a href=\"https:\/\/benu.rs\/livsane-1612525398\">LIVSANE<\/a><\/td>\n<\/tr>\n<tr>\n<th>Brend:<\/th>\n<td><a href=\"https:\/\/benu.rs\/livsane\">LIVSANE<\/a><\/td>\n<\/tr>\n<tr>\n<th>Linija proizvoda:<\/th>\n<td><a href=\"https:\/\/benu.rs\/livsane-sumece-tablete\">LIVSANE \u0160ume\u0107e tablete<\/a><\/td>\n<\/tr>\n<tr>\n<th>Caracteristici:<\/th>\n<td>LIVSANE Magnezijum sa ukusom crne ribizle je dodatak ishrani u obliku \u0161ume\u0107ih tableta koji predstavlja dopunski izvor magnezijuma redovnoj i balansiranoj ishrani.<\/td>\n<\/tr>\n<tr>\n<th>Osobine artikla:<\/th>\n<td>Magnezijum doprinosi normalnoj funkciji mi\u0161i\u0107a<\/td>\n<\/tr>\n<tr>\n<th>Osobine artikla:<\/th>\n<td>Doprinosi normalnoj funkciji nervnog sistema<\/td>\n<\/tr>\n<tr>\n<th>Osobine artikla:<\/th>\n<td>Citratni oblik ima najbolju bioraspolo\u017eivost<\/td>\n<\/tr>\n<\/tbody>\n<\/table>\n<\/div>","protected":false},"featured_media":8717,"template":"","meta":[],"product_brand":[3090],"product_cat":[3054,77],"product_tag":[1709,3198,323],"class_list":{"0":"post-8714","1":"product","2":"type-product","3":"status-publish","4":"has-post-thumbnail","6":"product_brand-livsane","7":"product_cat-akcija","8":"product_cat-imunitet","9":"product_tag-betty","10":"product_tag-crna-ribizla","11":"product_tag-magnezijum","12":"pa_brend-livsane","14":"first","15":"instock","16":"shipping-taxable","17":"purchasable","18":"product-type-simple"},"ams_default_variation_id":0,"ams_product_points_reward":[],"ams_product_discount_percentage":0,"ams_price_to_display":329.82,"ams_acf":[],"jetpack_sharing_enabled":true,"_links":{"self":[{"href":"https:\/\/apotekar-online.rs\/ro\/wp-json\/wp\/v2\/product\/8714","targetHints":{"allow":["GET"]}}],"collection":[{"href":"https:\/\/apotekar-online.rs\/ro\/wp-json\/wp\/v2\/product"}],"about":[{"href":"https:\/\/apotekar-online.rs\/ro\/wp-json\/wp\/v2\/types\/product"}],"wp:featuredmedia":[{"embeddable":true,"href":"https:\/\/apotekar-online.rs\/ro\/wp-json\/wp\/v2\/media\/8717"}],"wp:attachment":[{"href":"https:\/\/apotekar-online.rs\/ro\/wp-json\/wp\/v2\/media?parent=8714"}],"wp:term":[{"taxonomy":"product_brand","embeddable":true,"href":"https:\/\/apotekar-online.rs\/ro\/wp-json\/wp\/v2\/product_brand?post=8714"},{"taxonomy":"product_cat","embeddable":true,"href":"https:\/\/apotekar-online.rs\/ro\/wp-json\/wp\/v2\/product_cat?post=8714"},{"taxonomy":"product_tag","embeddable":true,"href":"https:\/\/apotekar-online.rs\/ro\/wp-json\/wp\/v2\/product_tag?post=8714"}],"curies":[{"name":"wp","href":"https:\/\/api.w.org\/{rel}","templated":true}]}}