{"id":8723,"date":"2026-02-28T12:27:43","date_gmt":"2026-02-28T14:27:43","guid":{"rendered":"https:\/\/apotekar-online.rs\/?post_type=product&#038;p=8723"},"modified":"2026-03-31T00:00:08","modified_gmt":"2026-03-31T02:00:08","slug":"broncamil-sirup-bimbi-1-200-ml","status":"publish","type":"product","link":"https:\/\/apotekar-online.rs\/ro\/p\/broncamil-sirup-bimbi-1-200-ml\/","title":{"rendered":"Broncamil sirup BIMBI 1+, 200 ml"},"content":{"rendered":"<div class=\"wysiwyg\">\n<p>&nbsp;<\/p>\n<\/div>","protected":false},"excerpt":{"rendered":"<div class=\"wysiwyg\">\n<p><strong>Descriere produs<\/strong><\/p>\n<p>Broncamil sirup BIMBI je namenjen\u00a0deci\u00a0i odraslima, a\u00a0sadr\u017ei biljne\u00a0ekstrakte\u00a0va\u017ene za normalnu funkciju gornjih disajnih puteva. Listovi divljeg suncokreta i etarsko ulje iglica srebrnog bora, eukaliptusa i timijana doprinose normalnoj funkciji gornjih disajnih organa. Aktivni sastojci iz \u0161est\u00a0pre\u010di\u0161\u0107enih biljnih ekstrakata i biljnih ulja, udru\u017eenim dejstvom,\u00a0na prirodan na\u010din, efikasno razre\u0111uju gust i nagomilan\u00a0sekret, olak\u0161avaju\u0107i njegovo iska\u0161ljavanje.\u00a0Primenjuje se kod prehlade, bronhitisa, iritativnog i produktivnog ka\u0161lja, kao i kod preosetljivosti respiratornog trakta na aerozagadjenja, smog i\u00a0dim.<\/p>\n<p><strong>Dozaj \u0219i mod de administrare<\/strong><\/p>\n<p>Pre upotrebe promu\u0107kati, a dozu odmeriti pomo\u0107u prilo\u017eene plasti\u010dne merice.\u00a0Proizvod je najbolje koristiti pre obroka. Mo\u017ee se koristiti rastvoren u \u010da\u0161i vode, \u010daja ili soka.\u00a0Deca od 1 do 6 godina: 15ml 1 do 2 puta dnevno, pre obroka, samo uz preporuku lekara ili farmaceuta. Deca starija od 6 godina i odrasli: 15 ml 3 puta dnevno, pre glavnih obroka.<\/p>\n<p><strong>Compozi\u0163ie<\/strong><\/p>\n<p>Aktivni sastojci: vodeno-glicerolski ekstrakt vr\u0161nih delova divljeg suncokreta (Grindelia robusta), listova smilja (Helychrysum italicum),\u00a0listova \u017eenske bokvice (Plantago major); etarsko ulje iglica srebrnog bora (Pinus silvestris),\u00a0listova eukaliptusa (Eucalyptus globulus) i\u00a0listova timijana (Thymus vulgaris).\u00a0Ne sadr\u017ei gluten,\u00a0alkohol, ve\u0161ta\u010dke arome i\u00a0zasla\u0111iva\u010de.<\/p>\n<\/div>\n<div class=\"product-info\">\n<h3 class=\"title\"><i class=\"icon-clipboard mr-1\" aria-hidden=\"true\"><\/i>\u00a0Informa\u021bii suplimentare<\/h3>\n<table class=\"info-table\">\n<tbody>\n<tr>\n<th>Produc\u0103tor:<\/th>\n<td><a href=\"https:\/\/benu.rs\/pharmalife-1612525145\">Pharmalife<\/a><\/td>\n<\/tr>\n<tr>\n<th>EAN kod:<\/th>\n<td>8051128636291<\/td>\n<\/tr>\n<tr>\n<th>Brend:<\/th>\n<td><a href=\"https:\/\/benu.rs\/pharmalife\">Pharmalife<\/a><\/td>\n<\/tr>\n<tr>\n<th>Caracteristici:<\/th>\n<td>Broncamil sirup BIMBI efikasno razre\u0111uju gust i nagomilan\u00a0sekret, olak\u0161avaju\u0107i njegovo iska\u0161ljavanje.<\/td>\n<\/tr>\n<tr>\n<th>Osobine artikla:<\/th>\n<td>Sadr\u017ei biljne\u00a0ekstrakte\u00a0va\u017ene za normalnu funkciju gornjih disajnih puteva.<\/td>\n<\/tr>\n<tr>\n<th>Osobine artikla:<\/th>\n<td>Za decu i odrasle.<\/td>\n<\/tr>\n<tr>\n<th>Osobine artikla:<\/th>\n<td>Izuzetno efikasan zahvaljuju\u0107i kompleksnom sastavu.<\/td>\n<\/tr>\n<\/tbody>\n<\/table>\n<\/div>","protected":false},"featured_media":8724,"template":"","meta":[],"product_brand":[3068],"product_cat":[3054,148],"product_tag":[1709,180,249,1240,3199,532],"class_list":{"0":"post-8723","1":"product","2":"type-product","3":"status-publish","4":"has-post-thumbnail","6":"product_brand-pharmalife","7":"product_cat-akcija","8":"product_cat-preparati-za-prehladu-i-kasalj-kod-dece","9":"product_tag-betty","10":"product_tag-deca","11":"product_tag-eukaliptus","12":"product_tag-iskasljavanje","13":"product_tag-listovi-smilja","14":"product_tag-odrasli","15":"pa_brend-pharmalife","17":"first","18":"instock","19":"shipping-taxable","20":"purchasable","21":"product-type-simple"},"ams_default_variation_id":0,"ams_product_points_reward":[],"ams_product_discount_percentage":0,"ams_price_to_display":1069.5,"ams_acf":[],"jetpack_sharing_enabled":true,"_links":{"self":[{"href":"https:\/\/apotekar-online.rs\/ro\/wp-json\/wp\/v2\/product\/8723","targetHints":{"allow":["GET"]}}],"collection":[{"href":"https:\/\/apotekar-online.rs\/ro\/wp-json\/wp\/v2\/product"}],"about":[{"href":"https:\/\/apotekar-online.rs\/ro\/wp-json\/wp\/v2\/types\/product"}],"wp:featuredmedia":[{"embeddable":true,"href":"https:\/\/apotekar-online.rs\/ro\/wp-json\/wp\/v2\/media\/8724"}],"wp:attachment":[{"href":"https:\/\/apotekar-online.rs\/ro\/wp-json\/wp\/v2\/media?parent=8723"}],"wp:term":[{"taxonomy":"product_brand","embeddable":true,"href":"https:\/\/apotekar-online.rs\/ro\/wp-json\/wp\/v2\/product_brand?post=8723"},{"taxonomy":"product_cat","embeddable":true,"href":"https:\/\/apotekar-online.rs\/ro\/wp-json\/wp\/v2\/product_cat?post=8723"},{"taxonomy":"product_tag","embeddable":true,"href":"https:\/\/apotekar-online.rs\/ro\/wp-json\/wp\/v2\/product_tag?post=8723"}],"curies":[{"name":"wp","href":"https:\/\/api.w.org\/{rel}","templated":true}]}}