{"id":8739,"date":"2026-02-28T14:03:26","date_gmt":"2026-02-28T16:03:26","guid":{"rendered":"https:\/\/apotekar-online.rs\/?post_type=product&#038;p=8739"},"modified":"2026-03-31T00:00:08","modified_gmt":"2026-03-31T02:00:08","slug":"femisan-balance-vagitorije-za-hidrataciju-vaginalne-sluzokoze-7kom","status":"publish","type":"product","link":"https:\/\/apotekar-online.rs\/ro\/p\/femisan-balance-vagitorije-za-hidrataciju-vaginalne-sluzokoze-7kom\/","title":{"rendered":"Femisan Balance vagitorije za hidrataciju vaginalne sluzoko\u017ee, 7kom"},"content":{"rendered":"","protected":false},"excerpt":{"rendered":"<h2>Descriere produs<\/h2>\n<p>FEMISAN BALANCE\u00ae VAGITORIJE sadr\u017ee hijaluron, kao i kombinaciju biljnih ulja i eteri\u010dnih ulja koja blagotvorno deluje na vaginalnu sluzoko\u017eu, doprinose uspostavljanju normalne vaginalne flore i poma\u017eu kod hroni\u010dnih infekcija kandidom, bakterijskih vaginoza i lezija grli\u0107a materice prouzrokovanih HPV virusima.<\/p>\n<p>Zbog bogatog sastava, FEMISAN BALANCE\u00ae VAGITORIJE imaju \u0161irok spektar primene i preporu\u010duju se \u017eenama svih uzrasnih grupa, od adolescencije do senijuma.<\/p>\n<p>FEMISAN BALANCE\u00ae VAGITORIJE, prirodna pomo\u0107 kod:<\/p>\n<p>\u00b7 vaginalne suvo\u0107e<br \/>\n\u00b7 poja\u010danog vaginalnog sekreta<br \/>\n\u00b7 bakterijske vaginoze \u2013 poreme\u0107ene vaginalne flore<br \/>\n\u00b7 kandidijaze (preteranog mno\u017eenja gljivice Candida albicans)<br \/>\n\u00b7 o\u0161te\u0107enja sluznice izazvanih bakterijama, HPV virusom ili gljivicama<br \/>\n\u00b7 upale vagine i grli\u0107a materice<br \/>\n\u00b7 vaginalnog svraba i peckanja<br \/>\n\u00b7 bolnog i ote\u017eanog mokrenja<br \/>\n\u00b7 bola prilikom seksualnog odnosa<br \/>\n\u00b7 atrofije vagine<\/p>\n<h2>Dozaj \u0219i mod de administrare<\/h2>\n<p>Vagitoriju izvaditi iz plasti\u010dnog kalupa i aplikovati u le\u017ee\u0107em polo\u017eaju duboko u vaginu. Koristi se jedna vagitorija dnevno, uve\u010de pre spavanja. Po potrebi mo\u017ee se koristiti i dva puta dnevno, ujutru i uve\u010de. Du\u017eina upotrebe vagitorija nije ograni\u010dena i zavisi od indikacija i simptoma. O\u010dekivani period terapije je 5-10 dana, ali ukoliko je potrebno FEMISAN BALANCE\u00ae VAGITORIJE mogu se koristiti du\u017ei vremenski period.<\/p>\n<h2>Compozi\u0163ie<\/h2>\n<p>Natrijumova so hijaluronske kiseline\u00a0<i>(Sodium hyaluronate)<\/i><\/p>\n<p>Kantarionovo ulje\u00a0<i>(Oleum Hyperici)<\/i><\/p>\n<p>Tamanu ulje\u00a0<i>(Calophyllum Inophyllum L.)<\/i><\/p>\n<p>Ulje cveta nevena\u00a0<i>(Calendula Officinalis L.)<\/i><\/p>\n<p>Eteri\u010dno ulje ravensare\u00a0<i>(Ravensara Aromatica Sonn.)<\/i><\/p>\n<p>Eteri\u010dno ulje \u010dajevca\u00a0<i>(Melaleuca alternifolia L.)<\/i><\/p>","protected":false},"featured_media":8740,"template":"","meta":[],"product_brand":[3070],"product_cat":[3054,85],"product_tag":[1709,3209,3206,3207,3208],"class_list":{"0":"post-8739","1":"product","2":"type-product","3":"status-publish","4":"has-post-thumbnail","6":"product_brand-herba-svet","7":"product_cat-akcija","8":"product_cat-zdravlje-zena","9":"product_tag-betty","10":"product_tag-cajevac-ulje","11":"product_tag-kantarionovo-ulju","12":"product_tag-tamanu-ulje","13":"product_tag-ulje-cveta-nevena","14":"pa_brend-herba-svet","16":"first","17":"instock","18":"shipping-taxable","19":"purchasable","20":"product-type-simple"},"ams_default_variation_id":0,"ams_product_points_reward":[],"ams_product_discount_percentage":0,"ams_price_to_display":1242,"ams_acf":[],"jetpack_sharing_enabled":true,"_links":{"self":[{"href":"https:\/\/apotekar-online.rs\/ro\/wp-json\/wp\/v2\/product\/8739","targetHints":{"allow":["GET"]}}],"collection":[{"href":"https:\/\/apotekar-online.rs\/ro\/wp-json\/wp\/v2\/product"}],"about":[{"href":"https:\/\/apotekar-online.rs\/ro\/wp-json\/wp\/v2\/types\/product"}],"wp:featuredmedia":[{"embeddable":true,"href":"https:\/\/apotekar-online.rs\/ro\/wp-json\/wp\/v2\/media\/8740"}],"wp:attachment":[{"href":"https:\/\/apotekar-online.rs\/ro\/wp-json\/wp\/v2\/media?parent=8739"}],"wp:term":[{"taxonomy":"product_brand","embeddable":true,"href":"https:\/\/apotekar-online.rs\/ro\/wp-json\/wp\/v2\/product_brand?post=8739"},{"taxonomy":"product_cat","embeddable":true,"href":"https:\/\/apotekar-online.rs\/ro\/wp-json\/wp\/v2\/product_cat?post=8739"},{"taxonomy":"product_tag","embeddable":true,"href":"https:\/\/apotekar-online.rs\/ro\/wp-json\/wp\/v2\/product_tag?post=8739"}],"curies":[{"name":"wp","href":"https:\/\/api.w.org\/{rel}","templated":true}]}}