{"id":8813,"date":"2026-03-05T09:04:30","date_gmt":"2026-03-05T11:04:30","guid":{"rendered":"https:\/\/apotekar-online.rs\/?post_type=product&#038;p=8813"},"modified":"2026-03-31T00:00:09","modified_gmt":"2026-03-31T02:00:09","slug":"centrum-kids-vitagummies-berry-60-gumenih-bombona","status":"publish","type":"product","link":"https:\/\/apotekar-online.rs\/ro\/p\/centrum-kids-vitagummies-berry-60-gumenih-bombona\/","title":{"rendered":"Centrum Kids VitaGummies Berry, 60 gumenih bombona"},"content":{"rendered":"","protected":false},"excerpt":{"rendered":"<div class=\"wysiwyg\">\n<h2>Descriere produs<\/h2>\n<p>Gumene bombone s prirodnim aromama jagode i maline za zdraviji rast i razvoj dece. 60 gumenih bombona za \u017evakanje.<\/p>\n<h2>Dozaj \u0219i mod de administrare<\/h2>\n<p>Deca uzrasta od najmanje 3 godine smeju da uzmu jednu gumenu bombonu dnevno. \u017dvakati gumenu bombonu dok se ne rastvori, sme se uzimati bez hrane i vode.<\/p>\n<h2>Compozi\u0163ie<\/h2>\n<p>Glukozni sirup; \u0161e\u0107er; \u017eelatin (gove\u0111i); L-askorbinska kiselina; regulator kiselosti: limunska kiselina; nikotinarnid; maltodekstrin; DL-alfa-tokoferil-acetat; cink-sulfat; prirodne arome jagoda, malina); namirnice za bojenje (koncentrat crne \u0161argarepe i crne ribizle); piridoksin-hidrohlorid; retinil-acetat; sredstva za glaziranje: E 903, E 901; kalijum-jodid; D-biotin; holekalciferol; cijanokobalmin.<\/p>\n<p>&nbsp;<\/p>\n<\/div>\n<div class=\"product-info\">\n<h3 class=\"title\"><i class=\"icon-clipboard mr-1\" aria-hidden=\"true\"><\/i>\u00a0Informa\u021bii suplimentare<\/h3>\n<table class=\"info-table\">\n<tbody>\n<tr>\n<th>Produc\u0103tor:<\/th>\n<td><a href=\"https:\/\/benu.rs\/haleon\">Haleon<\/a><\/td>\n<\/tr>\n<tr>\n<th>EAN kod:<\/th>\n<td>5054563202017<\/td>\n<\/tr>\n<tr>\n<th>Brend:<\/th>\n<td><a href=\"https:\/\/benu.rs\/centrum\">Centru<\/a><\/td>\n<\/tr>\n<tr>\n<th>Caracteristici:<\/th>\n<td>Gumene bombone sa vitaminima za decu.<\/td>\n<\/tr>\n<tr>\n<th>Osobine artikla:<\/th>\n<td>Za decu od 3. godine.<\/td>\n<\/tr>\n<tr>\n<th>Osobine artikla:<\/th>\n<td>Potpoma\u017ee zdravlju kostiju.<\/td>\n<\/tr>\n<tr>\n<th>Osobine artikla:<\/th>\n<td>Za ja\u010danje imunskog sistema.<\/td>\n<\/tr>\n<\/tbody>\n<\/table>\n<\/div>","protected":false},"featured_media":8814,"template":"","meta":[],"product_brand":[3215],"product_cat":[3054,340,127],"product_tag":[3218,3216,3195,3217],"class_list":{"0":"post-8813","1":"product","2":"type-product","3":"status-publish","4":"has-post-thumbnail","6":"product_brand-centrum","7":"product_cat-akcija","8":"product_cat-deciji-program","9":"product_cat-vitamini-i-minerali-za-decu","10":"product_tag-cink-sulfat","11":"product_tag-d-biotin","12":"product_tag-limunska-kiselina","13":"product_tag-retinil-acetat","15":"first","16":"instock","17":"shipping-taxable","18":"purchasable","19":"product-type-simple"},"ams_default_variation_id":0,"ams_product_points_reward":[],"ams_product_discount_percentage":0,"ams_price_to_display":1349,"ams_acf":[],"jetpack_sharing_enabled":true,"_links":{"self":[{"href":"https:\/\/apotekar-online.rs\/ro\/wp-json\/wp\/v2\/product\/8813","targetHints":{"allow":["GET"]}}],"collection":[{"href":"https:\/\/apotekar-online.rs\/ro\/wp-json\/wp\/v2\/product"}],"about":[{"href":"https:\/\/apotekar-online.rs\/ro\/wp-json\/wp\/v2\/types\/product"}],"wp:featuredmedia":[{"embeddable":true,"href":"https:\/\/apotekar-online.rs\/ro\/wp-json\/wp\/v2\/media\/8814"}],"wp:attachment":[{"href":"https:\/\/apotekar-online.rs\/ro\/wp-json\/wp\/v2\/media?parent=8813"}],"wp:term":[{"taxonomy":"product_brand","embeddable":true,"href":"https:\/\/apotekar-online.rs\/ro\/wp-json\/wp\/v2\/product_brand?post=8813"},{"taxonomy":"product_cat","embeddable":true,"href":"https:\/\/apotekar-online.rs\/ro\/wp-json\/wp\/v2\/product_cat?post=8813"},{"taxonomy":"product_tag","embeddable":true,"href":"https:\/\/apotekar-online.rs\/ro\/wp-json\/wp\/v2\/product_tag?post=8813"}],"curies":[{"name":"wp","href":"https:\/\/api.w.org\/{rel}","templated":true}]}}