{"id":8897,"date":"2026-03-10T08:46:33","date_gmt":"2026-03-10T10:46:33","guid":{"rendered":"https:\/\/apotekar-online.rs\/?post_type=product&#038;p=8897"},"modified":"2026-03-10T08:48:04","modified_gmt":"2026-03-10T10:48:04","slug":"hipp-bio-obrok-krompir-jabuka-i-cvekla-sa-govedinom-220g","status":"publish","type":"product","link":"https:\/\/apotekar-online.rs\/ro\/p\/hipp-bio-obrok-krompir-jabuka-i-cvekla-sa-govedinom-220g\/","title":{"rendered":"HIPP Bio Obrok krompir, jabuka i cvekla sa govedinom 220g"},"content":{"rendered":"","protected":false},"excerpt":{"rendered":"<p>Hrana za odoj\u010dad i malu decu. Za uzrast od 8 meseca. Organski proizvod. Bez glutena. Kompletan obrok.<\/p>\n<p>&nbsp;<\/p>\n<p><strong>na\u010din primene:<\/strong> Ugrejati otvorenu teglicu u posudi sa vodom ili u mikrotalasnoj pe\u0107i. Zatvoriti negrejani ostatak porcije, \u010duvati u fri\u017eideru i potro\u0161iti najkasnije slede\u0107eg dana. Koristite plasti\u010dnu ka\u0161i\u010dicu.<\/p>\n<p>&nbsp;<\/p>\n<p>Bez glutena, bez dodatka soli, bez dodatka mle\u010dnih proizvoda. Bez ve\u0161ta\u010dkih aroma i sredstava za zgu\u0161njavanje, bez boja i konzervansa. Sa komadi\u0107ima, va\u017eno za dete kad u\u010di \u017evakanje sa omega 3 masnim kiselinama. Sastav: Povr\u0107e 35% (krompir 20%, cvekla 13%, luk), voda, jabuke16%, govedina 10%, pirin\u010dani skrob, ulje uljane repice 2,4%. Uzrast: 8m+ Pakovanje: 220g iz organske proizvodnje<\/p>","protected":false},"featured_media":8898,"template":"","meta":[],"product_brand":[3222],"product_cat":[340,369],"product_tag":[669,3237,3236,1519,3224,1521,3223],"class_list":{"0":"post-8897","1":"product","2":"type-product","3":"status-publish","4":"has-post-thumbnail","6":"product_brand-hipp","7":"product_cat-deciji-program","8":"product_cat-decija-hrana","9":"product_tag-cvekla","10":"product_tag-govedina","11":"product_tag-krompir","12":"product_tag-luk","13":"product_tag-pirincani-skrob","14":"product_tag-povrce","15":"product_tag-uljane-repice","17":"first","18":"instock","19":"shipping-taxable","20":"purchasable","21":"product-type-simple"},"ams_default_variation_id":0,"ams_product_points_reward":[],"ams_product_discount_percentage":0,"ams_price_to_display":340,"ams_acf":[],"jetpack_sharing_enabled":true,"_links":{"self":[{"href":"https:\/\/apotekar-online.rs\/ro\/wp-json\/wp\/v2\/product\/8897","targetHints":{"allow":["GET"]}}],"collection":[{"href":"https:\/\/apotekar-online.rs\/ro\/wp-json\/wp\/v2\/product"}],"about":[{"href":"https:\/\/apotekar-online.rs\/ro\/wp-json\/wp\/v2\/types\/product"}],"wp:featuredmedia":[{"embeddable":true,"href":"https:\/\/apotekar-online.rs\/ro\/wp-json\/wp\/v2\/media\/8898"}],"wp:attachment":[{"href":"https:\/\/apotekar-online.rs\/ro\/wp-json\/wp\/v2\/media?parent=8897"}],"wp:term":[{"taxonomy":"product_brand","embeddable":true,"href":"https:\/\/apotekar-online.rs\/ro\/wp-json\/wp\/v2\/product_brand?post=8897"},{"taxonomy":"product_cat","embeddable":true,"href":"https:\/\/apotekar-online.rs\/ro\/wp-json\/wp\/v2\/product_cat?post=8897"},{"taxonomy":"product_tag","embeddable":true,"href":"https:\/\/apotekar-online.rs\/ro\/wp-json\/wp\/v2\/product_tag?post=8897"}],"curies":[{"name":"wp","href":"https:\/\/api.w.org\/{rel}","templated":true}]}}