{"id":8903,"date":"2026-03-10T09:05:56","date_gmt":"2026-03-10T11:05:56","guid":{"rendered":"https:\/\/apotekar-online.rs\/?post_type=product&#038;p=8903"},"modified":"2026-03-10T09:07:48","modified_gmt":"2026-03-10T11:07:48","slug":"hipp-kasica-sljiva-125-g","status":"publish","type":"product","link":"https:\/\/apotekar-online.rs\/ro\/p\/hipp-kasica-sljiva-125-g\/","title":{"rendered":"Hipp ka\u0161ica \u0161ljiva 125 g"},"content":{"rendered":"","protected":false},"excerpt":{"rendered":"<div class=\"wysiwyg\">\n<h5>Descriere produs<\/h5>\n<p>Hipp ka\u0161ica \u0161ljiva\u00a0je bez dodatka aroma i sredstava za zgu\u0161njavanje. Pa\u017eljivo pripremana radi o\u010duvanja najboljeg kvaliteta i ukusa. Namenjena je za uzrast 4+ meseci.<\/p>\n<h5>Dozaj \u0219i mod de administrare<\/h5>\n<p>Koristiti kao vo\u0107ni me\u0111uobrok, desert ili dodatak ka\u0161ici. Nepotro\u0161ena ka\u0161ica se mo\u017ee \u010duvati u fri\u017eideru do 3 dana od otvaranja. Pre upotrebe prome\u0161ati plasti\u010dnom ka\u0161i\u010dicom.<\/p>\n<h5>Compozi\u0163ie<\/h5>\n<p>\u0160ljive\u00a0(50%), voda, \u0161e\u0107er, pirin\u010dani griz, pirin\u010dani skrob, L-askorbinska kiselina (vitamin C).<\/p>\n<p>&nbsp;<\/p>\n<\/div>\n<div class=\"product-info\">\n<h3 class=\"title\"><i class=\"icon-clipboard mr-1\" aria-hidden=\"true\"><\/i>\u00a0Informa\u021bii suplimentare<\/h3>\n<table class=\"info-table\">\n<tbody>\n<tr>\n<th>Produc\u0103tor:<\/th>\n<td><a href=\"https:\/\/benu.rs\/hipp-1638954920-old\">Hipp<\/a><\/td>\n<\/tr>\n<tr>\n<th>Brend:<\/th>\n<td><a href=\"https:\/\/benu.rs\/hipp\">Hipp<\/a><\/td>\n<\/tr>\n<tr>\n<th>Caracteristici:<\/th>\n<td>U ishrani beba se vo\u0107e ubraja kao neizostavan izvor vitamina, mineralnih materija i elemenata u tragovima. Hipp vo\u0107e je bogato vitaminom C, pa tako poma\u017ee ja\u010danju imuniteta deteta.<\/td>\n<\/tr>\n<tr>\n<th>Osobine artikla:<\/th>\n<td>Hrana za bebe od \u010detiri meseca<\/td>\n<\/tr>\n<tr>\n<th>Osobine artikla:<\/th>\n<td>Bez dodatog \u0161e\u0107era<\/td>\n<\/tr>\n<tr>\n<th>Osobine artikla:<\/th>\n<td>Sadr\u017ei izvor vitamina C<\/td>\n<\/tr>\n<\/tbody>\n<\/table>\n<\/div>","protected":false},"featured_media":8904,"template":"","meta":[],"product_brand":[3222],"product_cat":[340,369],"product_tag":[3229,3225,3224,686,245],"class_list":{"0":"post-8903","1":"product","2":"type-product","3":"status-publish","4":"has-post-thumbnail","6":"product_brand-hipp","7":"product_cat-deciji-program","8":"product_cat-decija-hrana","9":"product_tag-l-askorbinska-kiselina","10":"product_tag-pirincani-griz","11":"product_tag-pirincani-skrob","12":"product_tag-sljiva","13":"product_tag-vitamin-c","15":"first","16":"instock","17":"shipping-taxable","18":"purchasable","19":"product-type-simple"},"ams_default_variation_id":0,"ams_product_points_reward":[],"ams_product_discount_percentage":0,"ams_price_to_display":231,"ams_acf":[],"jetpack_sharing_enabled":true,"_links":{"self":[{"href":"https:\/\/apotekar-online.rs\/ro\/wp-json\/wp\/v2\/product\/8903","targetHints":{"allow":["GET"]}}],"collection":[{"href":"https:\/\/apotekar-online.rs\/ro\/wp-json\/wp\/v2\/product"}],"about":[{"href":"https:\/\/apotekar-online.rs\/ro\/wp-json\/wp\/v2\/types\/product"}],"wp:featuredmedia":[{"embeddable":true,"href":"https:\/\/apotekar-online.rs\/ro\/wp-json\/wp\/v2\/media\/8904"}],"wp:attachment":[{"href":"https:\/\/apotekar-online.rs\/ro\/wp-json\/wp\/v2\/media?parent=8903"}],"wp:term":[{"taxonomy":"product_brand","embeddable":true,"href":"https:\/\/apotekar-online.rs\/ro\/wp-json\/wp\/v2\/product_brand?post=8903"},{"taxonomy":"product_cat","embeddable":true,"href":"https:\/\/apotekar-online.rs\/ro\/wp-json\/wp\/v2\/product_cat?post=8903"},{"taxonomy":"product_tag","embeddable":true,"href":"https:\/\/apotekar-online.rs\/ro\/wp-json\/wp\/v2\/product_tag?post=8903"}],"curies":[{"name":"wp","href":"https:\/\/api.w.org\/{rel}","templated":true}]}}