{"id":8915,"date":"2026-03-10T09:49:29","date_gmt":"2026-03-10T11:49:29","guid":{"rendered":"https:\/\/apotekar-online.rs\/?post_type=product&#038;p=8915"},"modified":"2026-03-10T09:49:30","modified_gmt":"2026-03-10T11:49:30","slug":"hipp-kasica-piletina-sa-paradajzom-i-krompirom-220-g","status":"publish","type":"product","link":"https:\/\/apotekar-online.rs\/ro\/p\/hipp-kasica-piletina-sa-paradajzom-i-krompirom-220-g\/","title":{"rendered":"Hipp ka\u0161ica piletina sa paradajzom i krompirom 220 g"},"content":{"rendered":"","protected":false},"excerpt":{"rendered":"<div class=\"wysiwyg\">\n<h5>Descriere produs<\/h5>\n<p>Hipp ka\u0161ica piletina sa krompirom i pradajzom\u00a0sadr\u017ei sitne komadi\u0107e kako bi bebe nau\u010dile da \u017eva\u0107u, sa smanjenim sadr\u017eajem soli. Bez dodatka aroma i sredstava za zgu\u0161njavanje, bez konzervansa i ve\u0161ta\u010dkih boja. Sastojci pa\u017eljivo kuvani na pari. Za uzrast od 8+ meseci.<\/p>\n<h5>Dozaj \u0219i mod de administrare<\/h5>\n<p>Otvorenu teglicu ili potrebnu koli\u010dinu zagrejte u posudi sa vodom ili u mikrotalasnoj rerni. Prome\u0161ajte i proverite temperaturu pre poslu\u017eivanja.<\/p>\n<h5>Compozi\u0163ie<\/h5>\n<p>Povr\u0107e 53% (krompir 26%, paradajz 25%, luk 2%), voda, pile\u0107e meso 9,4%, kukuruzno bra\u0161no, pirin\u010dani skrob, repi\u010dino ulje 1,9%, za\u010dini (biber, kim). Sastojci iz organske proizvodnje.<\/p>\n<\/div>\n<div class=\"product-info\">\n<h3 class=\"title\"><i class=\"icon-clipboard mr-1\" aria-hidden=\"true\"><\/i>\u00a0Informa\u021bii suplimentare<\/h3>\n<table class=\"info-table\">\n<tbody>\n<tr>\n<th>Produc\u0103tor:<\/th>\n<td><a href=\"https:\/\/benu.rs\/hipp-1638954920-old\">Hipp<\/a><\/td>\n<\/tr>\n<tr>\n<th>Brend:<\/th>\n<td><a href=\"https:\/\/benu.rs\/hipp\">Hipp<\/a><\/td>\n<\/tr>\n<tr>\n<th>Caracteristici:<\/th>\n<td>Obroci sa mekanim bio mesom koje se lako vari pru\u017eaju va\u017ean doprinos snabdevanju deteta kvalitetnim belan\u010devinama i prirodnim gvo\u017e\u0111em.<\/td>\n<\/tr>\n<tr>\n<th>Osobine artikla:<\/th>\n<td>Hrana za bebe od osam meseci<\/td>\n<\/tr>\n<tr>\n<th>Osobine artikla:<\/th>\n<td>Sadr\u017ei omega-3 masne kiseline iz ulja repice va\u017ene za nervne i mo\u017edane \u0107elije<\/td>\n<\/tr>\n<tr>\n<th>Osobine artikla:<\/th>\n<td>Sitno seckani komadi\u0107i piletine podsti\u010du \u017evakanje kod dece sa prvim zubi\u0107ima<\/td>\n<\/tr>\n<\/tbody>\n<\/table>\n<\/div>","protected":false},"featured_media":8916,"template":"","meta":[],"product_brand":[3222],"product_cat":[340,369],"product_tag":[3236,3230,1518,3247,3224,1521,3242],"class_list":{"0":"post-8915","1":"product","2":"type-product","3":"status-publish","4":"has-post-thumbnail","6":"product_brand-hipp","7":"product_cat-deciji-program","8":"product_cat-decija-hrana","9":"product_tag-krompir","10":"product_tag-kukuruzno-brasno","11":"product_tag-paradajz","12":"product_tag-pilece-meso","13":"product_tag-pirincani-skrob","14":"product_tag-povrce","15":"product_tag-repicino-ulje","17":"first","18":"instock","19":"shipping-taxable","20":"purchasable","21":"product-type-simple"},"ams_default_variation_id":0,"ams_product_points_reward":[],"ams_product_discount_percentage":0,"ams_price_to_display":341,"ams_acf":[],"jetpack_sharing_enabled":true,"_links":{"self":[{"href":"https:\/\/apotekar-online.rs\/ro\/wp-json\/wp\/v2\/product\/8915","targetHints":{"allow":["GET"]}}],"collection":[{"href":"https:\/\/apotekar-online.rs\/ro\/wp-json\/wp\/v2\/product"}],"about":[{"href":"https:\/\/apotekar-online.rs\/ro\/wp-json\/wp\/v2\/types\/product"}],"wp:featuredmedia":[{"embeddable":true,"href":"https:\/\/apotekar-online.rs\/ro\/wp-json\/wp\/v2\/media\/8916"}],"wp:attachment":[{"href":"https:\/\/apotekar-online.rs\/ro\/wp-json\/wp\/v2\/media?parent=8915"}],"wp:term":[{"taxonomy":"product_brand","embeddable":true,"href":"https:\/\/apotekar-online.rs\/ro\/wp-json\/wp\/v2\/product_brand?post=8915"},{"taxonomy":"product_cat","embeddable":true,"href":"https:\/\/apotekar-online.rs\/ro\/wp-json\/wp\/v2\/product_cat?post=8915"},{"taxonomy":"product_tag","embeddable":true,"href":"https:\/\/apotekar-online.rs\/ro\/wp-json\/wp\/v2\/product_tag?post=8915"}],"curies":[{"name":"wp","href":"https:\/\/api.w.org\/{rel}","templated":true}]}}