{"id":8917,"date":"2026-03-10T09:53:56","date_gmt":"2026-03-10T11:53:56","guid":{"rendered":"https:\/\/apotekar-online.rs\/?post_type=product&#038;p=8917"},"modified":"2026-03-10T09:53:56","modified_gmt":"2026-03-10T11:53:56","slug":"hipp-kasica-piletina-sa-povrcem-i-testeninom-220-g","status":"publish","type":"product","link":"https:\/\/apotekar-online.rs\/ro\/p\/hipp-kasica-piletina-sa-povrcem-i-testeninom-220-g\/","title":{"rendered":"Hipp ka\u0161ica piletina sa povr\u0107em i testeninom 220 g"},"content":{"rendered":"","protected":false},"excerpt":{"rendered":"<div class=\"wysiwyg\">\n<h5>Descriere produs<\/h5>\n<p>Hipp ka\u0161a piletina, povr\u0107e i\u00a0testenina predstavlja ukusan i pa\u017eljivo izbalansiran \u010dvrsti obrok od sastojaka pripremljenih na pari. Proizvod ne sadr\u017ei arome, sredstva za zgu\u0161njavanje, konzervanse, ve\u0161ta\u010dke boje i sa smanjenim sadr\u017eajem soli je. Dodatno, omega &#8211;\u00a03 masne kiseline poreklom iz organski uzgajane uljane repice doprinose pravilnom razvoju mo\u017edanih \u0107elija. Svi sastojci Hipp ka\u0161ica su organski uzgajani bez upotrebe hemijskih pesticida, ve\u0161ta\u010dkog \u0111ubriva ili insekticida.<\/p>\n<h5>Dozaj \u0219i mod de administrare<\/h5>\n<p>Proizvod se mo\u017ee zagrejati u posudi sa vodom ili mikrotalasnoj rerni. Ne podgrevati vi\u0161e puta. Pre upotrebe prome\u0161ati plasti\u010dnom ka\u0161i\u010dicom. Pre prvog otvaranja proveriti da li je proizvod neo\u0161te\u0107en, teglica je vakumirana i prilikom prvog otvaranja poklopac klikne.<\/p>\n<h5>Compozi\u0163ie<\/h5>\n<p>povr\u0107e 43% (paradajz 22%, \u0161argarepa 12%, gra\u0161ak 7%, luk 2%), voda, kuvana testenina (durum p\u0161enica) 21%, pile\u0107e meso 8,4%, p\u0161eni\u010dno bra\u0161no, repi\u010dino ulje 1,6%, jodirana kuhinjska so. Testenina mo\u017ee sadr\u017eati tragove jaja.<\/p>\n<\/div>\n<div class=\"product-info\">\n<h3 class=\"title\"><i class=\"icon-clipboard mr-1\" aria-hidden=\"true\"><\/i>\u00a0Informa\u021bii suplimentare<\/h3>\n<table class=\"info-table\">\n<tbody>\n<tr>\n<th>Produc\u0103tor:<\/th>\n<td><a href=\"https:\/\/benu.rs\/hipp-1638954920-old\">Hipp<\/a><\/td>\n<\/tr>\n<tr>\n<th>Brend:<\/th>\n<td><a href=\"https:\/\/benu.rs\/hipp\">Hipp<\/a><\/td>\n<\/tr>\n<tr>\n<th>Caracteristici:<\/th>\n<td>Hipp ka\u0161a piletina, povr\u0107e i testenina predstavlja organski dijetetski proizvod bogat belan\u010devinama i prirodnim gvo\u017e\u0111em namenjen ishrani odoj\u010dadi starije od 12. meseci kao deo dopunske, \u010dvrste, nemle\u010dne ishrane.<\/td>\n<\/tr>\n<tr>\n<th>Osobine artikla:<\/th>\n<td>Hrana za bebe od 12. meseca<\/td>\n<\/tr>\n<tr>\n<th>Osobine artikla:<\/th>\n<td>Sadr\u017ei omega-3 masne kiseline iz ulja repice va\u017ene za nervne i mo\u017edane \u0107elije<\/td>\n<\/tr>\n<tr>\n<th>Osobine artikla:<\/th>\n<td>Sitno seckani komadi\u0107i piletine podsti\u010du \u017evakanje kod dece sa prvim zubi\u0107ima<\/td>\n<\/tr>\n<\/tbody>\n<\/table>\n<\/div>","protected":false},"featured_media":8918,"template":"","meta":[],"product_brand":[3222],"product_cat":[340,369],"product_tag":[3248,1519,3247,1521,3250,3242,666,3249],"class_list":{"0":"post-8917","1":"product","2":"type-product","3":"status-publish","4":"has-post-thumbnail","6":"product_brand-hipp","7":"product_cat-deciji-program","8":"product_cat-decija-hrana","9":"product_tag-grasak","10":"product_tag-luk","11":"product_tag-pilece-meso","12":"product_tag-povrce","13":"product_tag-psenicno-brasno","14":"product_tag-repicino-ulje","15":"product_tag-sargarepa","16":"product_tag-testenina","18":"first","19":"instock","20":"shipping-taxable","21":"purchasable","22":"product-type-simple"},"ams_default_variation_id":0,"ams_product_points_reward":[],"ams_product_discount_percentage":0,"ams_price_to_display":341,"ams_acf":[],"jetpack_sharing_enabled":true,"_links":{"self":[{"href":"https:\/\/apotekar-online.rs\/ro\/wp-json\/wp\/v2\/product\/8917","targetHints":{"allow":["GET"]}}],"collection":[{"href":"https:\/\/apotekar-online.rs\/ro\/wp-json\/wp\/v2\/product"}],"about":[{"href":"https:\/\/apotekar-online.rs\/ro\/wp-json\/wp\/v2\/types\/product"}],"wp:featuredmedia":[{"embeddable":true,"href":"https:\/\/apotekar-online.rs\/ro\/wp-json\/wp\/v2\/media\/8918"}],"wp:attachment":[{"href":"https:\/\/apotekar-online.rs\/ro\/wp-json\/wp\/v2\/media?parent=8917"}],"wp:term":[{"taxonomy":"product_brand","embeddable":true,"href":"https:\/\/apotekar-online.rs\/ro\/wp-json\/wp\/v2\/product_brand?post=8917"},{"taxonomy":"product_cat","embeddable":true,"href":"https:\/\/apotekar-online.rs\/ro\/wp-json\/wp\/v2\/product_cat?post=8917"},{"taxonomy":"product_tag","embeddable":true,"href":"https:\/\/apotekar-online.rs\/ro\/wp-json\/wp\/v2\/product_tag?post=8917"}],"curies":[{"name":"wp","href":"https:\/\/api.w.org\/{rel}","templated":true}]}}