{"id":8919,"date":"2026-03-10T10:01:27","date_gmt":"2026-03-10T12:01:27","guid":{"rendered":"https:\/\/apotekar-online.rs\/?post_type=product&#038;p=8919"},"modified":"2026-03-10T10:01:27","modified_gmt":"2026-03-10T12:01:27","slug":"hipp-kasica-povrce-sa-pirincem-i-piletinom-190-g","status":"publish","type":"product","link":"https:\/\/apotekar-online.rs\/ro\/p\/hipp-kasica-povrce-sa-pirincem-i-piletinom-190-g\/","title":{"rendered":"Hipp ka\u0161ica povr\u0107e sa pirin\u010dem i piletinom 190 g"},"content":{"rendered":"","protected":false},"excerpt":{"rendered":"<div class=\"wysiwyg\">\n<h5><strong>Descriere produs<\/strong><\/h5>\n<p>Hipp ka\u0161ica povr\u0107e sa pirin\u010dem i piletinom namenjena je za stariju odoj\u010dad od pet meseci \u017eivota i malu decu. Bez dodataka soli, aroma i sredstava za zgu\u0161njavanje. Bez konzervansa i ve\u0161ta\u010dkih boja. Sastojci su pa\u017eljivo kuvani na pari. Sa omega -3 masnim kiselinama koje doprinose normalnom razvoju mo\u017edanih \u0107elija.<\/p>\n<h5><strong>Dozaj \u0219i mod de administrare<\/strong><\/h5>\n<p>Ugrejati \u017eeljenu koli\u010dinu u posudi sa vodom. U mikrotalasnoj pe\u0107i otvoriti teglicu i pokriti kuhinjskim papirom. Pre upotrebe prome\u0161ati. Ne grejati dva puta. Preostalu koli\u010dinu \u010duvati na hladnom i potro\u0161iti u toku slede\u0107eg dana.<\/p>\n<h5><strong>Compozi\u0163ie<\/strong><\/h5>\n<p>Povr\u0107e 45% (\u0161argarepa 24%,gra\u0161ak 10%, paradajz 10%, luk 1%), 1%), voda, kuvani pirina\u010d 22%, pile\u0107e meso 8%, repi\u010dino ulje 1,7%. Udeo mesa 15,2g.<\/p>\n<p>iz organske proizvodnje<\/p>\n<\/div>\n<div class=\"product-info\">\n<h3 class=\"title\"><i class=\"icon-clipboard mr-1\" aria-hidden=\"true\"><\/i>\u00a0Informa\u021bii suplimentare<\/h3>\n<table class=\"info-table\">\n<tbody>\n<tr>\n<th>Produc\u0103tor:<\/th>\n<td><a href=\"https:\/\/benu.rs\/hipp-1638954920-old\">Hipp<\/a><\/td>\n<\/tr>\n<tr>\n<th>Brend:<\/th>\n<td><a href=\"https:\/\/benu.rs\/hipp\">Hipp<\/a><\/td>\n<\/tr>\n<tr>\n<th>Caracteristici:<\/th>\n<td>Hipp ka\u0161ica povr\u0107e sa pirin\u010dem i piletinom je organski proizvod iz Hipp linije proizvoda koji je namenjen za ishranu odoj\u010dadi starijih od pet meseci.<\/td>\n<\/tr>\n<tr>\n<th>Osobine artikla:<\/th>\n<td>Sadr\u017ei omega-3 masne kiseline va\u017ene za razvoj mo\u017edanih i nervnih \u0107elija<\/td>\n<\/tr>\n<tr>\n<th>Osobine artikla:<\/th>\n<td>Sastojci pa\u017eljivo kuvani na pari<\/td>\n<\/tr>\n<\/tbody>\n<\/table>\n<\/div>","protected":false},"featured_media":8920,"template":"","meta":[],"product_brand":[3222],"product_cat":[340,369],"product_tag":[3248,1519,1518,3247,3251,1521,3242,666],"class_list":{"0":"post-8919","1":"product","2":"type-product","3":"status-publish","4":"has-post-thumbnail","6":"product_brand-hipp","7":"product_cat-deciji-program","8":"product_cat-decija-hrana","9":"product_tag-grasak","10":"product_tag-luk","11":"product_tag-paradajz","12":"product_tag-pilece-meso","13":"product_tag-pirinac","14":"product_tag-povrce","15":"product_tag-repicino-ulje","16":"product_tag-sargarepa","18":"first","19":"instock","20":"shipping-taxable","21":"purchasable","22":"product-type-simple"},"ams_default_variation_id":0,"ams_product_points_reward":[],"ams_product_discount_percentage":0,"ams_price_to_display":314,"ams_acf":[],"jetpack_sharing_enabled":true,"_links":{"self":[{"href":"https:\/\/apotekar-online.rs\/ro\/wp-json\/wp\/v2\/product\/8919","targetHints":{"allow":["GET"]}}],"collection":[{"href":"https:\/\/apotekar-online.rs\/ro\/wp-json\/wp\/v2\/product"}],"about":[{"href":"https:\/\/apotekar-online.rs\/ro\/wp-json\/wp\/v2\/types\/product"}],"wp:featuredmedia":[{"embeddable":true,"href":"https:\/\/apotekar-online.rs\/ro\/wp-json\/wp\/v2\/media\/8920"}],"wp:attachment":[{"href":"https:\/\/apotekar-online.rs\/ro\/wp-json\/wp\/v2\/media?parent=8919"}],"wp:term":[{"taxonomy":"product_brand","embeddable":true,"href":"https:\/\/apotekar-online.rs\/ro\/wp-json\/wp\/v2\/product_brand?post=8919"},{"taxonomy":"product_cat","embeddable":true,"href":"https:\/\/apotekar-online.rs\/ro\/wp-json\/wp\/v2\/product_cat?post=8919"},{"taxonomy":"product_tag","embeddable":true,"href":"https:\/\/apotekar-online.rs\/ro\/wp-json\/wp\/v2\/product_tag?post=8919"}],"curies":[{"name":"wp","href":"https:\/\/api.w.org\/{rel}","templated":true}]}}