{"id":8921,"date":"2026-03-10T10:11:58","date_gmt":"2026-03-10T12:11:58","guid":{"rendered":"https:\/\/apotekar-online.rs\/?post_type=product&#038;p=8921"},"modified":"2026-03-10T10:11:58","modified_gmt":"2026-03-10T12:11:58","slug":"hipp-kasica-curetina-sa-pire-krompirom-i-kukuruzom-190g","status":"publish","type":"product","link":"https:\/\/apotekar-online.rs\/ro\/p\/hipp-kasica-curetina-sa-pire-krompirom-i-kukuruzom-190g\/","title":{"rendered":"Hipp ka\u0161ica \u0107uretina sa pire krompirom i kukuruzom 190g"},"content":{"rendered":"","protected":false},"excerpt":{"rendered":"<p><strong>Descriere produs: <\/strong>HiPP ka\u0161ica za odoj\u010dad i malu decu &#8211; kukuruz \u0161ec\u0301erac sa pire krompirom i c\u0301uretinom ka\u0161ica je kuvana na pari i idealan je obrok za decu stariju od pet meseci. Ima ukusnu ka\u0161astu strukturu sa mesom iz organske proizvodnje, koje poma\u017ee u razvoju crvenih krvnih zrnaca i va\u017ean je izvor gvo\u017e\u0111a i proteina. Sadr\u017ei kvalitetno organsko ulje repice, koje Va\u0161oj bebi obezbe\u0111uje prirodne omega-3 masne kiseline va\u017ene za zdrav razvoj mozga i nervnog sistema. Ovaj proizvod je razvijen u saradnji sa stru\u010dnjacima prema strogim smernicama za kvalitet i nutritivni sastav.<\/p>","protected":false},"featured_media":8922,"template":"","meta":[],"product_brand":[3222],"product_cat":[340,369],"product_tag":[3252,330,3236,3253,446,3254],"class_list":{"0":"post-8921","1":"product","2":"type-product","3":"status-publish","4":"has-post-thumbnail","6":"product_brand-hipp","7":"product_cat-deciji-program","8":"product_cat-decija-hrana","9":"product_tag-curetina","10":"product_tag-gvozde","11":"product_tag-krompir","12":"product_tag-kukuruz","13":"product_tag-omega-3","14":"product_tag-ulje-repice","16":"first","17":"instock","18":"shipping-taxable","19":"purchasable","20":"product-type-simple"},"ams_default_variation_id":0,"ams_product_points_reward":[],"ams_product_discount_percentage":0,"ams_price_to_display":314,"ams_acf":[],"jetpack_sharing_enabled":true,"_links":{"self":[{"href":"https:\/\/apotekar-online.rs\/ro\/wp-json\/wp\/v2\/product\/8921","targetHints":{"allow":["GET"]}}],"collection":[{"href":"https:\/\/apotekar-online.rs\/ro\/wp-json\/wp\/v2\/product"}],"about":[{"href":"https:\/\/apotekar-online.rs\/ro\/wp-json\/wp\/v2\/types\/product"}],"wp:featuredmedia":[{"embeddable":true,"href":"https:\/\/apotekar-online.rs\/ro\/wp-json\/wp\/v2\/media\/8922"}],"wp:attachment":[{"href":"https:\/\/apotekar-online.rs\/ro\/wp-json\/wp\/v2\/media?parent=8921"}],"wp:term":[{"taxonomy":"product_brand","embeddable":true,"href":"https:\/\/apotekar-online.rs\/ro\/wp-json\/wp\/v2\/product_brand?post=8921"},{"taxonomy":"product_cat","embeddable":true,"href":"https:\/\/apotekar-online.rs\/ro\/wp-json\/wp\/v2\/product_cat?post=8921"},{"taxonomy":"product_tag","embeddable":true,"href":"https:\/\/apotekar-online.rs\/ro\/wp-json\/wp\/v2\/product_tag?post=8921"}],"curies":[{"name":"wp","href":"https:\/\/api.w.org\/{rel}","templated":true}]}}