{"id":8923,"date":"2026-03-10T10:16:38","date_gmt":"2026-03-10T12:16:38","guid":{"rendered":"https:\/\/apotekar-online.rs\/?post_type=product&#038;p=8923"},"modified":"2026-03-10T10:16:38","modified_gmt":"2026-03-10T12:16:38","slug":"hipp-kasica-curetina-pirinac-i-sargarepa-220-g","status":"publish","type":"product","link":"https:\/\/apotekar-online.rs\/ro\/p\/hipp-kasica-curetina-pirinac-i-sargarepa-220-g\/","title":{"rendered":"Hipp ka\u0161ica \u0107uretina, pirina\u010d i \u0161argarepa 220 g"},"content":{"rendered":"","protected":false},"excerpt":{"rendered":"<div class=\"wysiwyg\">\n<h5>Descriere produs<\/h5>\n<p>HIPP Ka\u0161ica \u0107uretina, pirina\u010d i \u0161argarepa 220G je visokokvalitetna ka\u0161ica namenjena za ishranu odoj\u010dadi i\u00a0male dece. Proizvedena je bez dodatka aroma, mle\u010dnih proizvoda, konzervansa i sredstava za zgu\u0161njavanje.<\/p>\n<h5>Dozaj \u0219i mod de administrare<\/h5>\n<p>Koristi se kao obrok ili uzina po zelji<\/p>\n<h5>Compozi\u0163ie<\/h5>\n<p>HIPP Ka\u0161ica sadr\u017ei \u0107uretinu, pirina\u010d i \u0161argarepu. Ne sadr\u017ei soli- sadr\u017ei samo prirodno prisutan natrijum iz sastojaka. Ne sadr\u017ei mle\u010dne proizvode, konzervans, boju kao i sredstva za zgu\u0161njavanje.<\/p>\n<\/div>\n<div class=\"product-info\">\n<h3 class=\"title\"><i class=\"icon-clipboard mr-1\" aria-hidden=\"true\"><\/i>\u00a0Informa\u021bii suplimentare<\/h3>\n<table class=\"info-table\">\n<tbody>\n<tr>\n<th>Produc\u0103tor:<\/th>\n<td><a href=\"https:\/\/benu.rs\/hipp-1638954920-old\">Hipp<\/a><\/td>\n<\/tr>\n<tr>\n<th>Brend:<\/th>\n<td><a href=\"https:\/\/benu.rs\/hipp\">Hipp<\/a><\/td>\n<\/tr>\n<tr>\n<th>Caracteristici:<\/th>\n<td>HIPP Ka\u0161ica \u0107uretina, pirina\u010d i \u0161argarepa 220G namenjena je za stariju odoj\u010dad od 8 meseci \u017eivota i malu decu.<\/td>\n<\/tr>\n<tr>\n<th>Osobine artikla:<\/th>\n<td>Hrana za odoj\u010dad i malu decu<\/td>\n<\/tr>\n<\/tbody>\n<\/table>\n<\/div>","protected":false},"featured_media":8924,"template":"","meta":[],"product_brand":[3222],"product_cat":[340,369],"product_tag":[3252,3251,666],"class_list":{"0":"post-8923","1":"product","2":"type-product","3":"status-publish","4":"has-post-thumbnail","6":"product_brand-hipp","7":"product_cat-deciji-program","8":"product_cat-decija-hrana","9":"product_tag-curetina","10":"product_tag-pirinac","11":"product_tag-sargarepa","13":"first","14":"instock","15":"shipping-taxable","16":"purchasable","17":"product-type-simple"},"ams_default_variation_id":0,"ams_product_points_reward":[],"ams_product_discount_percentage":0,"ams_price_to_display":341,"ams_acf":[],"jetpack_sharing_enabled":true,"_links":{"self":[{"href":"https:\/\/apotekar-online.rs\/ro\/wp-json\/wp\/v2\/product\/8923","targetHints":{"allow":["GET"]}}],"collection":[{"href":"https:\/\/apotekar-online.rs\/ro\/wp-json\/wp\/v2\/product"}],"about":[{"href":"https:\/\/apotekar-online.rs\/ro\/wp-json\/wp\/v2\/types\/product"}],"wp:featuredmedia":[{"embeddable":true,"href":"https:\/\/apotekar-online.rs\/ro\/wp-json\/wp\/v2\/media\/8924"}],"wp:attachment":[{"href":"https:\/\/apotekar-online.rs\/ro\/wp-json\/wp\/v2\/media?parent=8923"}],"wp:term":[{"taxonomy":"product_brand","embeddable":true,"href":"https:\/\/apotekar-online.rs\/ro\/wp-json\/wp\/v2\/product_brand?post=8923"},{"taxonomy":"product_cat","embeddable":true,"href":"https:\/\/apotekar-online.rs\/ro\/wp-json\/wp\/v2\/product_cat?post=8923"},{"taxonomy":"product_tag","embeddable":true,"href":"https:\/\/apotekar-online.rs\/ro\/wp-json\/wp\/v2\/product_tag?post=8923"}],"curies":[{"name":"wp","href":"https:\/\/api.w.org\/{rel}","templated":true}]}}