{"id":8925,"date":"2026-03-10T10:20:44","date_gmt":"2026-03-10T12:20:44","guid":{"rendered":"https:\/\/apotekar-online.rs\/?post_type=product&#038;p=8925"},"modified":"2026-03-11T05:49:43","modified_gmt":"2026-03-11T07:49:43","slug":"hipp-kasica-curetina-i-povrce-220-g-recenzije-0-iz-5-0-recenzije-hipp","status":"publish","type":"product","link":"https:\/\/apotekar-online.rs\/ro\/p\/hipp-kasica-curetina-i-povrce-220-g-recenzije-0-iz-5-0-recenzije-hipp\/","title":{"rendered":"Hipp ka\u0161ica \u0107uretina i povr\u0107e 220 g"},"content":{"rendered":"","protected":false},"excerpt":{"rendered":"<div class=\"wysiwyg\">\n<h5>Descriere produs<\/h5>\n<p>Hipp ka\u0161ica \u0107uretina sa povr\u0107em 220g sadr\u017ei sitne komadi\u0107e kako bi bebe nau\u010dile da \u017eva\u0107u, sa smanjenim sadr\u017eajem soli. Bez dodatka aroma i sredstava za zgu\u0161njavanje, bez konzervansa i ve\u0161ta\u010dkih boja. Sastojci pa\u017eljivo kuvani na pari. Sa Omega-3 masnim kiselinama iz organski proizvedene uljane repice, va\u017enih za razvoj mo\u017edanih i nervnih \u0107elija. Za bolje snabdevanje jodom &#8211; od su\u0161tinskog zna\u010daja za funkciju \u0161titne \u017elezde. Za uzrast od 12 meseci.<\/p>\n<h5>Dozaj \u0219i mod de administrare<\/h5>\n<p>Otvorenu teglicu ili potrebnu koli\u010dinu zagrejte u posudi sa vodom ili u mikrotalasnoj rerni. Prome\u0161ajte i proverite temperaturu pre poslu\u017eivanja.<\/p>\n<h5>Compozi\u0163ie<\/h5>\n<p>Voda, povr\u0107e 30% (\u0161argarepa 22%, slatki kukuruz 8%), kuvani pirina\u010d 18%, \u0107ure\u0107e meso 8,4%, repi\u010dino ulje 2%, jodirana kuhinjska so, biber. Udeo mesa 18,5g. Sastojci su iz organske proizvodnje.<\/p>\n<\/div>\n<div class=\"product-info\">\n<h3 class=\"title\"><i class=\"icon-clipboard mr-1\" aria-hidden=\"true\"><\/i>\u00a0Informa\u021bii suplimentare<\/h3>\n<table class=\"info-table\">\n<tbody>\n<tr>\n<th>Produc\u0103tor:<\/th>\n<td><a href=\"https:\/\/benu.rs\/hipp-1638954920-old\">Hipp<\/a><\/td>\n<\/tr>\n<tr>\n<th>Brend:<\/th>\n<td><a href=\"https:\/\/benu.rs\/hipp\">Hipp<\/a><\/td>\n<\/tr>\n<tr>\n<th>Caracteristici:<\/th>\n<td>Obroci sa mekanim bio mesom koje se lako vari pru\u017eaju va\u017ean doprinos snabdevanju deteta kvalitetnim belan\u010devinama i prirodnim gvo\u017e\u0111em.<\/td>\n<\/tr>\n<tr>\n<th>Osobine artikla:<\/th>\n<td>Hrana za odoj\u010dad i malu decu<\/td>\n<\/tr>\n<\/tbody>\n<\/table>\n<\/div>","protected":false},"featured_media":8926,"template":"","meta":[],"product_brand":[3222],"product_cat":[340,369],"product_tag":[3256,3251,1521,3242,666,3255],"class_list":{"0":"post-8925","1":"product","2":"type-product","3":"status-publish","4":"has-post-thumbnail","6":"product_brand-hipp","7":"product_cat-deciji-program","8":"product_cat-decija-hrana","9":"product_tag-curece-meso","10":"product_tag-pirinac","11":"product_tag-povrce","12":"product_tag-repicino-ulje","13":"product_tag-sargarepa","14":"product_tag-slatki-kukuruz","16":"first","17":"instock","18":"shipping-taxable","19":"purchasable","20":"product-type-simple"},"ams_default_variation_id":0,"ams_product_points_reward":[],"ams_product_discount_percentage":0,"ams_price_to_display":341,"ams_acf":[],"jetpack_sharing_enabled":true,"_links":{"self":[{"href":"https:\/\/apotekar-online.rs\/ro\/wp-json\/wp\/v2\/product\/8925","targetHints":{"allow":["GET"]}}],"collection":[{"href":"https:\/\/apotekar-online.rs\/ro\/wp-json\/wp\/v2\/product"}],"about":[{"href":"https:\/\/apotekar-online.rs\/ro\/wp-json\/wp\/v2\/types\/product"}],"wp:featuredmedia":[{"embeddable":true,"href":"https:\/\/apotekar-online.rs\/ro\/wp-json\/wp\/v2\/media\/8926"}],"wp:attachment":[{"href":"https:\/\/apotekar-online.rs\/ro\/wp-json\/wp\/v2\/media?parent=8925"}],"wp:term":[{"taxonomy":"product_brand","embeddable":true,"href":"https:\/\/apotekar-online.rs\/ro\/wp-json\/wp\/v2\/product_brand?post=8925"},{"taxonomy":"product_cat","embeddable":true,"href":"https:\/\/apotekar-online.rs\/ro\/wp-json\/wp\/v2\/product_cat?post=8925"},{"taxonomy":"product_tag","embeddable":true,"href":"https:\/\/apotekar-online.rs\/ro\/wp-json\/wp\/v2\/product_tag?post=8925"}],"curies":[{"name":"wp","href":"https:\/\/api.w.org\/{rel}","templated":true}]}}