{"id":8928,"date":"2026-03-10T10:32:09","date_gmt":"2026-03-10T12:32:09","guid":{"rendered":"https:\/\/apotekar-online.rs\/?post_type=product&#038;p=8928"},"modified":"2026-03-10T10:32:09","modified_gmt":"2026-03-10T12:32:09","slug":"hipp-kasica-mlado-povrce-125g","status":"publish","type":"product","link":"https:\/\/apotekar-online.rs\/ro\/p\/hipp-kasica-mlado-povrce-125g\/","title":{"rendered":"Hipp ka\u0161ica mlado povr\u0107e 125g"},"content":{"rendered":"","protected":false},"excerpt":{"rendered":"<div class=\"wysiwyg\">\n<h5>Descriere produs<\/h5>\n<p>Hipp kasica mlado povr\u0107e namenjena je za ishranu odoj\u010dadi od 4 meseca na dalje. Ka\u0161ica je bez dodatka soli, glutena, mle\u010dnih proizvoda, aroma, konzervansa, boja i sredstava za zgu\u0161njavanje.<\/p>\n<h5>Dozaj \u0219i mod de administrare<\/h5>\n<p>Po\u010detak dohrane nakon 4. meseca je zamena mle\u010dnog obroka u podne ka\u0161icom od povr\u0107a. Po\u010dinje se sa nekoliko ka\u0161i\u010dica a zatim pove\u0107ava iz dana u dan\u00a0tako da beba mo\u017ee postupno da se navikne na novi na\u010din ishrane.<\/p>\n<h5>Compozi\u0163ie<\/h5>\n<p>Povr\u0107e 73% (\u0161argarepa 39%, krompir 14%, karfiol 10%, gra\u0161ak 10%), voda, ulje repice.<\/p>\n<\/div>\n<div class=\"product-info\">\n<h3 class=\"title\"><i class=\"icon-clipboard mr-1\" aria-hidden=\"true\"><\/i>\u00a0Informa\u021bii suplimentare<\/h3>\n<table class=\"info-table\">\n<tbody>\n<tr>\n<th>Produc\u0103tor:<\/th>\n<td><a href=\"https:\/\/benu.rs\/hipp-1638954920-old\">Hipp<\/a><\/td>\n<\/tr>\n<tr>\n<th>Brend:<\/th>\n<td><a href=\"https:\/\/benu.rs\/hipp\">Hipp<\/a><\/td>\n<\/tr>\n<tr>\n<th>Caracteristici:<\/th>\n<td>Povr\u0107e je idealno za po\u010detak dopunske hrane nakon navr\u0161ena 4 meseca. Obavezno pre upotrebe proveriti da li je teglica neo\u0161te\u0107ena.<\/td>\n<\/tr>\n<tr>\n<th>Osobine artikla:<\/th>\n<td>Hrana za bebe od \u010detiri meseca i malu decu<\/td>\n<\/tr>\n<tr>\n<th>Osobine artikla:<\/th>\n<td>Sadr\u017ei omega-3 masne kiseline iz ulja repice va\u017ene za nervne i mo\u017edane \u0107elije<\/td>\n<\/tr>\n<tr>\n<th>Osobine artikla:<\/th>\n<td>Krenuti sa par ka\u0161i\u010dica dok se dete navikne na nove ukuse<\/td>\n<\/tr>\n<\/tbody>\n<\/table>\n<\/div>","protected":false},"featured_media":8929,"template":"","meta":[],"product_brand":[3222],"product_cat":[340,369],"product_tag":[3257,3236,1521,666,3254],"class_list":{"0":"post-8928","1":"product","2":"type-product","3":"status-publish","4":"has-post-thumbnail","6":"product_brand-hipp","7":"product_cat-deciji-program","8":"product_cat-decija-hrana","9":"product_tag-karfiol","10":"product_tag-krompir","11":"product_tag-povrce","12":"product_tag-sargarepa","13":"product_tag-ulje-repice","15":"first","16":"instock","17":"shipping-taxable","18":"purchasable","19":"product-type-simple"},"ams_default_variation_id":0,"ams_product_points_reward":[],"ams_product_discount_percentage":0,"ams_price_to_display":230,"ams_acf":[],"jetpack_sharing_enabled":true,"_links":{"self":[{"href":"https:\/\/apotekar-online.rs\/ro\/wp-json\/wp\/v2\/product\/8928","targetHints":{"allow":["GET"]}}],"collection":[{"href":"https:\/\/apotekar-online.rs\/ro\/wp-json\/wp\/v2\/product"}],"about":[{"href":"https:\/\/apotekar-online.rs\/ro\/wp-json\/wp\/v2\/types\/product"}],"wp:featuredmedia":[{"embeddable":true,"href":"https:\/\/apotekar-online.rs\/ro\/wp-json\/wp\/v2\/media\/8929"}],"wp:attachment":[{"href":"https:\/\/apotekar-online.rs\/ro\/wp-json\/wp\/v2\/media?parent=8928"}],"wp:term":[{"taxonomy":"product_brand","embeddable":true,"href":"https:\/\/apotekar-online.rs\/ro\/wp-json\/wp\/v2\/product_brand?post=8928"},{"taxonomy":"product_cat","embeddable":true,"href":"https:\/\/apotekar-online.rs\/ro\/wp-json\/wp\/v2\/product_cat?post=8928"},{"taxonomy":"product_tag","embeddable":true,"href":"https:\/\/apotekar-online.rs\/ro\/wp-json\/wp\/v2\/product_tag?post=8928"}],"curies":[{"name":"wp","href":"https:\/\/api.w.org\/{rel}","templated":true}]}}