{"id":8932,"date":"2026-03-11T09:50:54","date_gmt":"2026-03-11T11:50:54","guid":{"rendered":"https:\/\/apotekar-online.rs\/?post_type=product&#038;p=8932"},"modified":"2026-03-31T00:00:09","modified_gmt":"2026-03-31T02:00:09","slug":"biljno-ulje-no-2-protiv-genitalnih-infekcija","status":"publish","type":"product","link":"https:\/\/apotekar-online.rs\/ro\/p\/biljno-ulje-no-2-protiv-genitalnih-infekcija\/","title":{"rendered":"Biljno ulje No.2 \u2013 protiv genitalnih infekcija"},"content":{"rendered":"","protected":false},"excerpt":{"rendered":"<p data-start=\"141\" data-end=\"436\">Bakterije te\u0161ko razvijaju otpornost na esencijalna ulja jer ona sadr\u017ee\u00a0<strong data-start=\"212\" data-end=\"245\">me\u0161avinu razli\u010ditih supstanci<\/strong>\u00a0koje deluju na vi\u0161e na\u010dina.<br data-start=\"273\" data-end=\"276\" \/>Za razliku od antibiotika (koji imaju samo jednu aktivnu supstancu), ovde bi bakterija morala da razvije vi\u0161e novih gena istovremeno \u2013 \u0161to je gotovo nemogu\u0107e.<\/p>\n<p data-start=\"438\" data-end=\"456\"><strong data-start=\"440\" data-end=\"454\">Prednosti:<\/strong><\/p>\n<ul data-start=\"457\" data-end=\"730\">\n<li data-start=\"457\" data-end=\"528\">\n<p data-start=\"459\" data-end=\"528\">Antibakterijsko delovanje \u2013 direktno deluje na uzro\u010dnike infekcija.<\/p>\n<\/li>\n<li data-start=\"529\" data-end=\"584\">\n<p data-start=\"531\" data-end=\"584\">Imunostimulacija \u2013 ja\u010da prirodnu odbranu organizma.<\/p>\n<\/li>\n<li data-start=\"585\" data-end=\"658\">\n<p data-start=\"587\" data-end=\"658\">Preventiva \u2013 poma\u017ee kod intimne nege i smanjenja rizika od infekcija.<\/p>\n<\/li>\n<li data-start=\"659\" data-end=\"730\">\n<p data-start=\"661\" data-end=\"730\">Visoka uspe\u0161nost \u2013 iskustva korisnika pokazuju\u00a0<strong data-start=\"708\" data-end=\"727\">95% efikasnosti<\/strong>.<\/p>\n<\/li>\n<\/ul>\n<p>&nbsp;<\/p>\n<ul data-start=\"775\" data-end=\"992\">\n<li data-start=\"775\" data-end=\"809\">\n<p data-start=\"777\" data-end=\"809\"><strong data-start=\"777\" data-end=\"799\">Minimalna primena:<\/strong>\u00a01 mesec<\/p>\n<\/li>\n<li data-start=\"810\" data-end=\"846\">\n<p data-start=\"812\" data-end=\"846\"><strong data-start=\"812\" data-end=\"835\">Maksimalna primena:<\/strong>\u00a04 meseca<\/p>\n<\/li>\n<li data-start=\"847\" data-end=\"915\">\n<p data-start=\"849\" data-end=\"915\"><strong data-start=\"849\" data-end=\"863\">Ambalare:<\/strong>\u00a01 bo\u010dica te\u010dnosti dovoljna je za po\u010detni tretman.<\/p>\n<\/li>\n<li data-start=\"916\" data-end=\"992\">\n<p data-start=\"918\" data-end=\"992\">Nakon 4 meseca pravi se pauza, a terapija se mo\u017ee ponavljati po potrebi.<\/p>\n<\/li>\n<\/ul>\n<p>&nbsp;<\/p>\n<p data-start=\"1023\" data-end=\"1147\">Op\u0161ta preporuka:\u00a0<strong data-start=\"1040\" data-end=\"1065\">tretman traje 1 mesec<\/strong>.<br data-start=\"1066\" data-end=\"1069\" \/>Za osobe sklone vaginalnim infekcijama preporu\u010duje se\u00a0<strong data-start=\"1123\" data-end=\"1144\">2\u20133 puta godi\u0161nje<\/strong>.<\/p>\n<p data-start=\"1149\" data-end=\"1176\">\u00a0<strong data-start=\"1152\" data-end=\"1174\">Terapijski ciklus:<\/strong><\/p>\n<ul data-start=\"1177\" data-end=\"1373\">\n<li data-start=\"1177\" data-end=\"1262\">\n<p data-start=\"1179\" data-end=\"1262\"><strong data-start=\"1179\" data-end=\"1195\">Prvi ciklus:<\/strong>\u00a010 dana \u2192 2x dnevno (ujutru i uve\u010de) \u2192 pauza tokom menstruacije.<\/p>\n<\/li>\n<li data-start=\"1263\" data-end=\"1373\">\n<p data-start=\"1265\" data-end=\"1373\"><strong data-start=\"1265\" data-end=\"1282\">Drugi ciklus:<\/strong>\u00a020 dana \u2192 1x dnevno (uve\u010de).<br data-start=\"1311\" data-end=\"1314\" \/>\u00a0Nakon tretmana obavezno uraditi <strong data-start=\"1349\" data-end=\"1370\">kontrolni pregled<\/strong>.<\/p>\n<\/li>\n<\/ul>\n<p>&nbsp;<\/p>\n<h2 data-start=\"1380\" data-end=\"1418\">Ko ne sme da koristi proizvod?<\/h2>\n<p data-start=\"1419\" data-end=\"1443\">\u00a0 \u00a0 \u00a0 \u00a0 Nije preporu\u010dljivo:<\/p>\n<ul data-start=\"1444\" data-end=\"1516\">\n<li data-start=\"1444\" data-end=\"1458\">\n<p data-start=\"1446\" data-end=\"1458\">u trudno\u0107i<\/p>\n<\/li>\n<li data-start=\"1459\" data-end=\"1474\">\n<p data-start=\"1461\" data-end=\"1474\">kod dojilja<\/p>\n<\/li>\n<li data-start=\"1475\" data-end=\"1516\">\n<p data-start=\"1477\" data-end=\"1516\">kod osoba osetljivih na eteri\u010dna ulja<\/p>\n<\/li>\n<\/ul>\n<p>&nbsp;<\/p>\n<h2 data-start=\"1523\" data-end=\"1553\">Sertifikati i sigurnost<\/h2>\n<ul data-start=\"1554\" data-end=\"1668\">\n<li data-start=\"1554\" data-end=\"1595\">\n<p data-start=\"1556\" data-end=\"1595\">Proizvod je\u00a0<strong data-start=\"1568\" data-end=\"1592\">zdravstveno ispravan<\/strong>.<\/p>\n<\/li>\n<li data-start=\"1596\" data-end=\"1668\">\n<p data-start=\"1598\" data-end=\"1668\">Nosilac je\u00a0<strong data-start=\"1609\" data-end=\"1665\">\u017eiga kvaliteta aromaterapeutskog standarda Aroma Tea<\/strong>.<\/p>\n<\/li>\n<\/ul>\n<p>&nbsp;<\/p>\n<p>uljje<\/p>\n<h2 data-start=\"1675\" data-end=\"1695\">Sastav (INC)<\/h2>\n<ul data-start=\"1696\" data-end=\"1922\">\n<li data-start=\"1696\" data-end=\"1889\">\n<p data-start=\"1698\" data-end=\"1889\"><strong data-start=\"1698\" data-end=\"1707\">Ulja:<\/strong>\u00a0Hypericum perforatum, Calopyllum inophyllum, Cinnamomum camphora, Melaleuca alternifolia, Lavandula angustifolia, Cymbopogon martini var. motia, Origanum majorana, Thymus vulgaris<\/p>\n<\/li>\n<li data-start=\"1890\" data-end=\"1922\">\n<p data-start=\"1892\" data-end=\"1922\"><strong data-start=\"1892\" data-end=\"1909\">Antioksidant:<\/strong>\u00a0Tocopherol<\/p>\n<\/li>\n<\/ul>","protected":false},"featured_media":8933,"template":"","meta":[],"product_brand":[3263],"product_cat":[3054,88],"product_tag":[938,1353,3267,1242,3262,3259,3265,3266,3264],"class_list":{"0":"post-8932","1":"product","2":"type-product","3":"status-publish","4":"has-post-thumbnail","6":"product_brand-aromatea","7":"product_cat-akcija","8":"product_cat-intimna-nega","9":"product_tag-cajno-drvo","10":"product_tag-kamfor","11":"product_tag-majoran","12":"product_tag-timijan","13":"product_tag-tokoferol","14":"product_tag-ulje-kantariona","15":"product_tag-ulje-lavande","16":"product_tag-ulje-palmerose","17":"product_tag-ulje-tamanua","19":"first","20":"instock","21":"shipping-taxable","22":"purchasable","23":"product-type-simple"},"ams_default_variation_id":0,"ams_product_points_reward":[],"ams_product_discount_percentage":0,"ams_price_to_display":3150,"ams_acf":[],"jetpack_sharing_enabled":true,"_links":{"self":[{"href":"https:\/\/apotekar-online.rs\/ro\/wp-json\/wp\/v2\/product\/8932","targetHints":{"allow":["GET"]}}],"collection":[{"href":"https:\/\/apotekar-online.rs\/ro\/wp-json\/wp\/v2\/product"}],"about":[{"href":"https:\/\/apotekar-online.rs\/ro\/wp-json\/wp\/v2\/types\/product"}],"wp:featuredmedia":[{"embeddable":true,"href":"https:\/\/apotekar-online.rs\/ro\/wp-json\/wp\/v2\/media\/8933"}],"wp:attachment":[{"href":"https:\/\/apotekar-online.rs\/ro\/wp-json\/wp\/v2\/media?parent=8932"}],"wp:term":[{"taxonomy":"product_brand","embeddable":true,"href":"https:\/\/apotekar-online.rs\/ro\/wp-json\/wp\/v2\/product_brand?post=8932"},{"taxonomy":"product_cat","embeddable":true,"href":"https:\/\/apotekar-online.rs\/ro\/wp-json\/wp\/v2\/product_cat?post=8932"},{"taxonomy":"product_tag","embeddable":true,"href":"https:\/\/apotekar-online.rs\/ro\/wp-json\/wp\/v2\/product_tag?post=8932"}],"curies":[{"name":"wp","href":"https:\/\/api.w.org\/{rel}","templated":true}]}}