{"id":8968,"date":"2026-03-24T15:34:40","date_gmt":"2026-03-24T17:34:40","guid":{"rendered":"https:\/\/apotekar-online.rs\/?post_type=product&#038;p=8968"},"modified":"2026-03-24T15:34:40","modified_gmt":"2026-03-24T17:34:40","slug":"octenisept-rastvor-za-kozu-1mg20mg-g-250ml","status":"publish","type":"product","link":"https:\/\/apotekar-online.rs\/ro\/p\/octenisept-rastvor-za-kozu-1mg20mg-g-250ml\/","title":{"rendered":"Octenisept rastvor za ko\u017eu, (1mg+20mg)\/g, 250ml"},"content":{"rendered":"","protected":false},"excerpt":{"rendered":"<div id=\"description\" class=\"product-content__block product-content__block--description\" aria-labelledby=\"description_tab\">\n<h2 class=\"product-content__block-heading\">Descriere<\/h2>\n<p><strong>antiseptik za dezinfekciju rana i sluzoko\u017ee<\/strong><\/p>\n<p><strong>PRIMENA:<\/strong><\/p>\n<div><strong>octenisept<\/strong>\u00a0vodeni rastvor namenjen za dezinfekciju ko\u017ee i sluzoko\u017ee. Preparat se koristi za ponovljeni, kratkotrajni antisepti\u010dni tretman sluznica i okolne ko\u017ee pre dijagnosti\u010dkih i operativnih zahvata u ano-genitalnoj regiji vagine, spolja\u0161njem delu \u017eenskih polnih organa, vrhu penisa, zatim pre kateterizacije be\u0161ike, za dezinfekciju usne \u0161upljine i kao ponovljena terapija gljivi\u010dnih infekcija izmedu prstiju, kao i antisepti\u010dni tretman rana.<\/div>\n<div><\/div>\n<p>Antimikrobno dejstvo se ispoljava dejstvom protiv bakterija, gljivica i lipofilnih virusa (uklj. Herpes simplex, virusa HIV-a, virus hepatitisa B). Spektri dejstva oktenidina i fenoksietanola se dopunjuju. Klini\u010dke studije vezane za dejstvo na sluzoko\u017ei vagine i sluzoko\u017ei usta pokazale su zna\u010dajno smanjenje broja klica kako kratkoro\u010dno tako i dugoro\u010dno. Oktenidin-dihidrohlorid se ne resorbuje kroz ko\u017eu ili sluzoko\u017eu, a fenoksietanol se resorbuje u malim koli\u010dinama i nema sistemskog delovanja<\/p>\n<p>&nbsp;<\/p>\n<p><strong>APLIKACIJA :<\/strong><\/p>\n<p><strong>octenisept<\/strong>\u00a0vodeni rastvor direktno na\u0161pricati na povr\u0161inu sluznice ili rane.<\/p>\n<p>Sterilnim tupferom povr\u0161inu o\u010distiti od naslaga bilo\u0161ke eksudacije ili prljav\u0161tine, krenuv\u0161i od centra ka periferiji rane.<\/p>\n<p>Rastvorom jo\u0161 jednom pre\u0161pricati o\u010di\u0161\u0107enu povr\u0161inu i sa\u010dekati da se prosu\u0161i pre postavljanja obloge.<\/p>\n<p>&nbsp;<\/p>\n<p><strong>\u0160IROKO PRIMENLJIV<\/strong><\/p>\n<p><strong>octenisept\u00a0<\/strong>je \u0161iroko primenljiv preparat i to za:<\/p>\n<p>&#8211; mlade i stare osobe,<\/p>\n<p>&#8211; mu\u0161karce i \u017eene<\/p>\n<p>&#8211; trudnice, porodilje,\u00a0dojilje.<\/p>\n<p><strong>LAK ZA UPOTREBU<\/strong><\/p>\n<p><strong>octenisept\u00a0<\/strong>je lak za upotrebu, jer je::<\/p>\n<p>&#8211; bezbojan i odmah spreman za upotrebu,<\/p>\n<p>&#8211; dobra vidljivost posle inspekcije,<\/p>\n<p>&#8211; ne ostavlja mrlje,<\/p>\n<p>&#8211; jednostavan za upotrebu.<\/p>\n<p>&nbsp;<\/p>\n<p><strong>PODNO\u0160LJIV<\/strong><\/p>\n<p><strong>octenisept\u00a0<\/strong>se jako dobro podnosi, jer u mnogim pregledima se pokazalo da\u00a0<strong>octenisept\u00a0<\/strong>:<\/p>\n<p>&#8211; ima jako dobru lokalnu podno\u0161ljivost,<\/p>\n<p>&#8211; pospe\u0161uje zarastanje rana,<\/p>\n<p>&#8211; besprekorne je farmakokinetike i toksikolo\u0161ki bezbedan.<\/p>\n<p>&#8211; aktivan supstanca Octenidin se ne resorbuje.<\/p>\n<p>&nbsp;<\/p>\n<p><strong>POUZDAN:<\/strong><\/p>\n<p><strong>octenisept<\/strong>\u00a0nudi visoku sigurnost, jer je<\/p>\n<p>&#8211; vreme kontaktnog dejstva je 1 min. nema \u010dekanja u praksi<\/p>\n<p>&#8211; dugotrajno profilakti\u010dko delovanje<\/p>\n<p>&#8211; o\u010duvano dejstvo i uz prisustvo sekreta.<\/p>\n<\/div>\n<div id=\"details\" class=\"product-content__block product-content__block--details\" aria-labelledby=\"details_tab\">\n<h2 class=\"product-content__block-heading\">Informa\u0163ii<\/h2>\n<div class=\"product-details\">\n<div class=\"product-attributes\">\n<div class=\"product-attributes__item product-attributes__item--odd\">\n<div class=\"product-attributes__label\">Categorii<\/div>\n<div class=\"product-attributes__value\"><a href=\"https:\/\/prodaja.zelena-apoteka.com\/catalog\/antisepticka-i-dezinfekciona-sredstva-31055\">Antisepti\u010dka i dezinfekciona sredstva<\/a><\/div>\n<\/div>\n<div class=\"product-attributes__item product-attributes__item--even\">\n<div class=\"product-attributes__label\">Produc\u0103tor<\/div>\n<div class=\"product-attributes__value\"><a href=\"https:\/\/prodaja.zelena-apoteka.com\/catalog\/brand\/octenisept-1004760\">Octenisept<\/a><\/div>\n<\/div>\n<\/div>\n<\/div>\n<\/div>","protected":false},"featured_media":8966,"template":"","meta":[],"product_brand":[],"product_cat":[3054,150],"product_tag":[1709],"class_list":{"0":"post-8968","1":"product","2":"type-product","3":"status-publish","4":"has-post-thumbnail","6":"product_cat-akcija","7":"product_cat-dezinficijensi","8":"product_tag-betty","10":"first","11":"instock","12":"sale","13":"shipping-taxable","14":"purchasable","15":"product-type-simple"},"ams_default_variation_id":0,"ams_product_points_reward":[],"ams_product_discount_percentage":0,"ams_price_to_display":1945.8,"ams_acf":[],"jetpack_sharing_enabled":true,"_links":{"self":[{"href":"https:\/\/apotekar-online.rs\/ro\/wp-json\/wp\/v2\/product\/8968","targetHints":{"allow":["GET"]}}],"collection":[{"href":"https:\/\/apotekar-online.rs\/ro\/wp-json\/wp\/v2\/product"}],"about":[{"href":"https:\/\/apotekar-online.rs\/ro\/wp-json\/wp\/v2\/types\/product"}],"wp:featuredmedia":[{"embeddable":true,"href":"https:\/\/apotekar-online.rs\/ro\/wp-json\/wp\/v2\/media\/8966"}],"wp:attachment":[{"href":"https:\/\/apotekar-online.rs\/ro\/wp-json\/wp\/v2\/media?parent=8968"}],"wp:term":[{"taxonomy":"product_brand","embeddable":true,"href":"https:\/\/apotekar-online.rs\/ro\/wp-json\/wp\/v2\/product_brand?post=8968"},{"taxonomy":"product_cat","embeddable":true,"href":"https:\/\/apotekar-online.rs\/ro\/wp-json\/wp\/v2\/product_cat?post=8968"},{"taxonomy":"product_tag","embeddable":true,"href":"https:\/\/apotekar-online.rs\/ro\/wp-json\/wp\/v2\/product_tag?post=8968"}],"curies":[{"name":"wp","href":"https:\/\/api.w.org\/{rel}","templated":true}]}}