{"id":8999,"date":"2026-04-03T16:27:40","date_gmt":"2026-04-03T18:27:40","guid":{"rendered":"https:\/\/apotekar-online.rs\/?post_type=product&#038;p=8999"},"modified":"2026-04-03T16:27:40","modified_gmt":"2026-04-03T18:27:40","slug":"natural-wealth-5-magnezijum-375-mg-60-kapsula-2","status":"publish","type":"product","link":"https:\/\/apotekar-online.rs\/ro\/p\/natural-wealth-5-magnezijum-375-mg-60-kapsula-2\/","title":{"rendered":"Natural Wealth 5 Magnezijum 375 mg, 60 kapsula"},"content":{"rendered":"","protected":false},"excerpt":{"rendered":"<div class=\"wysiwyg\">\n<h2>Descriere produs<\/h2>\n<p>Za podsticanje probave i\u00a0smirenje \u017eeluda\u010dnih tegoba, za energiju i\u00a0smanjenje hroni\u010dnog umora, pripremu\u00a0mi\u0161i\u0107a za fizi\u010dku aktivnost, pomo\u0107\u00a0kod glavobolja, smanjenje anksioznosti, odr\u017eavanje ravnote\u017ee elektolita.<\/p>\n<h2>Dozaj \u0219i mod de administrare<\/h2>\n<p>1 capsula pe zi.<\/p>\n<h2>Compozi\u0163ie<\/h2>\n<p>375mg magnezijuma (magnezijum-malat, magnezijum-oksid, magnezijum-askorbat, magnezijum-citrat, magnezijum-bisglicinat)\n<\/p><\/div>\n<div class=\"product-info\">\n<h3 class=\"title\"><i class=\"icon-clipboard mr-1\" aria-hidden=\"true\"><\/i>\u00a0Informa\u021bii suplimentare<\/h3>\n<table class=\"info-table\">\n<tbody>\n<tr>\n<th>Produc\u0103tor:<\/th>\n<td><a href=\"https:\/\/benu.rs\/natural-wealth-1614072094\">Bog\u0103\u021bia natural\u0103<\/a><\/td>\n<\/tr>\n<tr>\n<th>EAN kod:<\/th>\n<td>3859894315069<\/td>\n<\/tr>\n<tr>\n<th>Brend:<\/th>\n<td><a href=\"https:\/\/benu.rs\/natural-wealth\">Bog\u0103\u021bia natural\u0103<\/a><\/td>\n<\/tr>\n<tr>\n<th>Caracteristici:<\/th>\n<td>Sadr\u017ei punu dnevnu dozu od 375 mg magnezijuma iz 5 razli\u010ditih izvora.<\/td>\n<\/tr>\n<tr>\n<th>Osobine artikla:<\/th>\n<td>Visoka bioraspolo\u017eivost.<\/td>\n<\/tr>\n<tr>\n<th>Osobine artikla:<\/th>\n<td>Za energiju i smanjenje hroni\u010dnog umora i iscrpljenosti.<\/td>\n<\/tr>\n<tr>\n<th>\u021aara de origine:<\/th>\n<td>EU<\/td>\n<\/tr>\n<tr>\n<th>Uvoznik za Srbiju:<\/th>\n<td>MILSING<\/td>\n<\/tr>\n<\/tbody>\n<\/table>\n<\/div>","protected":false},"featured_media":9000,"template":"","meta":[],"product_brand":[3098],"product_cat":[3054],"product_tag":[1709,3285,323,3284,3281],"class_list":{"0":"post-8999","1":"product","2":"type-product","3":"status-publish","4":"has-post-thumbnail","6":"product_brand-natural-wealth","7":"product_cat-akcija","8":"product_tag-betty","9":"product_tag-citrat","10":"product_tag-magnezijum","11":"product_tag-malat","12":"product_tag-oksid","14":"first","15":"instock","16":"sale","17":"shipping-taxable","18":"purchasable","19":"product-type-simple"},"ams_default_variation_id":0,"ams_product_points_reward":[],"ams_product_discount_percentage":20,"ams_price_to_display":1048.8,"ams_acf":[],"jetpack_sharing_enabled":true,"_links":{"self":[{"href":"https:\/\/apotekar-online.rs\/ro\/wp-json\/wp\/v2\/product\/8999","targetHints":{"allow":["GET"]}}],"collection":[{"href":"https:\/\/apotekar-online.rs\/ro\/wp-json\/wp\/v2\/product"}],"about":[{"href":"https:\/\/apotekar-online.rs\/ro\/wp-json\/wp\/v2\/types\/product"}],"wp:featuredmedia":[{"embeddable":true,"href":"https:\/\/apotekar-online.rs\/ro\/wp-json\/wp\/v2\/media\/9000"}],"wp:attachment":[{"href":"https:\/\/apotekar-online.rs\/ro\/wp-json\/wp\/v2\/media?parent=8999"}],"wp:term":[{"taxonomy":"product_brand","embeddable":true,"href":"https:\/\/apotekar-online.rs\/ro\/wp-json\/wp\/v2\/product_brand?post=8999"},{"taxonomy":"product_cat","embeddable":true,"href":"https:\/\/apotekar-online.rs\/ro\/wp-json\/wp\/v2\/product_cat?post=8999"},{"taxonomy":"product_tag","embeddable":true,"href":"https:\/\/apotekar-online.rs\/ro\/wp-json\/wp\/v2\/product_tag?post=8999"}],"curies":[{"name":"wp","href":"https:\/\/api.w.org\/{rel}","templated":true}]}}