{"id":9004,"date":"2026-04-03T17:19:37","date_gmt":"2026-04-03T19:19:37","guid":{"rendered":"https:\/\/apotekar-online.rs\/?post_type=product&#038;p=9004"},"modified":"2026-04-03T17:19:37","modified_gmt":"2026-04-03T19:19:37","slug":"neo-angin-oriblete-bez-secera-24-tablete","status":"publish","type":"product","link":"https:\/\/apotekar-online.rs\/ro\/p\/neo-angin-oriblete-bez-secera-24-tablete\/","title":{"rendered":"Neo-Angin oriblete bez \u0161e\u0107era, 24 tablete"},"content":{"rendered":"","protected":false},"excerpt":{"rendered":"<p>NEO-ANGIN ORIBLETE BEZ \u0160E\u0106ERA A\/24 su pastile koje se koriste za ubla\u017eavanje simptoma upale grla i usne \u0161upljine. Ovaj proizvod brenda Klosterfrau sadr\u017ei aktivne sastojke koji poma\u017eu u smanjenju nelagodnosti i iritacije, pru\u017eaju\u0107i olak\u0161anje prilikom gutanja. Pastile su bez \u0161e\u0107era, \u0161to ih \u010dini pogodnim za osobe koje prate unos \u0161e\u0107era ili imaju dijabetes. Pored toga, dolaze u prakti\u010dnom pakovanju od 24 pastile, \u0161to ih \u010dini jednostavnim za upotrebu i no\u0161enje.<\/p>\n<p><strong>Scop<\/strong><\/p>\n<ul>\n<li>Ubla\u017eavanje simptoma upale grla<\/li>\n<li>Olak\u0161anje iritacije u usnoj \u0161upljini<\/li>\n<li>Pomo\u0107 pri gutanju<\/li>\n<li>Prikladno za osobe koje izbegavaju \u0161e\u0107er<\/li>\n<\/ul>\n<p>&nbsp;<\/p>\n<p><strong>Mod de utilizare<\/strong><\/p>\n<p>Preporu\u010duje se da se pastile NEO-ANGIN polako otapaju u ustima, ne \u017eva\u0107u\u0107i ih. Odrasli i deca starija od 6 godina mogu uzimati 1 pastilu svaka 2 do 3 sata, ali ne vi\u0161e od 6 pastila dnevno. U slu\u010daju da simptomi potraju du\u017ee od nekoliko dana, preporu\u010duje se konsultacija sa lekarom. Pastile se ne smeju koristiti du\u017ee od preporu\u010denog perioda bez medicinske konsultacije.<\/p>","protected":false},"featured_media":9005,"template":"","meta":[],"product_brand":[],"product_cat":[3054],"product_tag":[1709],"class_list":{"0":"post-9004","1":"product","2":"type-product","3":"status-publish","4":"has-post-thumbnail","6":"product_cat-akcija","7":"product_tag-betty","9":"first","10":"instock","11":"shipping-taxable","12":"product-type-simple"},"ams_default_variation_id":0,"ams_product_points_reward":[],"ams_product_discount_percentage":0,"ams_price_to_display":0,"ams_acf":[],"jetpack_sharing_enabled":true,"_links":{"self":[{"href":"https:\/\/apotekar-online.rs\/ro\/wp-json\/wp\/v2\/product\/9004","targetHints":{"allow":["GET"]}}],"collection":[{"href":"https:\/\/apotekar-online.rs\/ro\/wp-json\/wp\/v2\/product"}],"about":[{"href":"https:\/\/apotekar-online.rs\/ro\/wp-json\/wp\/v2\/types\/product"}],"wp:featuredmedia":[{"embeddable":true,"href":"https:\/\/apotekar-online.rs\/ro\/wp-json\/wp\/v2\/media\/9005"}],"wp:attachment":[{"href":"https:\/\/apotekar-online.rs\/ro\/wp-json\/wp\/v2\/media?parent=9004"}],"wp:term":[{"taxonomy":"product_brand","embeddable":true,"href":"https:\/\/apotekar-online.rs\/ro\/wp-json\/wp\/v2\/product_brand?post=9004"},{"taxonomy":"product_cat","embeddable":true,"href":"https:\/\/apotekar-online.rs\/ro\/wp-json\/wp\/v2\/product_cat?post=9004"},{"taxonomy":"product_tag","embeddable":true,"href":"https:\/\/apotekar-online.rs\/ro\/wp-json\/wp\/v2\/product_tag?post=9004"}],"curies":[{"name":"wp","href":"https:\/\/api.w.org\/{rel}","templated":true}]}}